{"id":1832,"date":"2025-11-01T08:42:47","date_gmt":"2025-11-01T01:42:47","guid":{"rendered":"https:\/\/hopphatfoods.com\/?post_type=product&#038;p=1832"},"modified":"2025-11-25T16:14:21","modified_gmt":"2025-11-25T09:14:21","slug":"kingwell-hop-giay-56g","status":"publish","type":"product","link":"https:\/\/hopphatfoods.com\/vi\/san-pham\/kingwell-hop-giay-56g\/","title":{"rendered":"B\u00e1nh Quy Kingwell H\u1ed9p Gi\u1ea5y 56g"},"content":{"rendered":"<p>&nbsp;<\/p>\n<p>&nbsp;<\/p>\n","protected":false},"excerpt":{"rendered":"<p>H\u1ed9p b\u00e1nh quy Kingwell t\u1ed5ng h\u1ee3p 56g c\u1ef1c k\u1ef3 ti\u1ec7n v\u00e0 h\u1ee3p l\u00fd \u0111\u1ec3 l\u00e0m qu\u00e0 bi\u1ebfu,mang \u0111i pinic,l\u00e0m tr\u00e1p l\u1ec5&#8230;do thi\u1ebft k\u1ebf b\u1eaft m\u1eaft, nh\u1ecf g\u1ecdn,mix nhi\u1ec1u v\u1ecb b\u00e1nh quy ngon d\u1ec5 \u0103n kh\u00f4ng b\u1ecb ng\u00e1n.<\/p>\n<p>&#8211; S\u1ea3n ph\u1ea9m c\u00f3 ngu\u1ed3n g\u1ed1c r\u00f5 r\u00e0ng: Indonesia<\/p>\n<p>&nbsp;<\/p>\n","protected":false},"featured_media":2045,"comment_status":"closed","ping_status":"closed","template":"","meta":[],"product_brand":[72],"product_cat":[15],"product_tag":[189,193,191,188,190],"class_list":{"0":"post-1832","1":"product","2":"type-product","3":"status-publish","4":"has-post-thumbnail","6":"product_brand-kingwell","7":"product_cat-banh-quy","8":"product_tag-banh-hop-giay","9":"product_tag-banh-hop-vuong","10":"product_tag-banh-kingwell","11":"product_tag-banh-le","12":"product_tag-banh-xep-thap","14":"first","15":"instock","16":"shipping-taxable","17":"product-type-simple"},"acf":[],"yoast_head":"<!-- This site is optimized with the Yoast SEO plugin v27.3 - https:\/\/yoast.com\/product\/yoast-seo-wordpress\/ -->\n<title>B\u00e1nh Quy Kingwell H\u1ed9p Gi\u1ea5y 56g - H\u1ee3p Ph\u00e1t Foods<\/title>\n<meta name=\"robots\" content=\"index, follow, max-snippet:-1, max-image-preview:large, max-video-preview:-1\" \/>\n<link rel=\"canonical\" href=\"https:\/\/hopphatfoods.com\/vi\/san-pham\/kingwell-hop-giay-56g\/\" \/>\n<meta property=\"og:locale\" content=\"vi_VN\" \/>\n<meta property=\"og:type\" content=\"article\" \/>\n<meta property=\"og:title\" content=\"B\u00e1nh Quy Kingwell H\u1ed9p Gi\u1ea5y 56g - H\u1ee3p Ph\u00e1t Foods\" \/>\n<meta property=\"og:description\" content=\"H\u1ed9p b\u00e1nh quy Kingwell t\u1ed5ng h\u1ee3p 56g c\u1ef1c k\u1ef3 ti\u1ec7n v\u00e0 h\u1ee3p l\u00fd \u0111\u1ec3 l\u00e0m qu\u00e0 bi\u1ebfu,mang \u0111i pinic,l\u00e0m tr\u00e1p l\u1ec5...do thi\u1ebft k\u1ebf b\u1eaft m\u1eaft, nh\u1ecf g\u1ecdn,mix nhi\u1ec1u v\u1ecb b\u00e1nh quy ngon d\u1ec5 \u0103n kh\u00f4ng b\u1ecb ng\u00e1n.  - S\u1ea3n ph\u1ea9m c\u00f3 ngu\u1ed3n g\u1ed1c r\u00f5 r\u00e0ng: Indonesia  &nbsp;\" \/>\n<meta property=\"og:url\" content=\"https:\/\/hopphatfoods.com\/vi\/san-pham\/kingwell-hop-giay-56g\/\" \/>\n<meta property=\"og:site_name\" content=\"H\u1ee3p Ph\u00e1t Foods\" \/>\n<meta property=\"article:modified_time\" content=\"2025-11-25T09:14:21+00:00\" \/>\n<meta property=\"og:image\" content=\"https:\/\/hopphatfoods.com\/wp-content\/uploads\/2025\/11\/Kingwell_56g.png\" \/>\n\t<meta property=\"og:image:width\" content=\"1080\" \/>\n\t<meta property=\"og:image:height\" content=\"1080\" \/>\n\t<meta property=\"og:image:type\" content=\"image\/png\" \/>\n<meta name=\"twitter:card\" content=\"summary_large_image\" \/>\n<meta name=\"twitter:label1\" content=\"\u01af\u1edbc t\u00ednh th\u1eddi gian \u0111\u1ecdc\" \/>\n\t<meta name=\"twitter:data1\" content=\"1 ph\u00fat\" \/>\n<script type=\"application\/ld+json\" class=\"yoast-schema-graph\">{\"@context\":\"https:\\\/\\\/schema.org\",\"@graph\":[{\"@type\":\"WebPage\",\"@id\":\"https:\\\/\\\/hopphatfoods.com\\\/vi\\\/san-pham\\\/kingwell-hop-giay-56g\\\/\",\"url\":\"https:\\\/\\\/hopphatfoods.com\\\/vi\\\/san-pham\\\/kingwell-hop-giay-56g\\\/\",\"name\":\"B\u00e1nh Quy Kingwell H\u1ed9p Gi\u1ea5y 56g - H\u1ee3p Ph\u00e1t Foods\",\"isPartOf\":{\"@id\":\"https:\\\/\\\/hopphatfoods.com\\\/#website\"},\"primaryImageOfPage\":{\"@id\":\"https:\\\/\\\/hopphatfoods.com\\\/vi\\\/san-pham\\\/kingwell-hop-giay-56g\\\/#primaryimage\"},\"image\":{\"@id\":\"https:\\\/\\\/hopphatfoods.com\\\/vi\\\/san-pham\\\/kingwell-hop-giay-56g\\\/#primaryimage\"},\"thumbnailUrl\":\"https:\\\/\\\/hopphatfoods.com\\\/wp-content\\\/uploads\\\/2025\\\/11\\\/Kingwell_56g.png\",\"datePublished\":\"2025-11-01T01:42:47+00:00\",\"dateModified\":\"2025-11-25T09:14:21+00:00\",\"breadcrumb\":{\"@id\":\"https:\\\/\\\/hopphatfoods.com\\\/vi\\\/san-pham\\\/kingwell-hop-giay-56g\\\/#breadcrumb\"},\"inLanguage\":\"vi\",\"potentialAction\":[{\"@type\":\"ReadAction\",\"target\":[\"https:\\\/\\\/hopphatfoods.com\\\/vi\\\/san-pham\\\/kingwell-hop-giay-56g\\\/\"]}]},{\"@type\":\"ImageObject\",\"inLanguage\":\"vi\",\"@id\":\"https:\\\/\\\/hopphatfoods.com\\\/vi\\\/san-pham\\\/kingwell-hop-giay-56g\\\/#primaryimage\",\"url\":\"https:\\\/\\\/hopphatfoods.com\\\/wp-content\\\/uploads\\\/2025\\\/11\\\/Kingwell_56g.png\",\"contentUrl\":\"https:\\\/\\\/hopphatfoods.com\\\/wp-content\\\/uploads\\\/2025\\\/11\\\/Kingwell_56g.png\",\"width\":1080,\"height\":1080},{\"@type\":\"BreadcrumbList\",\"@id\":\"https:\\\/\\\/hopphatfoods.com\\\/vi\\\/san-pham\\\/kingwell-hop-giay-56g\\\/#breadcrumb\",\"itemListElement\":[{\"@type\":\"ListItem\",\"position\":1,\"name\":\"Trang ch\u1ee7\",\"item\":\"https:\\\/\\\/hopphatfoods.com\\\/\"},{\"@type\":\"ListItem\",\"position\":2,\"name\":\"C\u1eeda h\u00e0ng\",\"item\":\"https:\\\/\\\/hopphatfoods.com\\\/vi\\\/cua-hang\\\/\"},{\"@type\":\"ListItem\",\"position\":3,\"name\":\"B\u00e1nh Quy Kingwell H\u1ed9p Gi\u1ea5y 56g\"}]},{\"@type\":\"WebSite\",\"@id\":\"https:\\\/\\\/hopphatfoods.com\\\/#website\",\"url\":\"https:\\\/\\\/hopphatfoods.com\\\/\",\"name\":\"H\u1ee3p Ph\u00e1t Foods\",\"description\":\"\",\"publisher\":{\"@id\":\"https:\\\/\\\/hopphatfoods.com\\\/#organization\"},\"potentialAction\":[{\"@type\":\"SearchAction\",\"target\":{\"@type\":\"EntryPoint\",\"urlTemplate\":\"https:\\\/\\\/hopphatfoods.com\\\/?s={search_term_string}\"},\"query-input\":{\"@type\":\"PropertyValueSpecification\",\"valueRequired\":true,\"valueName\":\"search_term_string\"}}],\"inLanguage\":\"vi\"},{\"@type\":\"Organization\",\"@id\":\"https:\\\/\\\/hopphatfoods.com\\\/#organization\",\"name\":\"H\u1ee3p Ph\u00e1t Foods\",\"url\":\"https:\\\/\\\/hopphatfoods.com\\\/\",\"logo\":{\"@type\":\"ImageObject\",\"inLanguage\":\"vi\",\"@id\":\"https:\\\/\\\/hopphatfoods.com\\\/#\\\/schema\\\/logo\\\/image\\\/\",\"url\":\"https:\\\/\\\/hopphatfoods.com\\\/wp-content\\\/uploads\\\/2024\\\/12\\\/logo.png\",\"contentUrl\":\"https:\\\/\\\/hopphatfoods.com\\\/wp-content\\\/uploads\\\/2024\\\/12\\\/logo.png\",\"width\":450,\"height\":124,\"caption\":\"H\u1ee3p Ph\u00e1t Foods\"},\"image\":{\"@id\":\"https:\\\/\\\/hopphatfoods.com\\\/#\\\/schema\\\/logo\\\/image\\\/\"}}]}<\/script>\n<!-- \/ Yoast SEO plugin. -->","yoast_head_json":{"title":"B\u00e1nh Quy Kingwell H\u1ed9p Gi\u1ea5y 56g - H\u1ee3p Ph\u00e1t Foods","robots":{"index":"index","follow":"follow","max-snippet":"max-snippet:-1","max-image-preview":"max-image-preview:large","max-video-preview":"max-video-preview:-1"},"canonical":"https:\/\/hopphatfoods.com\/vi\/san-pham\/kingwell-hop-giay-56g\/","og_locale":"vi_VN","og_type":"article","og_title":"B\u00e1nh Quy Kingwell H\u1ed9p Gi\u1ea5y 56g - H\u1ee3p Ph\u00e1t Foods","og_description":"H\u1ed9p b\u00e1nh quy Kingwell t\u1ed5ng h\u1ee3p 56g c\u1ef1c k\u1ef3 ti\u1ec7n v\u00e0 h\u1ee3p l\u00fd \u0111\u1ec3 l\u00e0m qu\u00e0 bi\u1ebfu,mang \u0111i pinic,l\u00e0m tr\u00e1p l\u1ec5...do thi\u1ebft k\u1ebf b\u1eaft m\u1eaft, nh\u1ecf g\u1ecdn,mix nhi\u1ec1u v\u1ecb b\u00e1nh quy ngon d\u1ec5 \u0103n kh\u00f4ng b\u1ecb ng\u00e1n.  - S\u1ea3n ph\u1ea9m c\u00f3 ngu\u1ed3n g\u1ed1c r\u00f5 r\u00e0ng: Indonesia  &nbsp;","og_url":"https:\/\/hopphatfoods.com\/vi\/san-pham\/kingwell-hop-giay-56g\/","og_site_name":"H\u1ee3p Ph\u00e1t Foods","article_modified_time":"2025-11-25T09:14:21+00:00","og_image":[{"width":1080,"height":1080,"url":"https:\/\/hopphatfoods.com\/wp-content\/uploads\/2025\/11\/Kingwell_56g.png","type":"image\/png"}],"twitter_card":"summary_large_image","twitter_misc":{"\u01af\u1edbc t\u00ednh th\u1eddi gian \u0111\u1ecdc":"1 ph\u00fat"},"schema":{"@context":"https:\/\/schema.org","@graph":[{"@type":"WebPage","@id":"https:\/\/hopphatfoods.com\/vi\/san-pham\/kingwell-hop-giay-56g\/","url":"https:\/\/hopphatfoods.com\/vi\/san-pham\/kingwell-hop-giay-56g\/","name":"B\u00e1nh Quy Kingwell H\u1ed9p Gi\u1ea5y 56g - H\u1ee3p Ph\u00e1t Foods","isPartOf":{"@id":"https:\/\/hopphatfoods.com\/#website"},"primaryImageOfPage":{"@id":"https:\/\/hopphatfoods.com\/vi\/san-pham\/kingwell-hop-giay-56g\/#primaryimage"},"image":{"@id":"https:\/\/hopphatfoods.com\/vi\/san-pham\/kingwell-hop-giay-56g\/#primaryimage"},"thumbnailUrl":"https:\/\/hopphatfoods.com\/wp-content\/uploads\/2025\/11\/Kingwell_56g.png","datePublished":"2025-11-01T01:42:47+00:00","dateModified":"2025-11-25T09:14:21+00:00","breadcrumb":{"@id":"https:\/\/hopphatfoods.com\/vi\/san-pham\/kingwell-hop-giay-56g\/#breadcrumb"},"inLanguage":"vi","potentialAction":[{"@type":"ReadAction","target":["https:\/\/hopphatfoods.com\/vi\/san-pham\/kingwell-hop-giay-56g\/"]}]},{"@type":"ImageObject","inLanguage":"vi","@id":"https:\/\/hopphatfoods.com\/vi\/san-pham\/kingwell-hop-giay-56g\/#primaryimage","url":"https:\/\/hopphatfoods.com\/wp-content\/uploads\/2025\/11\/Kingwell_56g.png","contentUrl":"https:\/\/hopphatfoods.com\/wp-content\/uploads\/2025\/11\/Kingwell_56g.png","width":1080,"height":1080},{"@type":"BreadcrumbList","@id":"https:\/\/hopphatfoods.com\/vi\/san-pham\/kingwell-hop-giay-56g\/#breadcrumb","itemListElement":[{"@type":"ListItem","position":1,"name":"Trang ch\u1ee7","item":"https:\/\/hopphatfoods.com\/"},{"@type":"ListItem","position":2,"name":"C\u1eeda h\u00e0ng","item":"https:\/\/hopphatfoods.com\/vi\/cua-hang\/"},{"@type":"ListItem","position":3,"name":"B\u00e1nh Quy Kingwell H\u1ed9p Gi\u1ea5y 56g"}]},{"@type":"WebSite","@id":"https:\/\/hopphatfoods.com\/#website","url":"https:\/\/hopphatfoods.com\/","name":"H\u1ee3p Ph\u00e1t Foods","description":"","publisher":{"@id":"https:\/\/hopphatfoods.com\/#organization"},"potentialAction":[{"@type":"SearchAction","target":{"@type":"EntryPoint","urlTemplate":"https:\/\/hopphatfoods.com\/?s={search_term_string}"},"query-input":{"@type":"PropertyValueSpecification","valueRequired":true,"valueName":"search_term_string"}}],"inLanguage":"vi"},{"@type":"Organization","@id":"https:\/\/hopphatfoods.com\/#organization","name":"H\u1ee3p Ph\u00e1t Foods","url":"https:\/\/hopphatfoods.com\/","logo":{"@type":"ImageObject","inLanguage":"vi","@id":"https:\/\/hopphatfoods.com\/#\/schema\/logo\/image\/","url":"https:\/\/hopphatfoods.com\/wp-content\/uploads\/2024\/12\/logo.png","contentUrl":"https:\/\/hopphatfoods.com\/wp-content\/uploads\/2024\/12\/logo.png","width":450,"height":124,"caption":"H\u1ee3p Ph\u00e1t Foods"},"image":{"@id":"https:\/\/hopphatfoods.com\/#\/schema\/logo\/image\/"}}]}},"_links":{"self":[{"href":"https:\/\/hopphatfoods.com\/vi\/wp-json\/wp\/v2\/product\/1832","targetHints":{"allow":["GET"]}}],"collection":[{"href":"https:\/\/hopphatfoods.com\/vi\/wp-json\/wp\/v2\/product"}],"about":[{"href":"https:\/\/hopphatfoods.com\/vi\/wp-json\/wp\/v2\/types\/product"}],"replies":[{"embeddable":true,"href":"https:\/\/hopphatfoods.com\/vi\/wp-json\/wp\/v2\/comments?post=1832"}],"wp:featuredmedia":[{"embeddable":true,"href":"https:\/\/hopphatfoods.com\/vi\/wp-json\/wp\/v2\/media\/2045"}],"wp:attachment":[{"href":"https:\/\/hopphatfoods.com\/vi\/wp-json\/wp\/v2\/media?parent=1832"}],"wp:term":[{"taxonomy":"product_brand","embeddable":true,"href":"https:\/\/hopphatfoods.com\/vi\/wp-json\/wp\/v2\/product_brand?post=1832"},{"taxonomy":"product_cat","embeddable":true,"href":"https:\/\/hopphatfoods.com\/vi\/wp-json\/wp\/v2\/product_cat?post=1832"},{"taxonomy":"product_tag","embeddable":true,"href":"https:\/\/hopphatfoods.com\/vi\/wp-json\/wp\/v2\/product_tag?post=1832"}],"curies":[{"name":"wp","href":"https:\/\/api.w.org\/{rel}","templated":true}]}}