{"id":1817,"date":"2025-10-31T16:20:34","date_gmt":"2025-10-31T09:20:34","guid":{"rendered":"https:\/\/hopphatfoods.com\/?post_type=product&#038;p=1817"},"modified":"2025-11-19T10:37:02","modified_gmt":"2025-11-19T03:37:02","slug":"mochi-qidea-sua-tra-xanh","status":"publish","type":"product","link":"https:\/\/hopphatfoods.com\/vi\/san-pham\/mochi-qidea-sua-tra-xanh\/","title":{"rendered":"Mochi Qidea &#8211; V\u1ecb S\u1eefa tr\u00e0 xanh &#8211; T\u00fai 120g"},"content":{"rendered":"","protected":false},"excerpt":{"rendered":"<p>Qidea l\u00e0 m\u1ed9t trong nh\u1eefng th\u01b0\u01a1ng hi\u1ec7u s\u1ea3n xu\u1ea5t b\u00e1nh mochi n\u1ed5i ti\u1ebfng nh\u1ea5t c\u1ee7a \u0110\u00e0i Loan, v\u1edbi nhi\u1ec1u h\u01b0\u01a1ng v\u1ecb b\u00e1nh tuy\u1ec7t ngon v\u00e0 \u0111\u1ed9c \u0111\u00e1o.<\/p>\n<p>\u0110\u1eb7c tr\u01b0ng c\u1ee7a mochi Qidea l\u00e0 l\u1edbp v\u1ecf b\u00e1nh d\u00e0y v\u00e0 d\u1ebbo, quy\u1ec7n v\u1edbi nh\u00e2n b\u00e1nh th\u01a1m b\u00e9o \u0111\u1eadm v\u1ecb c\u00f9ng l\u1edbp b\u1ed9t th\u01a1m m\u1ecbn \u0111\u1eb7c bi\u1ec7t, \u0111\u01b0\u1ee3c ph\u1ee7 \u0111\u1ec1u ph\u00eda ngo\u00e0i b\u00e1nh.<\/p>\n","protected":false},"featured_media":1819,"comment_status":"closed","ping_status":"closed","template":"","meta":[],"product_brand":[83],"product_cat":[39],"product_tag":[130,178,183,182],"class_list":{"0":"post-1817","1":"product","2":"type-product","3":"status-publish","4":"has-post-thumbnail","6":"product_brand-qidea","7":"product_cat-banh","8":"product_tag-banh-mochi","9":"product_tag-banh-mochi-ngon","10":"product_tag-banh-mochi-sua-tra-xanh","11":"product_tag-banh-mochi-tui","13":"first","14":"instock","15":"shipping-taxable","16":"product-type-simple"},"acf":[],"yoast_head":"<!-- This site is optimized with the Yoast SEO plugin v27.3 - https:\/\/yoast.com\/product\/yoast-seo-wordpress\/ -->\n<title>Mochi Qidea - V\u1ecb S\u1eefa tr\u00e0 xanh - T\u00fai 120g - H\u1ee3p Ph\u00e1t Foods<\/title>\n<meta name=\"robots\" content=\"index, follow, max-snippet:-1, max-image-preview:large, max-video-preview:-1\" \/>\n<link rel=\"canonical\" href=\"https:\/\/hopphatfoods.com\/vi\/san-pham\/mochi-qidea-sua-tra-xanh\/\" \/>\n<meta property=\"og:locale\" content=\"vi_VN\" \/>\n<meta property=\"og:type\" content=\"article\" \/>\n<meta property=\"og:title\" content=\"Mochi Qidea - V\u1ecb S\u1eefa tr\u00e0 xanh - T\u00fai 120g - H\u1ee3p Ph\u00e1t Foods\" \/>\n<meta property=\"og:description\" content=\"Qidea l\u00e0 m\u1ed9t trong nh\u1eefng th\u01b0\u01a1ng hi\u1ec7u s\u1ea3n xu\u1ea5t b\u00e1nh mochi n\u1ed5i ti\u1ebfng nh\u1ea5t c\u1ee7a \u0110\u00e0i Loan, v\u1edbi nhi\u1ec1u h\u01b0\u01a1ng v\u1ecb b\u00e1nh tuy\u1ec7t ngon v\u00e0 \u0111\u1ed9c \u0111\u00e1o.  \u0110\u1eb7c tr\u01b0ng c\u1ee7a mochi Qidea l\u00e0 l\u1edbp v\u1ecf b\u00e1nh d\u00e0y v\u00e0 d\u1ebbo, quy\u1ec7n v\u1edbi nh\u00e2n b\u00e1nh th\u01a1m b\u00e9o \u0111\u1eadm v\u1ecb c\u00f9ng l\u1edbp b\u1ed9t th\u01a1m m\u1ecbn \u0111\u1eb7c bi\u1ec7t, \u0111\u01b0\u1ee3c ph\u1ee7 \u0111\u1ec1u ph\u00eda ngo\u00e0i b\u00e1nh.\" \/>\n<meta property=\"og:url\" content=\"https:\/\/hopphatfoods.com\/vi\/san-pham\/mochi-qidea-sua-tra-xanh\/\" \/>\n<meta property=\"og:site_name\" content=\"H\u1ee3p Ph\u00e1t Foods\" \/>\n<meta property=\"article:modified_time\" content=\"2025-11-19T03:37:02+00:00\" \/>\n<meta property=\"og:image\" content=\"https:\/\/hopphatfoods.com\/wp-content\/uploads\/2025\/10\/mochi-tui-tra-xanh.png\" \/>\n\t<meta property=\"og:image:width\" content=\"1080\" \/>\n\t<meta property=\"og:image:height\" content=\"1080\" \/>\n\t<meta property=\"og:image:type\" content=\"image\/png\" \/>\n<meta name=\"twitter:card\" content=\"summary_large_image\" \/>\n<meta name=\"twitter:label1\" content=\"\u01af\u1edbc t\u00ednh th\u1eddi gian \u0111\u1ecdc\" \/>\n\t<meta name=\"twitter:data1\" content=\"1 ph\u00fat\" \/>\n<script type=\"application\/ld+json\" class=\"yoast-schema-graph\">{\"@context\":\"https:\\\/\\\/schema.org\",\"@graph\":[{\"@type\":\"WebPage\",\"@id\":\"https:\\\/\\\/hopphatfoods.com\\\/san-pham\\\/mochi-qidea-sua-tra-xanh\\\/\",\"url\":\"https:\\\/\\\/hopphatfoods.com\\\/san-pham\\\/mochi-qidea-sua-tra-xanh\\\/\",\"name\":\"Mochi Qidea - V\u1ecb S\u1eefa tr\u00e0 xanh - T\u00fai 120g - H\u1ee3p Ph\u00e1t Foods\",\"isPartOf\":{\"@id\":\"https:\\\/\\\/hopphatfoods.com\\\/#website\"},\"primaryImageOfPage\":{\"@id\":\"https:\\\/\\\/hopphatfoods.com\\\/san-pham\\\/mochi-qidea-sua-tra-xanh\\\/#primaryimage\"},\"image\":{\"@id\":\"https:\\\/\\\/hopphatfoods.com\\\/san-pham\\\/mochi-qidea-sua-tra-xanh\\\/#primaryimage\"},\"thumbnailUrl\":\"https:\\\/\\\/hopphatfoods.com\\\/wp-content\\\/uploads\\\/2025\\\/10\\\/mochi-tui-tra-xanh.png\",\"datePublished\":\"2025-10-31T09:20:34+00:00\",\"dateModified\":\"2025-11-19T03:37:02+00:00\",\"breadcrumb\":{\"@id\":\"https:\\\/\\\/hopphatfoods.com\\\/san-pham\\\/mochi-qidea-sua-tra-xanh\\\/#breadcrumb\"},\"inLanguage\":\"vi\",\"potentialAction\":[{\"@type\":\"ReadAction\",\"target\":[\"https:\\\/\\\/hopphatfoods.com\\\/san-pham\\\/mochi-qidea-sua-tra-xanh\\\/\"]}]},{\"@type\":\"ImageObject\",\"inLanguage\":\"vi\",\"@id\":\"https:\\\/\\\/hopphatfoods.com\\\/san-pham\\\/mochi-qidea-sua-tra-xanh\\\/#primaryimage\",\"url\":\"https:\\\/\\\/hopphatfoods.com\\\/wp-content\\\/uploads\\\/2025\\\/10\\\/mochi-tui-tra-xanh.png\",\"contentUrl\":\"https:\\\/\\\/hopphatfoods.com\\\/wp-content\\\/uploads\\\/2025\\\/10\\\/mochi-tui-tra-xanh.png\",\"width\":1080,\"height\":1080,\"caption\":\"mochi-tui-tra-xanh\"},{\"@type\":\"BreadcrumbList\",\"@id\":\"https:\\\/\\\/hopphatfoods.com\\\/san-pham\\\/mochi-qidea-sua-tra-xanh\\\/#breadcrumb\",\"itemListElement\":[{\"@type\":\"ListItem\",\"position\":1,\"name\":\"Trang ch\u1ee7\",\"item\":\"https:\\\/\\\/hopphatfoods.com\\\/\"},{\"@type\":\"ListItem\",\"position\":2,\"name\":\"C\u1eeda h\u00e0ng\",\"item\":\"https:\\\/\\\/hopphatfoods.com\\\/vi\\\/cua-hang\\\/\"},{\"@type\":\"ListItem\",\"position\":3,\"name\":\"Mochi Qidea &#8211; V\u1ecb S\u1eefa tr\u00e0 xanh &#8211; T\u00fai 120g\"}]},{\"@type\":\"WebSite\",\"@id\":\"https:\\\/\\\/hopphatfoods.com\\\/#website\",\"url\":\"https:\\\/\\\/hopphatfoods.com\\\/\",\"name\":\"H\u1ee3p Ph\u00e1t Foods\",\"description\":\"\",\"publisher\":{\"@id\":\"https:\\\/\\\/hopphatfoods.com\\\/#organization\"},\"potentialAction\":[{\"@type\":\"SearchAction\",\"target\":{\"@type\":\"EntryPoint\",\"urlTemplate\":\"https:\\\/\\\/hopphatfoods.com\\\/?s={search_term_string}\"},\"query-input\":{\"@type\":\"PropertyValueSpecification\",\"valueRequired\":true,\"valueName\":\"search_term_string\"}}],\"inLanguage\":\"vi\"},{\"@type\":\"Organization\",\"@id\":\"https:\\\/\\\/hopphatfoods.com\\\/#organization\",\"name\":\"H\u1ee3p Ph\u00e1t Foods\",\"url\":\"https:\\\/\\\/hopphatfoods.com\\\/\",\"logo\":{\"@type\":\"ImageObject\",\"inLanguage\":\"vi\",\"@id\":\"https:\\\/\\\/hopphatfoods.com\\\/#\\\/schema\\\/logo\\\/image\\\/\",\"url\":\"https:\\\/\\\/hopphatfoods.com\\\/wp-content\\\/uploads\\\/2024\\\/12\\\/logo.png\",\"contentUrl\":\"https:\\\/\\\/hopphatfoods.com\\\/wp-content\\\/uploads\\\/2024\\\/12\\\/logo.png\",\"width\":450,\"height\":124,\"caption\":\"H\u1ee3p Ph\u00e1t Foods\"},\"image\":{\"@id\":\"https:\\\/\\\/hopphatfoods.com\\\/#\\\/schema\\\/logo\\\/image\\\/\"}}]}<\/script>\n<!-- \/ Yoast SEO plugin. -->","yoast_head_json":{"title":"Mochi Qidea - V\u1ecb S\u1eefa tr\u00e0 xanh - T\u00fai 120g - H\u1ee3p Ph\u00e1t Foods","robots":{"index":"index","follow":"follow","max-snippet":"max-snippet:-1","max-image-preview":"max-image-preview:large","max-video-preview":"max-video-preview:-1"},"canonical":"https:\/\/hopphatfoods.com\/vi\/san-pham\/mochi-qidea-sua-tra-xanh\/","og_locale":"vi_VN","og_type":"article","og_title":"Mochi Qidea - V\u1ecb S\u1eefa tr\u00e0 xanh - T\u00fai 120g - H\u1ee3p Ph\u00e1t Foods","og_description":"Qidea l\u00e0 m\u1ed9t trong nh\u1eefng th\u01b0\u01a1ng hi\u1ec7u s\u1ea3n xu\u1ea5t b\u00e1nh mochi n\u1ed5i ti\u1ebfng nh\u1ea5t c\u1ee7a \u0110\u00e0i Loan, v\u1edbi nhi\u1ec1u h\u01b0\u01a1ng v\u1ecb b\u00e1nh tuy\u1ec7t ngon v\u00e0 \u0111\u1ed9c \u0111\u00e1o.  \u0110\u1eb7c tr\u01b0ng c\u1ee7a mochi Qidea l\u00e0 l\u1edbp v\u1ecf b\u00e1nh d\u00e0y v\u00e0 d\u1ebbo, quy\u1ec7n v\u1edbi nh\u00e2n b\u00e1nh th\u01a1m b\u00e9o \u0111\u1eadm v\u1ecb c\u00f9ng l\u1edbp b\u1ed9t th\u01a1m m\u1ecbn \u0111\u1eb7c bi\u1ec7t, \u0111\u01b0\u1ee3c ph\u1ee7 \u0111\u1ec1u ph\u00eda ngo\u00e0i b\u00e1nh.","og_url":"https:\/\/hopphatfoods.com\/vi\/san-pham\/mochi-qidea-sua-tra-xanh\/","og_site_name":"H\u1ee3p Ph\u00e1t Foods","article_modified_time":"2025-11-19T03:37:02+00:00","og_image":[{"width":1080,"height":1080,"url":"https:\/\/hopphatfoods.com\/wp-content\/uploads\/2025\/10\/mochi-tui-tra-xanh.png","type":"image\/png"}],"twitter_card":"summary_large_image","twitter_misc":{"\u01af\u1edbc t\u00ednh th\u1eddi gian \u0111\u1ecdc":"1 ph\u00fat"},"schema":{"@context":"https:\/\/schema.org","@graph":[{"@type":"WebPage","@id":"https:\/\/hopphatfoods.com\/san-pham\/mochi-qidea-sua-tra-xanh\/","url":"https:\/\/hopphatfoods.com\/san-pham\/mochi-qidea-sua-tra-xanh\/","name":"Mochi Qidea - V\u1ecb S\u1eefa tr\u00e0 xanh - T\u00fai 120g - H\u1ee3p Ph\u00e1t Foods","isPartOf":{"@id":"https:\/\/hopphatfoods.com\/#website"},"primaryImageOfPage":{"@id":"https:\/\/hopphatfoods.com\/san-pham\/mochi-qidea-sua-tra-xanh\/#primaryimage"},"image":{"@id":"https:\/\/hopphatfoods.com\/san-pham\/mochi-qidea-sua-tra-xanh\/#primaryimage"},"thumbnailUrl":"https:\/\/hopphatfoods.com\/wp-content\/uploads\/2025\/10\/mochi-tui-tra-xanh.png","datePublished":"2025-10-31T09:20:34+00:00","dateModified":"2025-11-19T03:37:02+00:00","breadcrumb":{"@id":"https:\/\/hopphatfoods.com\/san-pham\/mochi-qidea-sua-tra-xanh\/#breadcrumb"},"inLanguage":"vi","potentialAction":[{"@type":"ReadAction","target":["https:\/\/hopphatfoods.com\/san-pham\/mochi-qidea-sua-tra-xanh\/"]}]},{"@type":"ImageObject","inLanguage":"vi","@id":"https:\/\/hopphatfoods.com\/san-pham\/mochi-qidea-sua-tra-xanh\/#primaryimage","url":"https:\/\/hopphatfoods.com\/wp-content\/uploads\/2025\/10\/mochi-tui-tra-xanh.png","contentUrl":"https:\/\/hopphatfoods.com\/wp-content\/uploads\/2025\/10\/mochi-tui-tra-xanh.png","width":1080,"height":1080,"caption":"mochi-tui-tra-xanh"},{"@type":"BreadcrumbList","@id":"https:\/\/hopphatfoods.com\/san-pham\/mochi-qidea-sua-tra-xanh\/#breadcrumb","itemListElement":[{"@type":"ListItem","position":1,"name":"Trang ch\u1ee7","item":"https:\/\/hopphatfoods.com\/"},{"@type":"ListItem","position":2,"name":"C\u1eeda h\u00e0ng","item":"https:\/\/hopphatfoods.com\/vi\/cua-hang\/"},{"@type":"ListItem","position":3,"name":"Mochi Qidea &#8211; V\u1ecb S\u1eefa tr\u00e0 xanh &#8211; T\u00fai 120g"}]},{"@type":"WebSite","@id":"https:\/\/hopphatfoods.com\/#website","url":"https:\/\/hopphatfoods.com\/","name":"H\u1ee3p Ph\u00e1t Foods","description":"","publisher":{"@id":"https:\/\/hopphatfoods.com\/#organization"},"potentialAction":[{"@type":"SearchAction","target":{"@type":"EntryPoint","urlTemplate":"https:\/\/hopphatfoods.com\/?s={search_term_string}"},"query-input":{"@type":"PropertyValueSpecification","valueRequired":true,"valueName":"search_term_string"}}],"inLanguage":"vi"},{"@type":"Organization","@id":"https:\/\/hopphatfoods.com\/#organization","name":"H\u1ee3p Ph\u00e1t Foods","url":"https:\/\/hopphatfoods.com\/","logo":{"@type":"ImageObject","inLanguage":"vi","@id":"https:\/\/hopphatfoods.com\/#\/schema\/logo\/image\/","url":"https:\/\/hopphatfoods.com\/wp-content\/uploads\/2024\/12\/logo.png","contentUrl":"https:\/\/hopphatfoods.com\/wp-content\/uploads\/2024\/12\/logo.png","width":450,"height":124,"caption":"H\u1ee3p Ph\u00e1t Foods"},"image":{"@id":"https:\/\/hopphatfoods.com\/#\/schema\/logo\/image\/"}}]}},"_links":{"self":[{"href":"https:\/\/hopphatfoods.com\/vi\/wp-json\/wp\/v2\/product\/1817","targetHints":{"allow":["GET"]}}],"collection":[{"href":"https:\/\/hopphatfoods.com\/vi\/wp-json\/wp\/v2\/product"}],"about":[{"href":"https:\/\/hopphatfoods.com\/vi\/wp-json\/wp\/v2\/types\/product"}],"replies":[{"embeddable":true,"href":"https:\/\/hopphatfoods.com\/vi\/wp-json\/wp\/v2\/comments?post=1817"}],"wp:featuredmedia":[{"embeddable":true,"href":"https:\/\/hopphatfoods.com\/vi\/wp-json\/wp\/v2\/media\/1819"}],"wp:attachment":[{"href":"https:\/\/hopphatfoods.com\/vi\/wp-json\/wp\/v2\/media?parent=1817"}],"wp:term":[{"taxonomy":"product_brand","embeddable":true,"href":"https:\/\/hopphatfoods.com\/vi\/wp-json\/wp\/v2\/product_brand?post=1817"},{"taxonomy":"product_cat","embeddable":true,"href":"https:\/\/hopphatfoods.com\/vi\/wp-json\/wp\/v2\/product_cat?post=1817"},{"taxonomy":"product_tag","embeddable":true,"href":"https:\/\/hopphatfoods.com\/vi\/wp-json\/wp\/v2\/product_tag?post=1817"}],"curies":[{"name":"wp","href":"https:\/\/api.w.org\/{rel}","templated":true}]}}