{"id":1802,"date":"2025-10-31T15:14:12","date_gmt":"2025-10-31T08:14:12","guid":{"rendered":"https:\/\/hopphatfoods.com\/?post_type=product&#038;p=1802"},"modified":"2025-11-19T10:32:09","modified_gmt":"2025-11-19T03:32:09","slug":"mochi-qidea-me-den","status":"publish","type":"product","link":"https:\/\/hopphatfoods.com\/vi\/san-pham\/mochi-qidea-me-den\/","title":{"rendered":"Mochi Qidea \u2013 V\u1ecb M\u00e8 \u0111en &#8211; H\u1ed9p 210g"},"content":{"rendered":"<p><strong>Qidea<\/strong>\u00a0l\u00e0 m\u1ed9t trong nh\u1eefng th\u01b0\u01a1ng hi\u1ec7u s\u1ea3n xu\u1ea5t b\u00e1nh mochi n\u1ed5i ti\u1ebfng nh\u1ea5t c\u1ee7a \u0110\u00e0i Loan v\u1edbi nhi\u1ec1u h\u01b0\u01a1ng v\u1ecb b\u00e1nh \u0111\u1ed9c \u0111\u00e1o v\u00e0 th\u01a1m ngon.<\/p>\n<ul>\n<li>\u0110\u1eb7c tr\u01b0ng c\u1ee7a mochi Qidea l\u00e0 l\u1edbp v\u1ecf b\u00e1nh d\u00e0y v\u00e0 d\u1ebbo, quy\u1ec7n v\u1edbi nh\u00e2n b\u00e1nh th\u01a1m b\u00e9o, \u0111\u1eadm v\u1ecb, c\u00f9ng l\u1edbp b\u1ed9t th\u01a1m m\u1ecbn \u0111\u1eb7c bi\u1ec7t, \u0111\u01b0\u1ee3c ph\u1ee7 \u0111\u1ec1u b\u00ean ngo\u00e0i b\u00e1nh.<\/li>\n<li>B\u00e1nh d\u1ebbo m\u1ec1m nh\u01b0ng b\u00e1nh kh\u00f4ng g\u00e2y d\u00ednh tay khi \u0103n nh\u1edd l\u1edbp \u00e1o b\u1ed9t kh\u00f4 b\u00ean ngo\u00e0i.<\/li>\n<li>S\u1eed d\u1ee5ng: D\u00f9ng b\u00e1nh mochi Qidea nh\u01b0 m\u1ed9t b\u1eefa \u0103n nh\u1eb9 ho\u1eb7c m\u1ed9t m\u00f3n \u0103n v\u1eb7t th\u00fa v\u1ecb. Ngo\u00e0i ra, b\u1ea1n c\u0169ng c\u00f3 th\u1ec3 s\u1eed d\u1ee5ng b\u00e1nh \u0111\u1ec3 l\u00e0m qu\u00e0 t\u1eb7ng trong nh\u1eefng d\u1ecbp \u0111\u1eb7c bi\u1ec7t, ti\u1ec7n l\u1ee3i khi mang theo trong c\u00e1c chuy\u1ebfn \u0111i ch\u01a1i, du l\u1ecbch\u2026<\/li>\n<li>B\u1ea3o qu\u1ea3n: n\u01a1i kh\u00f4 r\u00e1o, tho\u00e1ng m\u00e1t, tr\u00e1nh \u00e1nh n\u1eafng tr\u1ef1c ti\u1ebfp.<\/li>\n<\/ul>\n","protected":false},"excerpt":{"rendered":"<p>Qidea\u00a0l\u00e0 m\u1ed9t trong nh\u1eefng th\u01b0\u01a1ng hi\u1ec7u s\u1ea3n xu\u1ea5t b\u00e1nh mochi n\u1ed5i ti\u1ebfng nh\u1ea5t c\u1ee7a \u0110\u00e0i Loan v\u1edbi nhi\u1ec1u h\u01b0\u01a1ng v\u1ecb b\u00e1nh \u0111\u1ed9c \u0111\u00e1o v\u00e0 th\u01a1m ngon. \u0110\u1eb7c tr\u01b0ng c\u1ee7a mochi Qidea l\u00e0 l\u1edbp v\u1ecf b\u00e1nh d\u00e0y v\u00e0 d\u1ebbo, quy\u1ec7n v\u1edbi nh\u00e2n b\u00e1nh th\u01a1m b\u00e9o, \u0111\u1eadm v\u1ecb, c\u00f9ng l\u1edbp b\u1ed9t th\u01a1m m\u1ecbn \u0111\u1eb7c bi\u1ec7t, \u0111\u01b0\u1ee3c ph\u1ee7 [&hellip;]<\/p>\n","protected":false},"featured_media":1811,"comment_status":"closed","ping_status":"closed","template":"","meta":[],"product_brand":[83],"product_cat":[39],"product_tag":[130,177,179,178],"class_list":{"0":"post-1802","1":"product","2":"type-product","3":"status-publish","4":"has-post-thumbnail","6":"product_brand-qidea","7":"product_cat-banh","8":"product_tag-banh-mochi","9":"product_tag-banh-mochi-dai-loan","10":"product_tag-banh-mochi-me-den","11":"product_tag-banh-mochi-ngon","13":"first","14":"instock","15":"shipping-taxable","16":"product-type-simple"},"acf":[],"yoast_head":"<!-- This site is optimized with the Yoast SEO plugin v27.3 - https:\/\/yoast.com\/product\/yoast-seo-wordpress\/ -->\n<title>Mochi Qidea \u2013 V\u1ecb M\u00e8 \u0111en - H\u1ed9p 210g - H\u1ee3p Ph\u00e1t Foods<\/title>\n<meta name=\"robots\" content=\"index, follow, max-snippet:-1, max-image-preview:large, max-video-preview:-1\" \/>\n<link rel=\"canonical\" href=\"https:\/\/hopphatfoods.com\/vi\/product\/mochi-qidea-me-den\/\" \/>\n<meta property=\"og:locale\" content=\"vi_VN\" \/>\n<meta property=\"og:type\" content=\"article\" \/>\n<meta property=\"og:title\" content=\"Mochi Qidea \u2013 V\u1ecb M\u00e8 \u0111en - H\u1ed9p 210g - H\u1ee3p Ph\u00e1t Foods\" \/>\n<meta property=\"og:description\" content=\"Qidea\u00a0l\u00e0 m\u1ed9t trong nh\u1eefng th\u01b0\u01a1ng hi\u1ec7u s\u1ea3n xu\u1ea5t b\u00e1nh mochi n\u1ed5i ti\u1ebfng nh\u1ea5t c\u1ee7a \u0110\u00e0i Loan v\u1edbi nhi\u1ec1u h\u01b0\u01a1ng v\u1ecb b\u00e1nh \u0111\u1ed9c \u0111\u00e1o v\u00e0 th\u01a1m ngon. \u0110\u1eb7c tr\u01b0ng c\u1ee7a mochi Qidea l\u00e0 l\u1edbp v\u1ecf b\u00e1nh d\u00e0y v\u00e0 d\u1ebbo, quy\u1ec7n v\u1edbi nh\u00e2n b\u00e1nh th\u01a1m b\u00e9o, \u0111\u1eadm v\u1ecb, c\u00f9ng l\u1edbp b\u1ed9t th\u01a1m m\u1ecbn \u0111\u1eb7c bi\u1ec7t, \u0111\u01b0\u1ee3c ph\u1ee7 [&hellip;]\" \/>\n<meta property=\"og:url\" content=\"https:\/\/hopphatfoods.com\/vi\/product\/mochi-qidea-me-den\/\" \/>\n<meta property=\"og:site_name\" content=\"H\u1ee3p Ph\u00e1t Foods\" \/>\n<meta property=\"article:modified_time\" content=\"2025-11-19T03:32:09+00:00\" \/>\n<meta property=\"og:image\" content=\"https:\/\/hopphatfoods.com\/wp-content\/uploads\/2025\/10\/1.png\" \/>\n\t<meta property=\"og:image:width\" content=\"1080\" \/>\n\t<meta property=\"og:image:height\" content=\"1080\" \/>\n\t<meta property=\"og:image:type\" content=\"image\/png\" \/>\n<meta name=\"twitter:card\" content=\"summary_large_image\" \/>\n<meta name=\"twitter:label1\" content=\"\u01af\u1edbc t\u00ednh th\u1eddi gian \u0111\u1ecdc\" \/>\n\t<meta name=\"twitter:data1\" content=\"1 ph\u00fat\" \/>\n<script type=\"application\/ld+json\" class=\"yoast-schema-graph\">{\"@context\":\"https:\\\/\\\/schema.org\",\"@graph\":[{\"@type\":\"WebPage\",\"@id\":\"https:\\\/\\\/hopphatfoods.com\\\/en\\\/product\\\/mochi-qidea-me-den\\\/\",\"url\":\"https:\\\/\\\/hopphatfoods.com\\\/en\\\/product\\\/mochi-qidea-me-den\\\/\",\"name\":\"Mochi Qidea \u2013 V\u1ecb M\u00e8 \u0111en - H\u1ed9p 210g - H\u1ee3p Ph\u00e1t Foods\",\"isPartOf\":{\"@id\":\"https:\\\/\\\/hopphatfoods.com\\\/#website\"},\"primaryImageOfPage\":{\"@id\":\"https:\\\/\\\/hopphatfoods.com\\\/en\\\/product\\\/mochi-qidea-me-den\\\/#primaryimage\"},\"image\":{\"@id\":\"https:\\\/\\\/hopphatfoods.com\\\/en\\\/product\\\/mochi-qidea-me-den\\\/#primaryimage\"},\"thumbnailUrl\":\"https:\\\/\\\/hopphatfoods.com\\\/wp-content\\\/uploads\\\/2025\\\/10\\\/1.png\",\"datePublished\":\"2025-10-31T08:14:12+00:00\",\"dateModified\":\"2025-11-19T03:32:09+00:00\",\"breadcrumb\":{\"@id\":\"https:\\\/\\\/hopphatfoods.com\\\/en\\\/product\\\/mochi-qidea-me-den\\\/#breadcrumb\"},\"inLanguage\":\"vi\",\"potentialAction\":[{\"@type\":\"ReadAction\",\"target\":[\"https:\\\/\\\/hopphatfoods.com\\\/en\\\/product\\\/mochi-qidea-me-den\\\/\"]}]},{\"@type\":\"ImageObject\",\"inLanguage\":\"vi\",\"@id\":\"https:\\\/\\\/hopphatfoods.com\\\/en\\\/product\\\/mochi-qidea-me-den\\\/#primaryimage\",\"url\":\"https:\\\/\\\/hopphatfoods.com\\\/wp-content\\\/uploads\\\/2025\\\/10\\\/1.png\",\"contentUrl\":\"https:\\\/\\\/hopphatfoods.com\\\/wp-content\\\/uploads\\\/2025\\\/10\\\/1.png\",\"width\":1080,\"height\":1080,\"caption\":\"Mochi-me-den-210g\"},{\"@type\":\"BreadcrumbList\",\"@id\":\"https:\\\/\\\/hopphatfoods.com\\\/en\\\/product\\\/mochi-qidea-me-den\\\/#breadcrumb\",\"itemListElement\":[{\"@type\":\"ListItem\",\"position\":1,\"name\":\"Trang ch\u1ee7\",\"item\":\"https:\\\/\\\/hopphatfoods.com\\\/\"},{\"@type\":\"ListItem\",\"position\":2,\"name\":\"C\u1eeda h\u00e0ng\",\"item\":\"https:\\\/\\\/hopphatfoods.com\\\/vi\\\/cua-hang\\\/\"},{\"@type\":\"ListItem\",\"position\":3,\"name\":\"Mochi Qidea \u2013 V\u1ecb M\u00e8 \u0111en &#8211; H\u1ed9p 210g\"}]},{\"@type\":\"WebSite\",\"@id\":\"https:\\\/\\\/hopphatfoods.com\\\/#website\",\"url\":\"https:\\\/\\\/hopphatfoods.com\\\/\",\"name\":\"H\u1ee3p Ph\u00e1t Foods\",\"description\":\"\",\"publisher\":{\"@id\":\"https:\\\/\\\/hopphatfoods.com\\\/#organization\"},\"potentialAction\":[{\"@type\":\"SearchAction\",\"target\":{\"@type\":\"EntryPoint\",\"urlTemplate\":\"https:\\\/\\\/hopphatfoods.com\\\/?s={search_term_string}\"},\"query-input\":{\"@type\":\"PropertyValueSpecification\",\"valueRequired\":true,\"valueName\":\"search_term_string\"}}],\"inLanguage\":\"vi\"},{\"@type\":\"Organization\",\"@id\":\"https:\\\/\\\/hopphatfoods.com\\\/#organization\",\"name\":\"H\u1ee3p Ph\u00e1t Foods\",\"url\":\"https:\\\/\\\/hopphatfoods.com\\\/\",\"logo\":{\"@type\":\"ImageObject\",\"inLanguage\":\"vi\",\"@id\":\"https:\\\/\\\/hopphatfoods.com\\\/#\\\/schema\\\/logo\\\/image\\\/\",\"url\":\"https:\\\/\\\/hopphatfoods.com\\\/wp-content\\\/uploads\\\/2024\\\/12\\\/logo.png\",\"contentUrl\":\"https:\\\/\\\/hopphatfoods.com\\\/wp-content\\\/uploads\\\/2024\\\/12\\\/logo.png\",\"width\":450,\"height\":124,\"caption\":\"H\u1ee3p Ph\u00e1t Foods\"},\"image\":{\"@id\":\"https:\\\/\\\/hopphatfoods.com\\\/#\\\/schema\\\/logo\\\/image\\\/\"}}]}<\/script>\n<!-- \/ Yoast SEO plugin. -->","yoast_head_json":{"title":"Mochi Qidea \u2013 V\u1ecb M\u00e8 \u0111en - H\u1ed9p 210g - H\u1ee3p Ph\u00e1t Foods","robots":{"index":"index","follow":"follow","max-snippet":"max-snippet:-1","max-image-preview":"max-image-preview:large","max-video-preview":"max-video-preview:-1"},"canonical":"https:\/\/hopphatfoods.com\/vi\/product\/mochi-qidea-me-den\/","og_locale":"vi_VN","og_type":"article","og_title":"Mochi Qidea \u2013 V\u1ecb M\u00e8 \u0111en - H\u1ed9p 210g - H\u1ee3p Ph\u00e1t Foods","og_description":"Qidea\u00a0l\u00e0 m\u1ed9t trong nh\u1eefng th\u01b0\u01a1ng hi\u1ec7u s\u1ea3n xu\u1ea5t b\u00e1nh mochi n\u1ed5i ti\u1ebfng nh\u1ea5t c\u1ee7a \u0110\u00e0i Loan v\u1edbi nhi\u1ec1u h\u01b0\u01a1ng v\u1ecb b\u00e1nh \u0111\u1ed9c \u0111\u00e1o v\u00e0 th\u01a1m ngon. \u0110\u1eb7c tr\u01b0ng c\u1ee7a mochi Qidea l\u00e0 l\u1edbp v\u1ecf b\u00e1nh d\u00e0y v\u00e0 d\u1ebbo, quy\u1ec7n v\u1edbi nh\u00e2n b\u00e1nh th\u01a1m b\u00e9o, \u0111\u1eadm v\u1ecb, c\u00f9ng l\u1edbp b\u1ed9t th\u01a1m m\u1ecbn \u0111\u1eb7c bi\u1ec7t, \u0111\u01b0\u1ee3c ph\u1ee7 [&hellip;]","og_url":"https:\/\/hopphatfoods.com\/vi\/product\/mochi-qidea-me-den\/","og_site_name":"H\u1ee3p Ph\u00e1t Foods","article_modified_time":"2025-11-19T03:32:09+00:00","og_image":[{"width":1080,"height":1080,"url":"https:\/\/hopphatfoods.com\/wp-content\/uploads\/2025\/10\/1.png","type":"image\/png"}],"twitter_card":"summary_large_image","twitter_misc":{"\u01af\u1edbc t\u00ednh th\u1eddi gian \u0111\u1ecdc":"1 ph\u00fat"},"schema":{"@context":"https:\/\/schema.org","@graph":[{"@type":"WebPage","@id":"https:\/\/hopphatfoods.com\/en\/product\/mochi-qidea-me-den\/","url":"https:\/\/hopphatfoods.com\/en\/product\/mochi-qidea-me-den\/","name":"Mochi Qidea \u2013 V\u1ecb M\u00e8 \u0111en - H\u1ed9p 210g - H\u1ee3p Ph\u00e1t Foods","isPartOf":{"@id":"https:\/\/hopphatfoods.com\/#website"},"primaryImageOfPage":{"@id":"https:\/\/hopphatfoods.com\/en\/product\/mochi-qidea-me-den\/#primaryimage"},"image":{"@id":"https:\/\/hopphatfoods.com\/en\/product\/mochi-qidea-me-den\/#primaryimage"},"thumbnailUrl":"https:\/\/hopphatfoods.com\/wp-content\/uploads\/2025\/10\/1.png","datePublished":"2025-10-31T08:14:12+00:00","dateModified":"2025-11-19T03:32:09+00:00","breadcrumb":{"@id":"https:\/\/hopphatfoods.com\/en\/product\/mochi-qidea-me-den\/#breadcrumb"},"inLanguage":"vi","potentialAction":[{"@type":"ReadAction","target":["https:\/\/hopphatfoods.com\/en\/product\/mochi-qidea-me-den\/"]}]},{"@type":"ImageObject","inLanguage":"vi","@id":"https:\/\/hopphatfoods.com\/en\/product\/mochi-qidea-me-den\/#primaryimage","url":"https:\/\/hopphatfoods.com\/wp-content\/uploads\/2025\/10\/1.png","contentUrl":"https:\/\/hopphatfoods.com\/wp-content\/uploads\/2025\/10\/1.png","width":1080,"height":1080,"caption":"Mochi-me-den-210g"},{"@type":"BreadcrumbList","@id":"https:\/\/hopphatfoods.com\/en\/product\/mochi-qidea-me-den\/#breadcrumb","itemListElement":[{"@type":"ListItem","position":1,"name":"Trang ch\u1ee7","item":"https:\/\/hopphatfoods.com\/"},{"@type":"ListItem","position":2,"name":"C\u1eeda h\u00e0ng","item":"https:\/\/hopphatfoods.com\/vi\/cua-hang\/"},{"@type":"ListItem","position":3,"name":"Mochi Qidea \u2013 V\u1ecb M\u00e8 \u0111en &#8211; H\u1ed9p 210g"}]},{"@type":"WebSite","@id":"https:\/\/hopphatfoods.com\/#website","url":"https:\/\/hopphatfoods.com\/","name":"H\u1ee3p Ph\u00e1t Foods","description":"","publisher":{"@id":"https:\/\/hopphatfoods.com\/#organization"},"potentialAction":[{"@type":"SearchAction","target":{"@type":"EntryPoint","urlTemplate":"https:\/\/hopphatfoods.com\/?s={search_term_string}"},"query-input":{"@type":"PropertyValueSpecification","valueRequired":true,"valueName":"search_term_string"}}],"inLanguage":"vi"},{"@type":"Organization","@id":"https:\/\/hopphatfoods.com\/#organization","name":"H\u1ee3p Ph\u00e1t Foods","url":"https:\/\/hopphatfoods.com\/","logo":{"@type":"ImageObject","inLanguage":"vi","@id":"https:\/\/hopphatfoods.com\/#\/schema\/logo\/image\/","url":"https:\/\/hopphatfoods.com\/wp-content\/uploads\/2024\/12\/logo.png","contentUrl":"https:\/\/hopphatfoods.com\/wp-content\/uploads\/2024\/12\/logo.png","width":450,"height":124,"caption":"H\u1ee3p Ph\u00e1t Foods"},"image":{"@id":"https:\/\/hopphatfoods.com\/#\/schema\/logo\/image\/"}}]}},"_links":{"self":[{"href":"https:\/\/hopphatfoods.com\/vi\/wp-json\/wp\/v2\/product\/1802","targetHints":{"allow":["GET"]}}],"collection":[{"href":"https:\/\/hopphatfoods.com\/vi\/wp-json\/wp\/v2\/product"}],"about":[{"href":"https:\/\/hopphatfoods.com\/vi\/wp-json\/wp\/v2\/types\/product"}],"replies":[{"embeddable":true,"href":"https:\/\/hopphatfoods.com\/vi\/wp-json\/wp\/v2\/comments?post=1802"}],"wp:featuredmedia":[{"embeddable":true,"href":"https:\/\/hopphatfoods.com\/vi\/wp-json\/wp\/v2\/media\/1811"}],"wp:attachment":[{"href":"https:\/\/hopphatfoods.com\/vi\/wp-json\/wp\/v2\/media?parent=1802"}],"wp:term":[{"taxonomy":"product_brand","embeddable":true,"href":"https:\/\/hopphatfoods.com\/vi\/wp-json\/wp\/v2\/product_brand?post=1802"},{"taxonomy":"product_cat","embeddable":true,"href":"https:\/\/hopphatfoods.com\/vi\/wp-json\/wp\/v2\/product_cat?post=1802"},{"taxonomy":"product_tag","embeddable":true,"href":"https:\/\/hopphatfoods.com\/vi\/wp-json\/wp\/v2\/product_tag?post=1802"}],"curies":[{"name":"wp","href":"https:\/\/api.w.org\/{rel}","templated":true}]}}