{"id":1789,"date":"2025-10-31T11:45:20","date_gmt":"2025-10-31T04:45:20","guid":{"rendered":"https:\/\/hopphatfoods.com\/?post_type=product&#038;p=1789"},"modified":"2025-11-19T09:54:42","modified_gmt":"2025-11-19T02:54:42","slug":"banh-dinh-duong-12-loai-dau-rong-bien","status":"publish","type":"product","link":"https:\/\/hopphatfoods.com\/vi\/san-pham\/banh-dinh-duong-12-loai-dau-rong-bien\/","title":{"rendered":"B\u00e1nh dinh d\u01b0\u1ee1ng 12 lo\u1ea1i \u0111\u1eadu Peitien &#8211; V\u1ecb Rong Bi\u1ec3n &#8211; G\u00f3i 180g"},"content":{"rendered":"<p><strong>B\u00e1nh dinh d\u01b0\u1ee1ng 12 lo\u1ea1i \u0111\u1eadu Peitien \u2013 V\u1ecb Rong Bi\u1ec3n \u2013 G\u00f3i 180g\u00a0<\/strong>\u0111\u01b0\u1ee3c chi\u1ebft xu\u1ea5t t\u1eeb 12 lo\u1ea1i ng\u0169 c\u1ed1c v\u00e0 rong bi\u1ec3n ch\u1ee9a nhi\u1ec1u gi\u00e1 tr\u1ecb dinh d\u01b0\u1ee1ng r\u1ea5t t\u1ed1t cho s\u1ee9c kh\u1ecfe.<\/p>\n<ul>\n<li><strong>Kh\u1ed1i l\u01b0\u1ee3ng\u00a0<\/strong><strong>t<\/strong><strong>\u1ecbnh<\/strong>: 180g (10 chi\u1ebfc)<\/li>\n<li><strong>Xu\u1ea5t x\u1ee9:<\/strong>\u00a0\u0110\u00e0i Loan<\/li>\n<li><strong>Th\u00e0nh ph\u1ea7n:<\/strong>\u00a0G\u1ea1o l\u1ee9c, d\u1ea7u c\u1ecd, maltodextrin, g\u1ea1o, b\u1eafp, \u0111\u01b0\u1eddng tinh luy\u1ec7n, b\u1ed9t \u0111\u1eadu n\u00e0nh (\u0111\u1eadu n\u00e0nh, l\u00faa m\u00ec, mu\u1ed1i, \u0111\u01b0\u1eddng), b\u1ed9t y\u1ebfn m\u1ea1ch, \u0111\u1eadu xanh, ki\u1ec1u m\u1ea1ch, h\u1ea1t sen \u0111\u00e3 b\u00f3c v\u1ecf, l\u00faa m\u1ea1ch xay nh\u1ecf, \u0111\u1eadu H\u00e0 Lan, \u0111\u1eadu \u0111\u1ecf nh\u1ecf, \u0111\u1eadu t\u00e2y, \u0111\u1eadu n\u00e0nh \u0111en, n\u1ebfp than.<\/li>\n<li><strong>\u01afu \u0111i\u1ec3m:\u00a0<\/strong>Cung c\u1ea5p dinh d\u01b0\u1ee1ng v\u00e0 vitamin t\u1eeb c\u00e1c lo\u1ea1i ng\u0169 c\u1ed1c, rong bi\u1ec3n b\u1ed5 sung n\u0103ng l\u01b0\u1ee3ng thi\u1ebft y\u1ebfu h\u00e0ng ng\u00e0y.<\/li>\n<li><strong>H\u01b0\u01a1ng v\u1ecb<\/strong>: v\u1ecb ng\u1ecdt v\u1eeba ph\u1ea3i, h\u01b0\u01a1ng th\u01a1m nh\u1eb9, d\u1ec5 \u0103n n\u00ean th\u00edch h\u1ee3p cho m\u1ecdi \u0111\u1ed1i t\u01b0\u1ee3ng.<\/li>\n<li><strong>Quy c\u00e1ch \u0111\u00f3ng g\u00f3i<\/strong>: S\u1ea3n ph\u1ea9m \u0111\u01b0\u1ee3c \u0111\u00f3ng g\u00f3i h\u1ed9p gi\u1ea5y \u0111\u1ea3m b\u1ea3o v\u1ec7 sinh ATTP, sang tr\u1ecdng, th\u00edch h\u1ee3p d\u00f9ng l\u00e0m qu\u00e0 bi\u1ebfu t\u1eb7ng, mang theo du l\u1ecbch, nh\u00e2m nhi b\u00ean t\u00e1ch tr\u00e0, c\u00e0 ph\u00ea c\u00f9ng ng\u01b0\u1eddi th\u00e2n, b\u1ea1n b\u00e8.<\/li>\n<li><strong>B\u1ea3o qu\u1ea3n:<\/strong>\u00a0B\u1ea3o qu\u1ea3n n\u01a1i kh\u00f4 r\u00e1o, tho\u00e1ng m\u00e1t, tr\u00e1nh \u00e1nh n\u1eafng tr\u1ef1c ti\u1ebfp.<\/li>\n<li><strong>HDSD:<\/strong>\u00a0D\u00f9ng tr\u1ef1c ti\u1ebfp sau khi m\u1edf bao b\u00ec.<\/li>\n<li><strong>H\u1ea1n s\u1eed d\u1ee5ng:<\/strong>\u00a012 th\u00e1ng<\/li>\n<\/ul>\n","protected":false},"excerpt":{"rendered":"<p>B\u00e1nh dinh d\u01b0\u1ee1ng 12 lo\u1ea1i \u0111\u1eadu Peitien \u2013 V\u1ecb Rong Bi\u1ec3n \u2013 G\u00f3i 180g\u00a0\u0111\u01b0\u1ee3c chi\u1ebft xu\u1ea5t t\u1eeb 12 lo\u1ea1i ng\u0169 c\u1ed1c v\u00e0 rong bi\u1ec3n ch\u1ee9a nhi\u1ec1u gi\u00e1 tr\u1ecb dinh d\u01b0\u1ee1ng r\u1ea5t t\u1ed1t cho s\u1ee9c kh\u1ecfe. Kh\u1ed1i l\u01b0\u1ee3ng\u00a0t\u1ecbnh: 180g (10 chi\u1ebfc) Xu\u1ea5t x\u1ee9:\u00a0\u0110\u00e0i Loan Th\u00e0nh ph\u1ea7n:\u00a0G\u1ea1o l\u1ee9c, d\u1ea7u c\u1ecd, maltodextrin, g\u1ea1o, b\u1eafp, \u0111\u01b0\u1eddng tinh luy\u1ec7n, b\u1ed9t [&hellip;]<\/p>\n","protected":false},"featured_media":1877,"comment_status":"closed","ping_status":"closed","template":"","meta":[],"product_brand":[82],"product_cat":[15],"product_tag":[172,174,70,173,114,176,120],"class_list":{"0":"post-1789","1":"product","2":"type-product","3":"status-publish","4":"has-post-thumbnail","6":"product_brand-peitien","7":"product_cat-banh-quy","8":"product_tag-banh-12-loai-dau","9":"product_tag-banh-an-vat","10":"product_tag-banh-an-vat-cho-be","11":"product_tag-banh-cac-loai-hat","12":"product_tag-banh-dinh-duong","13":"product_tag-banh-dinh-duong-12-loai-dau","14":"product_tag-banh-dinh-duong-ngu-coc-peitien","16":"first","17":"instock","18":"shipping-taxable","19":"product-type-simple"},"acf":[],"yoast_head":"<!-- This site is optimized with the Yoast SEO plugin v27.3 - https:\/\/yoast.com\/product\/yoast-seo-wordpress\/ -->\n<title>B\u00e1nh dinh d\u01b0\u1ee1ng 12 lo\u1ea1i \u0111\u1eadu Peitien - V\u1ecb Rong Bi\u1ec3n - G\u00f3i 180g - H\u1ee3p Ph\u00e1t Foods<\/title>\n<meta name=\"robots\" content=\"index, follow, max-snippet:-1, max-image-preview:large, max-video-preview:-1\" \/>\n<link rel=\"canonical\" href=\"https:\/\/hopphatfoods.com\/vi\/san-pham\/banh-dinh-duong-12-loai-dau-rong-bien\/\" \/>\n<meta property=\"og:locale\" content=\"vi_VN\" \/>\n<meta property=\"og:type\" content=\"article\" \/>\n<meta property=\"og:title\" content=\"B\u00e1nh dinh d\u01b0\u1ee1ng 12 lo\u1ea1i \u0111\u1eadu Peitien - V\u1ecb Rong Bi\u1ec3n - G\u00f3i 180g - H\u1ee3p Ph\u00e1t Foods\" \/>\n<meta property=\"og:description\" content=\"B\u00e1nh dinh d\u01b0\u1ee1ng 12 lo\u1ea1i \u0111\u1eadu Peitien \u2013 V\u1ecb Rong Bi\u1ec3n \u2013 G\u00f3i 180g\u00a0\u0111\u01b0\u1ee3c chi\u1ebft xu\u1ea5t t\u1eeb 12 lo\u1ea1i ng\u0169 c\u1ed1c v\u00e0 rong bi\u1ec3n ch\u1ee9a nhi\u1ec1u gi\u00e1 tr\u1ecb dinh d\u01b0\u1ee1ng r\u1ea5t t\u1ed1t cho s\u1ee9c kh\u1ecfe. Kh\u1ed1i l\u01b0\u1ee3ng\u00a0t\u1ecbnh: 180g (10 chi\u1ebfc) Xu\u1ea5t x\u1ee9:\u00a0\u0110\u00e0i Loan Th\u00e0nh ph\u1ea7n:\u00a0G\u1ea1o l\u1ee9c, d\u1ea7u c\u1ecd, maltodextrin, g\u1ea1o, b\u1eafp, \u0111\u01b0\u1eddng tinh luy\u1ec7n, b\u1ed9t [&hellip;]\" \/>\n<meta property=\"og:url\" content=\"https:\/\/hopphatfoods.com\/vi\/san-pham\/banh-dinh-duong-12-loai-dau-rong-bien\/\" \/>\n<meta property=\"og:site_name\" content=\"H\u1ee3p Ph\u00e1t Foods\" \/>\n<meta property=\"article:modified_time\" content=\"2025-11-19T02:54:42+00:00\" \/>\n<meta property=\"og:image\" content=\"https:\/\/hopphatfoods.com\/wp-content\/uploads\/2025\/10\/banh-dd-12-loai-dau-rong-bien.jpg\" \/>\n\t<meta property=\"og:image:width\" content=\"828\" \/>\n\t<meta property=\"og:image:height\" content=\"837\" \/>\n\t<meta property=\"og:image:type\" content=\"image\/jpeg\" \/>\n<meta name=\"twitter:card\" content=\"summary_large_image\" \/>\n<meta name=\"twitter:label1\" content=\"\u01af\u1edbc t\u00ednh th\u1eddi gian \u0111\u1ecdc\" \/>\n\t<meta name=\"twitter:data1\" content=\"2 ph\u00fat\" \/>\n<script type=\"application\/ld+json\" class=\"yoast-schema-graph\">{\"@context\":\"https:\\\/\\\/schema.org\",\"@graph\":[{\"@type\":\"WebPage\",\"@id\":\"https:\\\/\\\/hopphatfoods.com\\\/san-pham\\\/banh-dinh-duong-12-loai-dau-rong-bien\\\/\",\"url\":\"https:\\\/\\\/hopphatfoods.com\\\/san-pham\\\/banh-dinh-duong-12-loai-dau-rong-bien\\\/\",\"name\":\"B\u00e1nh dinh d\u01b0\u1ee1ng 12 lo\u1ea1i \u0111\u1eadu Peitien - V\u1ecb Rong Bi\u1ec3n - G\u00f3i 180g - H\u1ee3p Ph\u00e1t Foods\",\"isPartOf\":{\"@id\":\"https:\\\/\\\/hopphatfoods.com\\\/#website\"},\"primaryImageOfPage\":{\"@id\":\"https:\\\/\\\/hopphatfoods.com\\\/san-pham\\\/banh-dinh-duong-12-loai-dau-rong-bien\\\/#primaryimage\"},\"image\":{\"@id\":\"https:\\\/\\\/hopphatfoods.com\\\/san-pham\\\/banh-dinh-duong-12-loai-dau-rong-bien\\\/#primaryimage\"},\"thumbnailUrl\":\"https:\\\/\\\/hopphatfoods.com\\\/wp-content\\\/uploads\\\/2025\\\/10\\\/banh-dd-12-loai-dau-rong-bien.jpg\",\"datePublished\":\"2025-10-31T04:45:20+00:00\",\"dateModified\":\"2025-11-19T02:54:42+00:00\",\"breadcrumb\":{\"@id\":\"https:\\\/\\\/hopphatfoods.com\\\/san-pham\\\/banh-dinh-duong-12-loai-dau-rong-bien\\\/#breadcrumb\"},\"inLanguage\":\"vi\",\"potentialAction\":[{\"@type\":\"ReadAction\",\"target\":[\"https:\\\/\\\/hopphatfoods.com\\\/san-pham\\\/banh-dinh-duong-12-loai-dau-rong-bien\\\/\"]}]},{\"@type\":\"ImageObject\",\"inLanguage\":\"vi\",\"@id\":\"https:\\\/\\\/hopphatfoods.com\\\/san-pham\\\/banh-dinh-duong-12-loai-dau-rong-bien\\\/#primaryimage\",\"url\":\"https:\\\/\\\/hopphatfoods.com\\\/wp-content\\\/uploads\\\/2025\\\/10\\\/banh-dd-12-loai-dau-rong-bien.jpg\",\"contentUrl\":\"https:\\\/\\\/hopphatfoods.com\\\/wp-content\\\/uploads\\\/2025\\\/10\\\/banh-dd-12-loai-dau-rong-bien.jpg\",\"width\":828,\"height\":837},{\"@type\":\"BreadcrumbList\",\"@id\":\"https:\\\/\\\/hopphatfoods.com\\\/san-pham\\\/banh-dinh-duong-12-loai-dau-rong-bien\\\/#breadcrumb\",\"itemListElement\":[{\"@type\":\"ListItem\",\"position\":1,\"name\":\"Trang ch\u1ee7\",\"item\":\"https:\\\/\\\/hopphatfoods.com\\\/\"},{\"@type\":\"ListItem\",\"position\":2,\"name\":\"C\u1eeda h\u00e0ng\",\"item\":\"https:\\\/\\\/hopphatfoods.com\\\/vi\\\/cua-hang\\\/\"},{\"@type\":\"ListItem\",\"position\":3,\"name\":\"B\u00e1nh dinh d\u01b0\u1ee1ng 12 lo\u1ea1i \u0111\u1eadu Peitien &#8211; V\u1ecb Rong Bi\u1ec3n &#8211; G\u00f3i 180g\"}]},{\"@type\":\"WebSite\",\"@id\":\"https:\\\/\\\/hopphatfoods.com\\\/#website\",\"url\":\"https:\\\/\\\/hopphatfoods.com\\\/\",\"name\":\"H\u1ee3p Ph\u00e1t Foods\",\"description\":\"\",\"publisher\":{\"@id\":\"https:\\\/\\\/hopphatfoods.com\\\/#organization\"},\"potentialAction\":[{\"@type\":\"SearchAction\",\"target\":{\"@type\":\"EntryPoint\",\"urlTemplate\":\"https:\\\/\\\/hopphatfoods.com\\\/?s={search_term_string}\"},\"query-input\":{\"@type\":\"PropertyValueSpecification\",\"valueRequired\":true,\"valueName\":\"search_term_string\"}}],\"inLanguage\":\"vi\"},{\"@type\":\"Organization\",\"@id\":\"https:\\\/\\\/hopphatfoods.com\\\/#organization\",\"name\":\"H\u1ee3p Ph\u00e1t Foods\",\"url\":\"https:\\\/\\\/hopphatfoods.com\\\/\",\"logo\":{\"@type\":\"ImageObject\",\"inLanguage\":\"vi\",\"@id\":\"https:\\\/\\\/hopphatfoods.com\\\/#\\\/schema\\\/logo\\\/image\\\/\",\"url\":\"https:\\\/\\\/hopphatfoods.com\\\/wp-content\\\/uploads\\\/2024\\\/12\\\/logo.png\",\"contentUrl\":\"https:\\\/\\\/hopphatfoods.com\\\/wp-content\\\/uploads\\\/2024\\\/12\\\/logo.png\",\"width\":450,\"height\":124,\"caption\":\"H\u1ee3p Ph\u00e1t Foods\"},\"image\":{\"@id\":\"https:\\\/\\\/hopphatfoods.com\\\/#\\\/schema\\\/logo\\\/image\\\/\"}}]}<\/script>\n<!-- \/ Yoast SEO plugin. -->","yoast_head_json":{"title":"B\u00e1nh dinh d\u01b0\u1ee1ng 12 lo\u1ea1i \u0111\u1eadu Peitien - V\u1ecb Rong Bi\u1ec3n - G\u00f3i 180g - H\u1ee3p Ph\u00e1t Foods","robots":{"index":"index","follow":"follow","max-snippet":"max-snippet:-1","max-image-preview":"max-image-preview:large","max-video-preview":"max-video-preview:-1"},"canonical":"https:\/\/hopphatfoods.com\/vi\/san-pham\/banh-dinh-duong-12-loai-dau-rong-bien\/","og_locale":"vi_VN","og_type":"article","og_title":"B\u00e1nh dinh d\u01b0\u1ee1ng 12 lo\u1ea1i \u0111\u1eadu Peitien - V\u1ecb Rong Bi\u1ec3n - G\u00f3i 180g - H\u1ee3p Ph\u00e1t Foods","og_description":"B\u00e1nh dinh d\u01b0\u1ee1ng 12 lo\u1ea1i \u0111\u1eadu Peitien \u2013 V\u1ecb Rong Bi\u1ec3n \u2013 G\u00f3i 180g\u00a0\u0111\u01b0\u1ee3c chi\u1ebft xu\u1ea5t t\u1eeb 12 lo\u1ea1i ng\u0169 c\u1ed1c v\u00e0 rong bi\u1ec3n ch\u1ee9a nhi\u1ec1u gi\u00e1 tr\u1ecb dinh d\u01b0\u1ee1ng r\u1ea5t t\u1ed1t cho s\u1ee9c kh\u1ecfe. Kh\u1ed1i l\u01b0\u1ee3ng\u00a0t\u1ecbnh: 180g (10 chi\u1ebfc) Xu\u1ea5t x\u1ee9:\u00a0\u0110\u00e0i Loan Th\u00e0nh ph\u1ea7n:\u00a0G\u1ea1o l\u1ee9c, d\u1ea7u c\u1ecd, maltodextrin, g\u1ea1o, b\u1eafp, \u0111\u01b0\u1eddng tinh luy\u1ec7n, b\u1ed9t [&hellip;]","og_url":"https:\/\/hopphatfoods.com\/vi\/san-pham\/banh-dinh-duong-12-loai-dau-rong-bien\/","og_site_name":"H\u1ee3p Ph\u00e1t Foods","article_modified_time":"2025-11-19T02:54:42+00:00","og_image":[{"width":828,"height":837,"url":"https:\/\/hopphatfoods.com\/wp-content\/uploads\/2025\/10\/banh-dd-12-loai-dau-rong-bien.jpg","type":"image\/jpeg"}],"twitter_card":"summary_large_image","twitter_misc":{"\u01af\u1edbc t\u00ednh th\u1eddi gian \u0111\u1ecdc":"2 ph\u00fat"},"schema":{"@context":"https:\/\/schema.org","@graph":[{"@type":"WebPage","@id":"https:\/\/hopphatfoods.com\/san-pham\/banh-dinh-duong-12-loai-dau-rong-bien\/","url":"https:\/\/hopphatfoods.com\/san-pham\/banh-dinh-duong-12-loai-dau-rong-bien\/","name":"B\u00e1nh dinh d\u01b0\u1ee1ng 12 lo\u1ea1i \u0111\u1eadu Peitien - V\u1ecb Rong Bi\u1ec3n - G\u00f3i 180g - H\u1ee3p Ph\u00e1t Foods","isPartOf":{"@id":"https:\/\/hopphatfoods.com\/#website"},"primaryImageOfPage":{"@id":"https:\/\/hopphatfoods.com\/san-pham\/banh-dinh-duong-12-loai-dau-rong-bien\/#primaryimage"},"image":{"@id":"https:\/\/hopphatfoods.com\/san-pham\/banh-dinh-duong-12-loai-dau-rong-bien\/#primaryimage"},"thumbnailUrl":"https:\/\/hopphatfoods.com\/wp-content\/uploads\/2025\/10\/banh-dd-12-loai-dau-rong-bien.jpg","datePublished":"2025-10-31T04:45:20+00:00","dateModified":"2025-11-19T02:54:42+00:00","breadcrumb":{"@id":"https:\/\/hopphatfoods.com\/san-pham\/banh-dinh-duong-12-loai-dau-rong-bien\/#breadcrumb"},"inLanguage":"vi","potentialAction":[{"@type":"ReadAction","target":["https:\/\/hopphatfoods.com\/san-pham\/banh-dinh-duong-12-loai-dau-rong-bien\/"]}]},{"@type":"ImageObject","inLanguage":"vi","@id":"https:\/\/hopphatfoods.com\/san-pham\/banh-dinh-duong-12-loai-dau-rong-bien\/#primaryimage","url":"https:\/\/hopphatfoods.com\/wp-content\/uploads\/2025\/10\/banh-dd-12-loai-dau-rong-bien.jpg","contentUrl":"https:\/\/hopphatfoods.com\/wp-content\/uploads\/2025\/10\/banh-dd-12-loai-dau-rong-bien.jpg","width":828,"height":837},{"@type":"BreadcrumbList","@id":"https:\/\/hopphatfoods.com\/san-pham\/banh-dinh-duong-12-loai-dau-rong-bien\/#breadcrumb","itemListElement":[{"@type":"ListItem","position":1,"name":"Trang ch\u1ee7","item":"https:\/\/hopphatfoods.com\/"},{"@type":"ListItem","position":2,"name":"C\u1eeda h\u00e0ng","item":"https:\/\/hopphatfoods.com\/vi\/cua-hang\/"},{"@type":"ListItem","position":3,"name":"B\u00e1nh dinh d\u01b0\u1ee1ng 12 lo\u1ea1i \u0111\u1eadu Peitien &#8211; V\u1ecb Rong Bi\u1ec3n &#8211; G\u00f3i 180g"}]},{"@type":"WebSite","@id":"https:\/\/hopphatfoods.com\/#website","url":"https:\/\/hopphatfoods.com\/","name":"H\u1ee3p Ph\u00e1t Foods","description":"","publisher":{"@id":"https:\/\/hopphatfoods.com\/#organization"},"potentialAction":[{"@type":"SearchAction","target":{"@type":"EntryPoint","urlTemplate":"https:\/\/hopphatfoods.com\/?s={search_term_string}"},"query-input":{"@type":"PropertyValueSpecification","valueRequired":true,"valueName":"search_term_string"}}],"inLanguage":"vi"},{"@type":"Organization","@id":"https:\/\/hopphatfoods.com\/#organization","name":"H\u1ee3p Ph\u00e1t Foods","url":"https:\/\/hopphatfoods.com\/","logo":{"@type":"ImageObject","inLanguage":"vi","@id":"https:\/\/hopphatfoods.com\/#\/schema\/logo\/image\/","url":"https:\/\/hopphatfoods.com\/wp-content\/uploads\/2024\/12\/logo.png","contentUrl":"https:\/\/hopphatfoods.com\/wp-content\/uploads\/2024\/12\/logo.png","width":450,"height":124,"caption":"H\u1ee3p Ph\u00e1t Foods"},"image":{"@id":"https:\/\/hopphatfoods.com\/#\/schema\/logo\/image\/"}}]}},"_links":{"self":[{"href":"https:\/\/hopphatfoods.com\/vi\/wp-json\/wp\/v2\/product\/1789","targetHints":{"allow":["GET"]}}],"collection":[{"href":"https:\/\/hopphatfoods.com\/vi\/wp-json\/wp\/v2\/product"}],"about":[{"href":"https:\/\/hopphatfoods.com\/vi\/wp-json\/wp\/v2\/types\/product"}],"replies":[{"embeddable":true,"href":"https:\/\/hopphatfoods.com\/vi\/wp-json\/wp\/v2\/comments?post=1789"}],"wp:featuredmedia":[{"embeddable":true,"href":"https:\/\/hopphatfoods.com\/vi\/wp-json\/wp\/v2\/media\/1877"}],"wp:attachment":[{"href":"https:\/\/hopphatfoods.com\/vi\/wp-json\/wp\/v2\/media?parent=1789"}],"wp:term":[{"taxonomy":"product_brand","embeddable":true,"href":"https:\/\/hopphatfoods.com\/vi\/wp-json\/wp\/v2\/product_brand?post=1789"},{"taxonomy":"product_cat","embeddable":true,"href":"https:\/\/hopphatfoods.com\/vi\/wp-json\/wp\/v2\/product_cat?post=1789"},{"taxonomy":"product_tag","embeddable":true,"href":"https:\/\/hopphatfoods.com\/vi\/wp-json\/wp\/v2\/product_tag?post=1789"}],"curies":[{"name":"wp","href":"https:\/\/api.w.org\/{rel}","templated":true}]}}