{"id":1776,"date":"2025-10-31T10:29:51","date_gmt":"2025-10-31T03:29:51","guid":{"rendered":"https:\/\/hopphatfoods.com\/?post_type=product&#038;p=1776"},"modified":"2025-12-24T15:33:38","modified_gmt":"2025-12-24T08:33:38","slug":"tra-den-elimad-hop-thiec-100g","status":"publish","type":"product","link":"https:\/\/hopphatfoods.com\/vi\/san-pham\/tra-den-elimad-hop-thiec-100g\/","title":{"rendered":"Tr\u00e0 \u0110en ELIMAD H\u1ed9p Thi\u1ebfc 100g"},"content":{"rendered":"<p><strong>Tr\u00e0 \u0110en ELIMAD H\u1ed9p Thi\u1ebfc 100g<\/strong> l\u00e0 tr\u00e0 mang h\u01b0\u01a1ng th\u01a1m t\u1ef1 nhi\u00ean, v\u1ecb \u0111\u1eadm v\u1eeba, h\u1eadu ng\u1ecdt nh\u1eb9 v\u00e0 c\u1ea3m gi\u00e1c t\u1ec9nh t\u00e1o d\u1ec5 ch\u1ecbu. \u0110\u00e2y l\u00e0 l\u1ef1a ch\u1ecdn ho\u00e0n h\u1ea3o \u0111\u1ec3 l\u00e0m qu\u00e0 t\u1eb7ng v\u00e0 th\u01b0\u1edfng th\u1ee9c trong c\u00e1c d\u1ecbp \u0111\u1eb7c bi\u1ec7t.<\/p>\n<h2><strong>Xu\u1ea5t x\u1ee9:<\/strong><\/h2>\n<p>Nh\u1eadp kh\u1ea9u tr\u1ef1c ti\u1ebfp t\u1eeb Srilanka, s\u1ea3n xu\u1ea5t tr\u00ean d\u00e2y chuy\u1ec1n \u0111\u1ea1t chu\u1ea9n qu\u1ed1c t\u1ebf, \u0111\u1ea3m b\u1ea3o h\u01b0\u01a1ng v\u1ecb th\u01a1m ngon, an to\u00e0n v\u00e0 \u0111\u1ed3ng nh\u1ea5t ch\u1ea5t l\u01b0\u1ee3ng.<\/p>\n<h2><strong>\u0110\u1eb7c \u0111i\u1ec3m n\u1ed5i b\u1eadt:<\/strong><\/h2>\n<ul>\n<li>Tr\u00e0 \u0111en nguy\u00ean ch\u1ea5t v\u1edbi h\u01b0\u01a1ng th\u01a1m thanh, v\u1ecb \u0111\u1eadm c\u00e2n b\u1eb1ng \u2013 d\u1ec5 u\u1ed1ng.<\/li>\n<li>Gam 3 m\u00e0u m\u00e0u \u0111\u1ecf, v\u00e0ng, xanh c\u00f9ng bi\u1ec3u t\u01b0\u1ee3ng m\u00e2y bi\u1ec3u t\u01b0\u1ee3ng cho s\u1ef1 nh\u1eb9 nh\u00e0ng v\u00e0 t\u1ef1 do, g\u1eedi g\u1eafm \u0111i\u1ec1m l\u00e0nh v\u00e0 s\u1ef1 th\u1ecbnh v\u01b0\u1ee3ng, ph\u00f9 h\u1ee3p g\u1eedi qu\u00e0 bi\u1ebfu v\u00e0o ng\u00e0y l\u1ec5, T\u1ebft.<\/li>\n<\/ul>\n<h2>S\u1eed d\u1ee5ng:<\/h2>\n<ul>\n<li><strong>S\u1eed d\u1ee5ng h\u00e0ng ng\u00e0y:<\/strong> D\u00f9ng k\u00e8m v\u1edbi b\u00e1nh, k\u1eb9o hay m\u00f3n \u0103n nh\u1eb9 ti\u1ec7n l\u1ee3i cho c\u1ea3 gia \u0111\u00ecnh, ti\u1ebfp kh\u00e1ch.<\/li>\n<li><strong>Th\u1eafp h\u01b0\u01a1ng \u2013 l\u1ec5 c\u00fang:<\/strong>\u00a0Thi\u1ebft k\u1ebf trang nh\u00e3, l\u1ecbch s\u1ef1, ph\u00f9 h\u1ee3p b\u00e0y m\u00e2m l\u1ec5 trong c\u00e1c d\u1ecbp l\u1ec5 T\u1ebft, r\u1eb1m, gi\u1ed7 ch\u1ea1p.<\/li>\n<li><strong>Doanh nghi\u1ec7p \u2013 gi\u1ecf qu\u00e0 T\u1ebft:<\/strong>\u00a0S\u1ea3n ph\u1ea9m \u0111\u1eb9p m\u1eaft, \u00fd ngh\u0129a, th\u00edch h\u1ee3p \u0111\u1ec3 \u0111\u00f3ng gi\u1ecf qu\u00e0 T\u1ebft cho nh\u00e2n vi\u00ean, kh\u00e1ch h\u00e0ng, \u0111\u1ed1i t\u00e1c.<\/li>\n<li><strong>Qu\u00e0 bi\u1ebfu, \u0111i l\u1ec5:<\/strong>\u00a0H\u1ed9p thi\u1ebfc sang tr\u1ecdng, d\u1ec5 mang theo, l\u00e0 m\u00f3n qu\u00e0 tinh t\u1ebf g\u1eedi g\u1eafm l\u1eddi ch\u00fac may m\u1eafn, \u0111\u1ee7 \u0111\u1ea7y.<\/li>\n<li><strong>Gia \u0111\u00ecnh &amp; ti\u1ebfp kh\u00e1ch:<\/strong>\u00a0B\u00e1nh th\u01a1m ngon, bao b\u00ec \u0111\u1eb9p m\u1eaft \u2013 gi\u00fap b\u00e0n tr\u00e0 ng\u00e0y T\u1ebft th\u00eam ph\u1ea7n \u1ea5m c\u00fang v\u00e0 sang tr\u1ecdng.<\/li>\n<\/ul>\n<h2>\u0110\u1ecba ch\u1ec9 ph\u00e2n ph\u1ed1i Tr\u00e0 \u0110en ELIMAD H\u1ed9p Thi\u1ebfc 100g<\/h2>\n<p><strong>Tr\u00e0 \u0110en ELIMAD H\u1ed9p Thi\u1ebfc 100g<\/strong> \u0111\u00e3 c\u00f3 m\u1eb7t t\u1ea1i c\u00e1c h\u1ec7 th\u1ed1ng ph\u00e2n ph\u1ed1i:<\/p>\n<ul>\n<li>C\u00e1c si\u00eau th\u1ecb l\u1edbn: \u0110\u1ee9c Th\u00e0nh, Th\u00e0nh \u0110\u00f4, T-Mart, BRG\u2026<\/li>\n<li>C\u00e1c \u0111\u1ea1i l\u00fd, c\u1eeda h\u00e0ng t\u1ea1p h\u00f3a tr\u00ean to\u00e0n qu\u1ed1c.<\/li>\n<li>Mua online d\u1ec5 d\u00e0ng tr\u00ean Shopee, TikTok, Fanpage.<\/li>\n<li>Hotline t\u01b0 v\u1ea5n mi\u1ec5n ph\u00ed:\u00a0<strong>0389.666.113 ho\u1eb7c t\u1ed5ng \u0111\u00e0i 1900 \u2013 4418<\/strong><\/li>\n<\/ul>\n","protected":false},"excerpt":{"rendered":"<p><strong>Tr\u00e0 \u0110en ELIMAD H\u1ed9p Thi\u1ebfc 100g<\/strong> l\u00e0 tr\u00e0 mang h\u01b0\u01a1ng th\u01a1m t\u1ef1 nhi\u00ean, v\u1ecb \u0111\u1eadm v\u1eeba, h\u1eadu ng\u1ecdt nh\u1eb9 v\u00e0 c\u1ea3m gi\u00e1c t\u1ec9nh t\u00e1o d\u1ec5 ch\u1ecbu, ho\u00e0n h\u1ea3o \u0111\u1ec3 l\u00e0m qu\u00e0 t\u1eb7ng ng\u00e0y l\u1ec5, T\u1ebft<\/p>\n","protected":false},"featured_media":2382,"comment_status":"closed","ping_status":"closed","template":"","meta":[],"product_brand":[79],"product_cat":[25],"product_tag":[422,421,423,543,420],"class_list":{"0":"post-1776","1":"product","2":"type-product","3":"status-publish","4":"has-post-thumbnail","6":"product_brand-elimad-tea","7":"product_cat-tra","8":"product_tag-tra-den-elimad","9":"product_tag-tra-den-elimad-100g","10":"product_tag-tra-den-elimad-hop-100g","11":"product_tag-tra-den-elimad-hop-thiec","12":"product_tag-tra-den-elimad-hop-thiec-100g","14":"first","15":"instock","16":"shipping-taxable","17":"product-type-simple"},"acf":[],"yoast_head":"<!-- This site is optimized with the Yoast SEO plugin v27.3 - https:\/\/yoast.com\/product\/yoast-seo-wordpress\/ -->\n<title>Tr\u00e0 \u0110en ELIMAD H\u1ed9p Thi\u1ebfc 100g - H\u1ee3p Ph\u00e1t Foods<\/title>\n<meta name=\"description\" content=\"Tr\u00e0 \u0110en ELIMAD H\u1ed9p Thi\u1ebfc 100g l\u00e0 tr\u00e0 mang h\u01b0\u01a1ng th\u01a1m t\u1ef1 nhi\u00ean, v\u1ecb \u0111\u1eadm v\u1eeba, h\u1eadu ng\u1ecdt nh\u1eb9 v\u00e0 c\u1ea3m gi\u00e1c t\u1ec9nh t\u00e1o d\u1ec5 ch\u1ecbu, ho\u00e0n h\u1ea3o \u0111\u1ec3 l\u00e0m qu\u00e0 t\u1eb7ng ng\u00e0y l\u1ec5, T\u1ebft\" \/>\n<meta name=\"robots\" content=\"index, follow, max-snippet:-1, max-image-preview:large, max-video-preview:-1\" \/>\n<link rel=\"canonical\" href=\"https:\/\/hopphatfoods.com\/vi\/san-pham\/tra-den-elimad-hop-thiec-100g\/\" \/>\n<meta property=\"og:locale\" content=\"vi_VN\" \/>\n<meta property=\"og:type\" content=\"article\" \/>\n<meta property=\"og:title\" content=\"Tr\u00e0 \u0110en ELIMAD H\u1ed9p Thi\u1ebfc 100g - H\u1ee3p Ph\u00e1t Foods\" \/>\n<meta property=\"og:description\" content=\"Tr\u00e0 \u0110en ELIMAD H\u1ed9p Thi\u1ebfc 100g l\u00e0 tr\u00e0 mang h\u01b0\u01a1ng th\u01a1m t\u1ef1 nhi\u00ean, v\u1ecb \u0111\u1eadm v\u1eeba, h\u1eadu ng\u1ecdt nh\u1eb9 v\u00e0 c\u1ea3m gi\u00e1c t\u1ec9nh t\u00e1o d\u1ec5 ch\u1ecbu, ho\u00e0n h\u1ea3o \u0111\u1ec3 l\u00e0m qu\u00e0 t\u1eb7ng ng\u00e0y l\u1ec5, T\u1ebft\" \/>\n<meta property=\"og:url\" content=\"https:\/\/hopphatfoods.com\/vi\/san-pham\/tra-den-elimad-hop-thiec-100g\/\" \/>\n<meta property=\"og:site_name\" content=\"H\u1ee3p Ph\u00e1t Foods\" \/>\n<meta property=\"article:modified_time\" content=\"2025-12-24T08:33:38+00:00\" \/>\n<meta property=\"og:image\" content=\"https:\/\/hopphatfoods.com\/wp-content\/uploads\/2025\/10\/71.jpg\" \/>\n\t<meta property=\"og:image:width\" content=\"1200\" \/>\n\t<meta property=\"og:image:height\" content=\"1200\" \/>\n\t<meta property=\"og:image:type\" content=\"image\/jpeg\" \/>\n<meta name=\"twitter:card\" content=\"summary_large_image\" \/>\n<meta name=\"twitter:label1\" content=\"\u01af\u1edbc t\u00ednh th\u1eddi gian \u0111\u1ecdc\" \/>\n\t<meta name=\"twitter:data1\" content=\"2 ph\u00fat\" \/>\n<script type=\"application\/ld+json\" class=\"yoast-schema-graph\">{\"@context\":\"https:\\\/\\\/schema.org\",\"@graph\":[{\"@type\":\"WebPage\",\"@id\":\"https:\\\/\\\/hopphatfoods.com\\\/vi\\\/san-pham\\\/tra-den-elimad-hop-thiec-100g\\\/\",\"url\":\"https:\\\/\\\/hopphatfoods.com\\\/vi\\\/san-pham\\\/tra-den-elimad-hop-thiec-100g\\\/\",\"name\":\"Tr\u00e0 \u0110en ELIMAD H\u1ed9p Thi\u1ebfc 100g - H\u1ee3p Ph\u00e1t Foods\",\"isPartOf\":{\"@id\":\"https:\\\/\\\/hopphatfoods.com\\\/#website\"},\"primaryImageOfPage\":{\"@id\":\"https:\\\/\\\/hopphatfoods.com\\\/vi\\\/san-pham\\\/tra-den-elimad-hop-thiec-100g\\\/#primaryimage\"},\"image\":{\"@id\":\"https:\\\/\\\/hopphatfoods.com\\\/vi\\\/san-pham\\\/tra-den-elimad-hop-thiec-100g\\\/#primaryimage\"},\"thumbnailUrl\":\"https:\\\/\\\/hopphatfoods.com\\\/wp-content\\\/uploads\\\/2025\\\/10\\\/71.jpg\",\"datePublished\":\"2025-10-31T03:29:51+00:00\",\"dateModified\":\"2025-12-24T08:33:38+00:00\",\"description\":\"Tr\u00e0 \u0110en ELIMAD H\u1ed9p Thi\u1ebfc 100g l\u00e0 tr\u00e0 mang h\u01b0\u01a1ng th\u01a1m t\u1ef1 nhi\u00ean, v\u1ecb \u0111\u1eadm v\u1eeba, h\u1eadu ng\u1ecdt nh\u1eb9 v\u00e0 c\u1ea3m gi\u00e1c t\u1ec9nh t\u00e1o d\u1ec5 ch\u1ecbu, ho\u00e0n h\u1ea3o \u0111\u1ec3 l\u00e0m qu\u00e0 t\u1eb7ng ng\u00e0y l\u1ec5, T\u1ebft\",\"breadcrumb\":{\"@id\":\"https:\\\/\\\/hopphatfoods.com\\\/vi\\\/san-pham\\\/tra-den-elimad-hop-thiec-100g\\\/#breadcrumb\"},\"inLanguage\":\"vi\",\"potentialAction\":[{\"@type\":\"ReadAction\",\"target\":[\"https:\\\/\\\/hopphatfoods.com\\\/vi\\\/san-pham\\\/tra-den-elimad-hop-thiec-100g\\\/\"]}]},{\"@type\":\"ImageObject\",\"inLanguage\":\"vi\",\"@id\":\"https:\\\/\\\/hopphatfoods.com\\\/vi\\\/san-pham\\\/tra-den-elimad-hop-thiec-100g\\\/#primaryimage\",\"url\":\"https:\\\/\\\/hopphatfoods.com\\\/wp-content\\\/uploads\\\/2025\\\/10\\\/71.jpg\",\"contentUrl\":\"https:\\\/\\\/hopphatfoods.com\\\/wp-content\\\/uploads\\\/2025\\\/10\\\/71.jpg\",\"width\":1200,\"height\":1200,\"caption\":\"Tr\u00e0 \u0110en ELIMAD H\u1ed9p Thi\u1ebfc 100g\"},{\"@type\":\"BreadcrumbList\",\"@id\":\"https:\\\/\\\/hopphatfoods.com\\\/vi\\\/san-pham\\\/tra-den-elimad-hop-thiec-100g\\\/#breadcrumb\",\"itemListElement\":[{\"@type\":\"ListItem\",\"position\":1,\"name\":\"Trang ch\u1ee7\",\"item\":\"https:\\\/\\\/hopphatfoods.com\\\/\"},{\"@type\":\"ListItem\",\"position\":2,\"name\":\"C\u1eeda h\u00e0ng\",\"item\":\"https:\\\/\\\/hopphatfoods.com\\\/vi\\\/cua-hang\\\/\"},{\"@type\":\"ListItem\",\"position\":3,\"name\":\"Tr\u00e0 \u0110en ELIMAD H\u1ed9p Thi\u1ebfc 100g\"}]},{\"@type\":\"WebSite\",\"@id\":\"https:\\\/\\\/hopphatfoods.com\\\/#website\",\"url\":\"https:\\\/\\\/hopphatfoods.com\\\/\",\"name\":\"H\u1ee3p Ph\u00e1t Foods\",\"description\":\"\",\"publisher\":{\"@id\":\"https:\\\/\\\/hopphatfoods.com\\\/#organization\"},\"potentialAction\":[{\"@type\":\"SearchAction\",\"target\":{\"@type\":\"EntryPoint\",\"urlTemplate\":\"https:\\\/\\\/hopphatfoods.com\\\/?s={search_term_string}\"},\"query-input\":{\"@type\":\"PropertyValueSpecification\",\"valueRequired\":true,\"valueName\":\"search_term_string\"}}],\"inLanguage\":\"vi\"},{\"@type\":\"Organization\",\"@id\":\"https:\\\/\\\/hopphatfoods.com\\\/#organization\",\"name\":\"H\u1ee3p Ph\u00e1t Foods\",\"url\":\"https:\\\/\\\/hopphatfoods.com\\\/\",\"logo\":{\"@type\":\"ImageObject\",\"inLanguage\":\"vi\",\"@id\":\"https:\\\/\\\/hopphatfoods.com\\\/#\\\/schema\\\/logo\\\/image\\\/\",\"url\":\"https:\\\/\\\/hopphatfoods.com\\\/wp-content\\\/uploads\\\/2024\\\/12\\\/logo.png\",\"contentUrl\":\"https:\\\/\\\/hopphatfoods.com\\\/wp-content\\\/uploads\\\/2024\\\/12\\\/logo.png\",\"width\":450,\"height\":124,\"caption\":\"H\u1ee3p Ph\u00e1t Foods\"},\"image\":{\"@id\":\"https:\\\/\\\/hopphatfoods.com\\\/#\\\/schema\\\/logo\\\/image\\\/\"}}]}<\/script>\n<!-- \/ Yoast SEO plugin. -->","yoast_head_json":{"title":"Tr\u00e0 \u0110en ELIMAD H\u1ed9p Thi\u1ebfc 100g - H\u1ee3p Ph\u00e1t Foods","description":"Tr\u00e0 \u0110en ELIMAD H\u1ed9p Thi\u1ebfc 100g l\u00e0 tr\u00e0 mang h\u01b0\u01a1ng th\u01a1m t\u1ef1 nhi\u00ean, v\u1ecb \u0111\u1eadm v\u1eeba, h\u1eadu ng\u1ecdt nh\u1eb9 v\u00e0 c\u1ea3m gi\u00e1c t\u1ec9nh t\u00e1o d\u1ec5 ch\u1ecbu, ho\u00e0n h\u1ea3o \u0111\u1ec3 l\u00e0m qu\u00e0 t\u1eb7ng ng\u00e0y l\u1ec5, T\u1ebft","robots":{"index":"index","follow":"follow","max-snippet":"max-snippet:-1","max-image-preview":"max-image-preview:large","max-video-preview":"max-video-preview:-1"},"canonical":"https:\/\/hopphatfoods.com\/vi\/san-pham\/tra-den-elimad-hop-thiec-100g\/","og_locale":"vi_VN","og_type":"article","og_title":"Tr\u00e0 \u0110en ELIMAD H\u1ed9p Thi\u1ebfc 100g - H\u1ee3p Ph\u00e1t Foods","og_description":"Tr\u00e0 \u0110en ELIMAD H\u1ed9p Thi\u1ebfc 100g l\u00e0 tr\u00e0 mang h\u01b0\u01a1ng th\u01a1m t\u1ef1 nhi\u00ean, v\u1ecb \u0111\u1eadm v\u1eeba, h\u1eadu ng\u1ecdt nh\u1eb9 v\u00e0 c\u1ea3m gi\u00e1c t\u1ec9nh t\u00e1o d\u1ec5 ch\u1ecbu, ho\u00e0n h\u1ea3o \u0111\u1ec3 l\u00e0m qu\u00e0 t\u1eb7ng ng\u00e0y l\u1ec5, T\u1ebft","og_url":"https:\/\/hopphatfoods.com\/vi\/san-pham\/tra-den-elimad-hop-thiec-100g\/","og_site_name":"H\u1ee3p Ph\u00e1t Foods","article_modified_time":"2025-12-24T08:33:38+00:00","og_image":[{"width":1200,"height":1200,"url":"https:\/\/hopphatfoods.com\/wp-content\/uploads\/2025\/10\/71.jpg","type":"image\/jpeg"}],"twitter_card":"summary_large_image","twitter_misc":{"\u01af\u1edbc t\u00ednh th\u1eddi gian \u0111\u1ecdc":"2 ph\u00fat"},"schema":{"@context":"https:\/\/schema.org","@graph":[{"@type":"WebPage","@id":"https:\/\/hopphatfoods.com\/vi\/san-pham\/tra-den-elimad-hop-thiec-100g\/","url":"https:\/\/hopphatfoods.com\/vi\/san-pham\/tra-den-elimad-hop-thiec-100g\/","name":"Tr\u00e0 \u0110en ELIMAD H\u1ed9p Thi\u1ebfc 100g - H\u1ee3p Ph\u00e1t Foods","isPartOf":{"@id":"https:\/\/hopphatfoods.com\/#website"},"primaryImageOfPage":{"@id":"https:\/\/hopphatfoods.com\/vi\/san-pham\/tra-den-elimad-hop-thiec-100g\/#primaryimage"},"image":{"@id":"https:\/\/hopphatfoods.com\/vi\/san-pham\/tra-den-elimad-hop-thiec-100g\/#primaryimage"},"thumbnailUrl":"https:\/\/hopphatfoods.com\/wp-content\/uploads\/2025\/10\/71.jpg","datePublished":"2025-10-31T03:29:51+00:00","dateModified":"2025-12-24T08:33:38+00:00","description":"Tr\u00e0 \u0110en ELIMAD H\u1ed9p Thi\u1ebfc 100g l\u00e0 tr\u00e0 mang h\u01b0\u01a1ng th\u01a1m t\u1ef1 nhi\u00ean, v\u1ecb \u0111\u1eadm v\u1eeba, h\u1eadu ng\u1ecdt nh\u1eb9 v\u00e0 c\u1ea3m gi\u00e1c t\u1ec9nh t\u00e1o d\u1ec5 ch\u1ecbu, ho\u00e0n h\u1ea3o \u0111\u1ec3 l\u00e0m qu\u00e0 t\u1eb7ng ng\u00e0y l\u1ec5, T\u1ebft","breadcrumb":{"@id":"https:\/\/hopphatfoods.com\/vi\/san-pham\/tra-den-elimad-hop-thiec-100g\/#breadcrumb"},"inLanguage":"vi","potentialAction":[{"@type":"ReadAction","target":["https:\/\/hopphatfoods.com\/vi\/san-pham\/tra-den-elimad-hop-thiec-100g\/"]}]},{"@type":"ImageObject","inLanguage":"vi","@id":"https:\/\/hopphatfoods.com\/vi\/san-pham\/tra-den-elimad-hop-thiec-100g\/#primaryimage","url":"https:\/\/hopphatfoods.com\/wp-content\/uploads\/2025\/10\/71.jpg","contentUrl":"https:\/\/hopphatfoods.com\/wp-content\/uploads\/2025\/10\/71.jpg","width":1200,"height":1200,"caption":"Tr\u00e0 \u0110en ELIMAD H\u1ed9p Thi\u1ebfc 100g"},{"@type":"BreadcrumbList","@id":"https:\/\/hopphatfoods.com\/vi\/san-pham\/tra-den-elimad-hop-thiec-100g\/#breadcrumb","itemListElement":[{"@type":"ListItem","position":1,"name":"Trang ch\u1ee7","item":"https:\/\/hopphatfoods.com\/"},{"@type":"ListItem","position":2,"name":"C\u1eeda h\u00e0ng","item":"https:\/\/hopphatfoods.com\/vi\/cua-hang\/"},{"@type":"ListItem","position":3,"name":"Tr\u00e0 \u0110en ELIMAD H\u1ed9p Thi\u1ebfc 100g"}]},{"@type":"WebSite","@id":"https:\/\/hopphatfoods.com\/#website","url":"https:\/\/hopphatfoods.com\/","name":"H\u1ee3p Ph\u00e1t Foods","description":"","publisher":{"@id":"https:\/\/hopphatfoods.com\/#organization"},"potentialAction":[{"@type":"SearchAction","target":{"@type":"EntryPoint","urlTemplate":"https:\/\/hopphatfoods.com\/?s={search_term_string}"},"query-input":{"@type":"PropertyValueSpecification","valueRequired":true,"valueName":"search_term_string"}}],"inLanguage":"vi"},{"@type":"Organization","@id":"https:\/\/hopphatfoods.com\/#organization","name":"H\u1ee3p Ph\u00e1t Foods","url":"https:\/\/hopphatfoods.com\/","logo":{"@type":"ImageObject","inLanguage":"vi","@id":"https:\/\/hopphatfoods.com\/#\/schema\/logo\/image\/","url":"https:\/\/hopphatfoods.com\/wp-content\/uploads\/2024\/12\/logo.png","contentUrl":"https:\/\/hopphatfoods.com\/wp-content\/uploads\/2024\/12\/logo.png","width":450,"height":124,"caption":"H\u1ee3p Ph\u00e1t Foods"},"image":{"@id":"https:\/\/hopphatfoods.com\/#\/schema\/logo\/image\/"}}]}},"_links":{"self":[{"href":"https:\/\/hopphatfoods.com\/vi\/wp-json\/wp\/v2\/product\/1776","targetHints":{"allow":["GET"]}}],"collection":[{"href":"https:\/\/hopphatfoods.com\/vi\/wp-json\/wp\/v2\/product"}],"about":[{"href":"https:\/\/hopphatfoods.com\/vi\/wp-json\/wp\/v2\/types\/product"}],"replies":[{"embeddable":true,"href":"https:\/\/hopphatfoods.com\/vi\/wp-json\/wp\/v2\/comments?post=1776"}],"wp:featuredmedia":[{"embeddable":true,"href":"https:\/\/hopphatfoods.com\/vi\/wp-json\/wp\/v2\/media\/2382"}],"wp:attachment":[{"href":"https:\/\/hopphatfoods.com\/vi\/wp-json\/wp\/v2\/media?parent=1776"}],"wp:term":[{"taxonomy":"product_brand","embeddable":true,"href":"https:\/\/hopphatfoods.com\/vi\/wp-json\/wp\/v2\/product_brand?post=1776"},{"taxonomy":"product_cat","embeddable":true,"href":"https:\/\/hopphatfoods.com\/vi\/wp-json\/wp\/v2\/product_cat?post=1776"},{"taxonomy":"product_tag","embeddable":true,"href":"https:\/\/hopphatfoods.com\/vi\/wp-json\/wp\/v2\/product_tag?post=1776"}],"curies":[{"name":"wp","href":"https:\/\/api.w.org\/{rel}","templated":true}]}}