{"id":1589,"date":"2025-08-01T10:33:13","date_gmt":"2025-08-01T03:33:13","guid":{"rendered":"https:\/\/hopphatfoods.com\/?post_type=product&#038;p=1589"},"modified":"2025-11-28T15:14:34","modified_gmt":"2025-11-28T08:14:34","slug":"yen-mach-nguyen-chat-eudora-hop-300g","status":"publish","type":"product","link":"https:\/\/hopphatfoods.com\/vi\/san-pham\/yen-mach-nguyen-chat-eudora-hop-300g\/","title":{"rendered":"Y\u1ebfn M\u1ea1ch Nguy\u00ean Ch\u1ea5t EUDORA H\u1ed9p 300g"},"content":{"rendered":"<p style=\"text-align: justify;\">Y\u1ebfn m\u1ea1ch nguy\u00ean ch\u1ea5t Eudora nh\u1eadp kh\u1ea9u ch\u00ednh h\u00e3ng t\u1eeb \u00dac. S\u1ea3n ph\u1ea9m kh\u00f4ng ch\u1ee9a ch\u1ea5t b\u1ea3o qu\u1ea3n, kh\u00f4ng h\u01b0\u01a1ng li\u1ec7u, kh\u00f4ng ph\u1ee5 gia, gi\u1eef tr\u1ecdn v\u1eb9n \u0111\u1ed9 tinh khi\u1ebft v\u00e0 gi\u00e1 tr\u1ecb dinh d\u01b0\u1ee1ng t\u1ef1 nhi\u00ean.<\/p>\n<h2 style=\"text-align: justify;\">Th\u00e0nh ph\u1ea7n:<\/h2>\n<p style=\"text-align: justify;\">100% y\u1ebfn m\u1ea1ch nguy\u00ean ch\u1ea5t \u0111\u01b0\u1ee3c nh\u1eadp kh\u1ea9u tr\u1ef1c ti\u1ebfp t\u1eeb \u00dac.<\/p>\n<h2 style=\"text-align: justify;\">Quy c\u00e1ch \u0111\u00f3ng g\u00f3i:<\/h2>\n<ul style=\"text-align: justify;\">\n<li>Y\u1ebfn m\u1ea1ch d\u1ea1ng v\u1ea3y (oatmeal)<\/li>\n<li>H\u1ed9p 300g \u2013 ti\u1ec7n l\u1ee3i cho s\u1eed d\u1ee5ng h\u1eb1ng ng\u00e0y v\u00e0 b\u1ea3o qu\u1ea3n l\u00e2u d\u00e0i.<\/li>\n<\/ul>\n<h2 style=\"text-align: justify;\"><strong>C\u00f4ng d\u1ee5ng:<\/strong><\/h2>\n<ul style=\"text-align: justify;\">\n<li>Cung c\u1ea5p ch\u1ea5t x\u01a1 t\u1ef1 nhi\u00ean, h\u1ed7 tr\u1ee3 ti\u00eau h\u00f3a.<\/li>\n<li>Gi\u00e0u vitamin nh\u00f3m B, s\u1eaft, magie, k\u1ebdm v\u00e0 c\u00e1c kho\u00e1ng ch\u1ea5t thi\u1ebft y\u1ebfu gi\u00fap n\u00e2ng cao s\u1ee9c \u0111\u1ec1 kh\u00e1ng, b\u1ed5 sung n\u0103ng l\u01b0\u1ee3ng m\u1ed7i ng\u00e0y.<\/li>\n<li>H\u1ed7 tr\u1ee3 ki\u1ec3m so\u00e1t cholesterol, huy\u1ebft \u00e1p v\u00e0 \u0111\u01b0\u1eddng huy\u1ebft.<\/li>\n<li>B\u1ed5 sung dinh d\u01b0\u1ee1ng l\u00e0nh m\u1ea1nh cho ng\u01b0\u1eddi theo ch\u1ebf \u0111\u1ed9 \u0103n eat clean, gi\u1ea3m c\u00e2n, keto ho\u1eb7c th\u1ef1c d\u01b0\u1ee1ng.<\/li>\n<li>L\u00e0 ngu\u1ed3n tinh b\u1ed9t t\u1ed1t thay th\u1ebf c\u01a1m\/b\u00fan, gi\u00fap b\u1eefa \u0103n tr\u1edf n\u00ean nh\u1eb9 nh\u00e0ng, l\u00e0nh m\u1ea1nh h\u01a1n.<\/li>\n<li>Y\u1ebfn m\u1ea1ch c\u0169ng \u0111\u01b0\u1ee3c s\u1eed d\u1ee5ng trong vi\u1ec7c l\u00e0m \u0111\u1eb9p da, ch\u1ed1ng l\u00e3o h\u00f3a hi\u1ec7u qu\u1ea3.<\/li>\n<\/ul>\n<h2 style=\"text-align: justify;\"><strong>\u0110\u1ed1i t\u01b0\u1ee3ng s\u1eed d\u1ee5ng:<\/strong><\/h2>\n<ul style=\"text-align: justify;\">\n<li data-start=\"1517\" data-end=\"1571\">Ph\u00f9 h\u1ee3p ng\u01b0\u1eddi quan t\u00e2m \u0111\u1ebfn s\u1ee9c kh\u1ecfe, \u0103n u\u1ed1ng l\u00e0nh m\u1ea1nh v\u00e0 gi\u1eef v\u00f3c d\u00e1ng.<\/li>\n<li data-start=\"1574\" data-end=\"1628\">Ng\u01b0\u1eddi \u0103n chay, \u0103n ki\u00eang, theo l\u1ed1i s\u1ed1ng Eat Clean, Keto.<\/li>\n<li data-start=\"1631\" data-end=\"1660\">Tr\u1ebb em trong giai \u0111o\u1ea1n \u0103n d\u1eb7m.<\/li>\n<li data-start=\"1663\" data-end=\"1723\">Ng\u01b0\u1eddi cao tu\u1ed5i ho\u1eb7c ng\u01b0\u1eddi c\u1ea7n b\u1ed5 sung dinh d\u01b0\u1ee1ng d\u1ec5 ti\u00eau h\u00f3a.<\/li>\n<\/ul>\n<h2 style=\"text-align: justify;\"><strong>C\u00e1ch s\u1eed d\u1ee5ng:<\/strong><\/h2>\n<ul style=\"text-align: justify;\">\n<li style=\"text-align: justify;\">N\u1ea5u ch\u00e1o y\u1ebfn m\u1ea1ch c\u00f9ng rau, c\u1ee7, th\u1ecbt, c\u00e1,\u2026<\/li>\n<li style=\"text-align: justify;\">Tr\u1ed9n y\u1ebfn m\u1ea1ch v\u1edbi s\u1eefa t\u01b0\u01a1i\/s\u1eefa chua + tr\u00e1i c\u00e2y.<\/li>\n<li style=\"text-align: justify;\">L\u00e0m b\u00e1nh: Tr\u1ed9n b\u1ed9t y\u1ebfn m\u1ea1ch v\u00e0o c\u00e1c c\u00f4ng th\u1ee9c b\u00e1nh cookies, pancakes, muffin&#8230;<\/li>\n<li style=\"text-align: justify;\">Sinh t\u1ed1: Pha th\u00eam b\u1ed9t y\u1ebfn m\u1ea1ch v\u00e0o sinh t\u1ed1 \u0111\u1ec3 t\u0103ng c\u01b0\u1eddng dinh d\u01b0\u1ee1ng.<\/li>\n<li style=\"text-align: justify;\">L\u00e0m \u0111\u1eb9p da: B\u1ed9t y\u1ebfn m\u1ea1ch k\u1ebft h\u1ee3p v\u1edbi c\u00e1c nguy\u00ean li\u1ec7u nh\u01b0 s\u1eefa t\u01b0\u01a1i, m\u1eadt ong, tinh b\u1ed9t ngh\u1ec7 t\u1ea9y t\u1ebf b\u00e0o ch\u1ebft, d\u01b0\u1ee1ng da,\u2026<\/li>\n<\/ul>\n<h2 style=\"text-align: justify;\"><strong>B\u1ea3o qu\u1ea3n:<\/strong><\/h2>\n<p style=\"text-align: justify;\" data-start=\"2531\" data-end=\"2655\">\u0110\u1ec3 n\u01a1i kh\u00f4 r\u00e1o, tho\u00e1ng m\u00e1t, tr\u00e1nh \u00e1nh n\u1eafng tr\u1ef1c ti\u1ebfp. \u0110\u00f3ng k\u00edn bao b\u00ec sau khi s\u1eed d\u1ee5ng \u0111\u1ec3 \u0111\u1ea3m b\u1ea3o ch\u1ea5t l\u01b0\u1ee3ng s\u1ea3n ph\u1ea9m.<\/p>\n<h2 style=\"text-align: justify;\" data-start=\"2657\" data-end=\"2676\"><strong data-start=\"2661\" data-end=\"2676\">H\u1ea1n s\u1eed d\u1ee5ng:<\/strong><\/h2>\n<p style=\"text-align: justify;\" data-start=\"2677\" data-end=\"2702\">Xem tr\u00ean bao b\u00ec s\u1ea3n ph\u1ea9m.<\/p>\n<h2 style=\"text-align: justify;\" data-start=\"2704\" data-end=\"2728\"><strong data-start=\"2708\" data-end=\"2728\">\u0110\u1ecba ch\u1ec9 mua h\u00e0ng: <\/strong><\/h2>\n<p style=\"text-align: justify;\" data-start=\"2704\" data-end=\"2728\"><strong data-start=\"2708\" data-end=\"2728\">Y\u1ebfn m\u1ea1ch Eudora g\u00f3i 600g \u0111\u00e3 c\u00f3 m\u1eb7t t\u1ea1i:<\/strong><\/p>\n<ul>\n<li style=\"text-align: justify;\">C\u00e1c si\u00eau th\u1ecb l\u1edbn: \u0110\u1ee9c Th\u00e0nh, Th\u00e0nh \u0110\u00f4, T-Mart, BRG\u2026<\/li>\n<li style=\"text-align: justify;\">H\u1ec7 th\u1ed1ng si\u00eau th\u1ecb m\u1eb9 b\u00e9: Kidsplaza, Bibomart<\/li>\n<li style=\"text-align: justify;\">C\u00e1c \u0111\u1ea1i l\u00fd, c\u1eeda h\u00e0ng t\u1ea1p h\u00f3a tr\u00ean to\u00e0n qu\u1ed1c.<\/li>\n<li style=\"text-align: justify;\">Mua online d\u1ec5 d\u00e0ng tr\u00ean Shopee, TikTok.<\/li>\n<li style=\"text-align: justify;\">Hotline t\u01b0 v\u1ea5n mi\u1ec5n ph\u00ed:\u00a0<strong>0389.666.113<\/strong><\/li>\n<\/ul>\n","protected":false},"excerpt":{"rendered":"<p style=\"text-align: justify;\">Y\u1ebfn M\u1ea1ch Nguy\u00ean Ch\u1ea5t EUDORA H\u1ed9p 300g nh\u1eadp kh\u1ea9u \u00dac kh\u00f4ng ch\u1ee9a ch\u1ea5t b\u1ea3o qu\u1ea3n, kh\u00f4ng h\u01b0\u01a1ng li\u1ec7u, kh\u00f4ng ph\u1ee5 gia, gi\u1eef tr\u1ecdn \u0111\u1ed9 tinh khi\u1ebft v\u00e0 gi\u00e1 tr\u1ecb dinh d\u01b0\u1ee1ng.<\/p>\n","protected":false},"featured_media":1893,"comment_status":"open","ping_status":"closed","template":"","meta":[],"product_brand":[413],"product_cat":[24],"product_tag":[94,91,93,332,333,92,95],"class_list":{"0":"post-1589","1":"product","2":"type-product","3":"status-publish","4":"has-post-thumbnail","6":"product_brand-yen-mach-eudora","7":"product_cat-dinh-duong-an-kieng","8":"product_tag-yen-mach-can-det","9":"product_tag-yen-mach-eudora","10":"product_tag-yen-mach-nguyen-chat","11":"product_tag-yen-mach-nguyen-chat-eudora","12":"product_tag-yen-mach-nguyen-chat-eudora-hop-300g","13":"product_tag-yen-mach-nhap-khau","14":"product_tag-yen-mach-uc","16":"first","17":"instock","18":"shipping-taxable","19":"product-type-simple"},"acf":[],"yoast_head":"<!-- This site is optimized with the Yoast SEO plugin v27.3 - https:\/\/yoast.com\/product\/yoast-seo-wordpress\/ -->\n<title>Y\u1ebfn M\u1ea1ch Nguy\u00ean Ch\u1ea5t EUDORA H\u1ed9p 300g - H\u1ee3p Ph\u00e1t Foods<\/title>\n<meta name=\"description\" content=\"Y\u1ebfn M\u1ea1ch Nguy\u00ean Ch\u1ea5t EUDORA H\u1ed9p 300g nh\u1eadp kh\u1ea9u \u00dac kh\u00f4ng ch\u1ee9a ch\u1ea5t b\u1ea3o qu\u1ea3n, kh\u00f4ng h\u01b0\u01a1ng li\u1ec7u, kh\u00f4ng ph\u1ee5 gia, gi\u1eef tr\u1ecdn \u0111\u1ed9 tinh khi\u1ebft v\u00e0 gi\u00e1 tr\u1ecb dinh d\u01b0\u1ee1ng.\" \/>\n<meta name=\"robots\" content=\"index, follow, max-snippet:-1, max-image-preview:large, max-video-preview:-1\" \/>\n<link rel=\"canonical\" href=\"https:\/\/hopphatfoods.com\/vi\/san-pham\/yen-mach-nguyen-chat-eudora-hop-300g\/\" \/>\n<meta property=\"og:locale\" content=\"vi_VN\" \/>\n<meta property=\"og:type\" content=\"article\" \/>\n<meta property=\"og:title\" content=\"Y\u1ebfn M\u1ea1ch Nguy\u00ean Ch\u1ea5t EUDORA H\u1ed9p 300g - H\u1ee3p Ph\u00e1t Foods\" \/>\n<meta property=\"og:description\" content=\"Y\u1ebfn M\u1ea1ch Nguy\u00ean Ch\u1ea5t EUDORA H\u1ed9p 300g nh\u1eadp kh\u1ea9u \u00dac kh\u00f4ng ch\u1ee9a ch\u1ea5t b\u1ea3o qu\u1ea3n, kh\u00f4ng h\u01b0\u01a1ng li\u1ec7u, kh\u00f4ng ph\u1ee5 gia, gi\u1eef tr\u1ecdn \u0111\u1ed9 tinh khi\u1ebft v\u00e0 gi\u00e1 tr\u1ecb dinh d\u01b0\u1ee1ng.\" \/>\n<meta property=\"og:url\" content=\"https:\/\/hopphatfoods.com\/vi\/san-pham\/yen-mach-nguyen-chat-eudora-hop-300g\/\" \/>\n<meta property=\"og:site_name\" content=\"H\u1ee3p Ph\u00e1t Foods\" \/>\n<meta property=\"article:modified_time\" content=\"2025-11-28T08:14:34+00:00\" \/>\n<meta property=\"og:image\" content=\"https:\/\/hopphatfoods.com\/wp-content\/uploads\/2025\/08\/Yen-mach-Eudora-hop-300g-1a.png\" \/>\n\t<meta property=\"og:image:width\" content=\"1080\" \/>\n\t<meta property=\"og:image:height\" content=\"1080\" \/>\n\t<meta property=\"og:image:type\" content=\"image\/png\" \/>\n<meta name=\"twitter:card\" content=\"summary_large_image\" \/>\n<meta name=\"twitter:label1\" content=\"\u01af\u1edbc t\u00ednh th\u1eddi gian \u0111\u1ecdc\" \/>\n\t<meta name=\"twitter:data1\" content=\"3 ph\u00fat\" \/>\n<script type=\"application\/ld+json\" class=\"yoast-schema-graph\">{\"@context\":\"https:\\\/\\\/schema.org\",\"@graph\":[{\"@type\":\"WebPage\",\"@id\":\"https:\\\/\\\/hopphatfoods.com\\\/san-pham\\\/yen-mach-nguyen-chat-eudora-hop-300g\\\/\",\"url\":\"https:\\\/\\\/hopphatfoods.com\\\/san-pham\\\/yen-mach-nguyen-chat-eudora-hop-300g\\\/\",\"name\":\"Y\u1ebfn M\u1ea1ch Nguy\u00ean Ch\u1ea5t EUDORA H\u1ed9p 300g - H\u1ee3p Ph\u00e1t Foods\",\"isPartOf\":{\"@id\":\"https:\\\/\\\/hopphatfoods.com\\\/#website\"},\"primaryImageOfPage\":{\"@id\":\"https:\\\/\\\/hopphatfoods.com\\\/san-pham\\\/yen-mach-nguyen-chat-eudora-hop-300g\\\/#primaryimage\"},\"image\":{\"@id\":\"https:\\\/\\\/hopphatfoods.com\\\/san-pham\\\/yen-mach-nguyen-chat-eudora-hop-300g\\\/#primaryimage\"},\"thumbnailUrl\":\"https:\\\/\\\/hopphatfoods.com\\\/wp-content\\\/uploads\\\/2025\\\/08\\\/Yen-mach-Eudora-hop-300g-1a.png\",\"datePublished\":\"2025-08-01T03:33:13+00:00\",\"dateModified\":\"2025-11-28T08:14:34+00:00\",\"description\":\"Y\u1ebfn M\u1ea1ch Nguy\u00ean Ch\u1ea5t EUDORA H\u1ed9p 300g nh\u1eadp kh\u1ea9u \u00dac kh\u00f4ng ch\u1ee9a ch\u1ea5t b\u1ea3o qu\u1ea3n, kh\u00f4ng h\u01b0\u01a1ng li\u1ec7u, kh\u00f4ng ph\u1ee5 gia, gi\u1eef tr\u1ecdn \u0111\u1ed9 tinh khi\u1ebft v\u00e0 gi\u00e1 tr\u1ecb dinh d\u01b0\u1ee1ng.\",\"breadcrumb\":{\"@id\":\"https:\\\/\\\/hopphatfoods.com\\\/san-pham\\\/yen-mach-nguyen-chat-eudora-hop-300g\\\/#breadcrumb\"},\"inLanguage\":\"vi\",\"potentialAction\":[{\"@type\":\"ReadAction\",\"target\":[\"https:\\\/\\\/hopphatfoods.com\\\/san-pham\\\/yen-mach-nguyen-chat-eudora-hop-300g\\\/\"]}]},{\"@type\":\"ImageObject\",\"inLanguage\":\"vi\",\"@id\":\"https:\\\/\\\/hopphatfoods.com\\\/san-pham\\\/yen-mach-nguyen-chat-eudora-hop-300g\\\/#primaryimage\",\"url\":\"https:\\\/\\\/hopphatfoods.com\\\/wp-content\\\/uploads\\\/2025\\\/08\\\/Yen-mach-Eudora-hop-300g-1a.png\",\"contentUrl\":\"https:\\\/\\\/hopphatfoods.com\\\/wp-content\\\/uploads\\\/2025\\\/08\\\/Yen-mach-Eudora-hop-300g-1a.png\",\"width\":1080,\"height\":1080,\"caption\":\"Y\u1ebfn M\u1ea1ch Nguy\u00ean Ch\u1ea5t EUDORA H\u1ed9p 300g\"},{\"@type\":\"BreadcrumbList\",\"@id\":\"https:\\\/\\\/hopphatfoods.com\\\/san-pham\\\/yen-mach-nguyen-chat-eudora-hop-300g\\\/#breadcrumb\",\"itemListElement\":[{\"@type\":\"ListItem\",\"position\":1,\"name\":\"Trang ch\u1ee7\",\"item\":\"https:\\\/\\\/hopphatfoods.com\\\/\"},{\"@type\":\"ListItem\",\"position\":2,\"name\":\"C\u1eeda h\u00e0ng\",\"item\":\"https:\\\/\\\/hopphatfoods.com\\\/vi\\\/cua-hang\\\/\"},{\"@type\":\"ListItem\",\"position\":3,\"name\":\"Y\u1ebfn M\u1ea1ch Nguy\u00ean Ch\u1ea5t EUDORA H\u1ed9p 300g\"}]},{\"@type\":\"WebSite\",\"@id\":\"https:\\\/\\\/hopphatfoods.com\\\/#website\",\"url\":\"https:\\\/\\\/hopphatfoods.com\\\/\",\"name\":\"H\u1ee3p Ph\u00e1t Foods\",\"description\":\"\",\"publisher\":{\"@id\":\"https:\\\/\\\/hopphatfoods.com\\\/#organization\"},\"potentialAction\":[{\"@type\":\"SearchAction\",\"target\":{\"@type\":\"EntryPoint\",\"urlTemplate\":\"https:\\\/\\\/hopphatfoods.com\\\/?s={search_term_string}\"},\"query-input\":{\"@type\":\"PropertyValueSpecification\",\"valueRequired\":true,\"valueName\":\"search_term_string\"}}],\"inLanguage\":\"vi\"},{\"@type\":\"Organization\",\"@id\":\"https:\\\/\\\/hopphatfoods.com\\\/#organization\",\"name\":\"H\u1ee3p Ph\u00e1t Foods\",\"url\":\"https:\\\/\\\/hopphatfoods.com\\\/\",\"logo\":{\"@type\":\"ImageObject\",\"inLanguage\":\"vi\",\"@id\":\"https:\\\/\\\/hopphatfoods.com\\\/#\\\/schema\\\/logo\\\/image\\\/\",\"url\":\"https:\\\/\\\/hopphatfoods.com\\\/wp-content\\\/uploads\\\/2024\\\/12\\\/logo.png\",\"contentUrl\":\"https:\\\/\\\/hopphatfoods.com\\\/wp-content\\\/uploads\\\/2024\\\/12\\\/logo.png\",\"width\":450,\"height\":124,\"caption\":\"H\u1ee3p Ph\u00e1t Foods\"},\"image\":{\"@id\":\"https:\\\/\\\/hopphatfoods.com\\\/#\\\/schema\\\/logo\\\/image\\\/\"}}]}<\/script>\n<!-- \/ Yoast SEO plugin. -->","yoast_head_json":{"title":"Y\u1ebfn M\u1ea1ch Nguy\u00ean Ch\u1ea5t EUDORA H\u1ed9p 300g - H\u1ee3p Ph\u00e1t Foods","description":"Y\u1ebfn M\u1ea1ch Nguy\u00ean Ch\u1ea5t EUDORA H\u1ed9p 300g nh\u1eadp kh\u1ea9u \u00dac kh\u00f4ng ch\u1ee9a ch\u1ea5t b\u1ea3o qu\u1ea3n, kh\u00f4ng h\u01b0\u01a1ng li\u1ec7u, kh\u00f4ng ph\u1ee5 gia, gi\u1eef tr\u1ecdn \u0111\u1ed9 tinh khi\u1ebft v\u00e0 gi\u00e1 tr\u1ecb dinh d\u01b0\u1ee1ng.","robots":{"index":"index","follow":"follow","max-snippet":"max-snippet:-1","max-image-preview":"max-image-preview:large","max-video-preview":"max-video-preview:-1"},"canonical":"https:\/\/hopphatfoods.com\/vi\/san-pham\/yen-mach-nguyen-chat-eudora-hop-300g\/","og_locale":"vi_VN","og_type":"article","og_title":"Y\u1ebfn M\u1ea1ch Nguy\u00ean Ch\u1ea5t EUDORA H\u1ed9p 300g - H\u1ee3p Ph\u00e1t Foods","og_description":"Y\u1ebfn M\u1ea1ch Nguy\u00ean Ch\u1ea5t EUDORA H\u1ed9p 300g nh\u1eadp kh\u1ea9u \u00dac kh\u00f4ng ch\u1ee9a ch\u1ea5t b\u1ea3o qu\u1ea3n, kh\u00f4ng h\u01b0\u01a1ng li\u1ec7u, kh\u00f4ng ph\u1ee5 gia, gi\u1eef tr\u1ecdn \u0111\u1ed9 tinh khi\u1ebft v\u00e0 gi\u00e1 tr\u1ecb dinh d\u01b0\u1ee1ng.","og_url":"https:\/\/hopphatfoods.com\/vi\/san-pham\/yen-mach-nguyen-chat-eudora-hop-300g\/","og_site_name":"H\u1ee3p Ph\u00e1t Foods","article_modified_time":"2025-11-28T08:14:34+00:00","og_image":[{"width":1080,"height":1080,"url":"https:\/\/hopphatfoods.com\/wp-content\/uploads\/2025\/08\/Yen-mach-Eudora-hop-300g-1a.png","type":"image\/png"}],"twitter_card":"summary_large_image","twitter_misc":{"\u01af\u1edbc t\u00ednh th\u1eddi gian \u0111\u1ecdc":"3 ph\u00fat"},"schema":{"@context":"https:\/\/schema.org","@graph":[{"@type":"WebPage","@id":"https:\/\/hopphatfoods.com\/san-pham\/yen-mach-nguyen-chat-eudora-hop-300g\/","url":"https:\/\/hopphatfoods.com\/san-pham\/yen-mach-nguyen-chat-eudora-hop-300g\/","name":"Y\u1ebfn M\u1ea1ch Nguy\u00ean Ch\u1ea5t EUDORA H\u1ed9p 300g - H\u1ee3p Ph\u00e1t Foods","isPartOf":{"@id":"https:\/\/hopphatfoods.com\/#website"},"primaryImageOfPage":{"@id":"https:\/\/hopphatfoods.com\/san-pham\/yen-mach-nguyen-chat-eudora-hop-300g\/#primaryimage"},"image":{"@id":"https:\/\/hopphatfoods.com\/san-pham\/yen-mach-nguyen-chat-eudora-hop-300g\/#primaryimage"},"thumbnailUrl":"https:\/\/hopphatfoods.com\/wp-content\/uploads\/2025\/08\/Yen-mach-Eudora-hop-300g-1a.png","datePublished":"2025-08-01T03:33:13+00:00","dateModified":"2025-11-28T08:14:34+00:00","description":"Y\u1ebfn M\u1ea1ch Nguy\u00ean Ch\u1ea5t EUDORA H\u1ed9p 300g nh\u1eadp kh\u1ea9u \u00dac kh\u00f4ng ch\u1ee9a ch\u1ea5t b\u1ea3o qu\u1ea3n, kh\u00f4ng h\u01b0\u01a1ng li\u1ec7u, kh\u00f4ng ph\u1ee5 gia, gi\u1eef tr\u1ecdn \u0111\u1ed9 tinh khi\u1ebft v\u00e0 gi\u00e1 tr\u1ecb dinh d\u01b0\u1ee1ng.","breadcrumb":{"@id":"https:\/\/hopphatfoods.com\/san-pham\/yen-mach-nguyen-chat-eudora-hop-300g\/#breadcrumb"},"inLanguage":"vi","potentialAction":[{"@type":"ReadAction","target":["https:\/\/hopphatfoods.com\/san-pham\/yen-mach-nguyen-chat-eudora-hop-300g\/"]}]},{"@type":"ImageObject","inLanguage":"vi","@id":"https:\/\/hopphatfoods.com\/san-pham\/yen-mach-nguyen-chat-eudora-hop-300g\/#primaryimage","url":"https:\/\/hopphatfoods.com\/wp-content\/uploads\/2025\/08\/Yen-mach-Eudora-hop-300g-1a.png","contentUrl":"https:\/\/hopphatfoods.com\/wp-content\/uploads\/2025\/08\/Yen-mach-Eudora-hop-300g-1a.png","width":1080,"height":1080,"caption":"Y\u1ebfn M\u1ea1ch Nguy\u00ean Ch\u1ea5t EUDORA H\u1ed9p 300g"},{"@type":"BreadcrumbList","@id":"https:\/\/hopphatfoods.com\/san-pham\/yen-mach-nguyen-chat-eudora-hop-300g\/#breadcrumb","itemListElement":[{"@type":"ListItem","position":1,"name":"Trang ch\u1ee7","item":"https:\/\/hopphatfoods.com\/"},{"@type":"ListItem","position":2,"name":"C\u1eeda h\u00e0ng","item":"https:\/\/hopphatfoods.com\/vi\/cua-hang\/"},{"@type":"ListItem","position":3,"name":"Y\u1ebfn M\u1ea1ch Nguy\u00ean Ch\u1ea5t EUDORA H\u1ed9p 300g"}]},{"@type":"WebSite","@id":"https:\/\/hopphatfoods.com\/#website","url":"https:\/\/hopphatfoods.com\/","name":"H\u1ee3p Ph\u00e1t Foods","description":"","publisher":{"@id":"https:\/\/hopphatfoods.com\/#organization"},"potentialAction":[{"@type":"SearchAction","target":{"@type":"EntryPoint","urlTemplate":"https:\/\/hopphatfoods.com\/?s={search_term_string}"},"query-input":{"@type":"PropertyValueSpecification","valueRequired":true,"valueName":"search_term_string"}}],"inLanguage":"vi"},{"@type":"Organization","@id":"https:\/\/hopphatfoods.com\/#organization","name":"H\u1ee3p Ph\u00e1t Foods","url":"https:\/\/hopphatfoods.com\/","logo":{"@type":"ImageObject","inLanguage":"vi","@id":"https:\/\/hopphatfoods.com\/#\/schema\/logo\/image\/","url":"https:\/\/hopphatfoods.com\/wp-content\/uploads\/2024\/12\/logo.png","contentUrl":"https:\/\/hopphatfoods.com\/wp-content\/uploads\/2024\/12\/logo.png","width":450,"height":124,"caption":"H\u1ee3p Ph\u00e1t Foods"},"image":{"@id":"https:\/\/hopphatfoods.com\/#\/schema\/logo\/image\/"}}]}},"_links":{"self":[{"href":"https:\/\/hopphatfoods.com\/vi\/wp-json\/wp\/v2\/product\/1589","targetHints":{"allow":["GET"]}}],"collection":[{"href":"https:\/\/hopphatfoods.com\/vi\/wp-json\/wp\/v2\/product"}],"about":[{"href":"https:\/\/hopphatfoods.com\/vi\/wp-json\/wp\/v2\/types\/product"}],"replies":[{"embeddable":true,"href":"https:\/\/hopphatfoods.com\/vi\/wp-json\/wp\/v2\/comments?post=1589"}],"wp:featuredmedia":[{"embeddable":true,"href":"https:\/\/hopphatfoods.com\/vi\/wp-json\/wp\/v2\/media\/1893"}],"wp:attachment":[{"href":"https:\/\/hopphatfoods.com\/vi\/wp-json\/wp\/v2\/media?parent=1589"}],"wp:term":[{"taxonomy":"product_brand","embeddable":true,"href":"https:\/\/hopphatfoods.com\/vi\/wp-json\/wp\/v2\/product_brand?post=1589"},{"taxonomy":"product_cat","embeddable":true,"href":"https:\/\/hopphatfoods.com\/vi\/wp-json\/wp\/v2\/product_cat?post=1589"},{"taxonomy":"product_tag","embeddable":true,"href":"https:\/\/hopphatfoods.com\/vi\/wp-json\/wp\/v2\/product_tag?post=1589"}],"curies":[{"name":"wp","href":"https:\/\/api.w.org\/{rel}","templated":true}]}}