{"id":1488,"date":"2025-05-12T16:35:45","date_gmt":"2025-05-12T09:35:45","guid":{"rendered":"https:\/\/hopphatfoods.com\/?post_type=product&#038;p=1488"},"modified":"2025-11-27T15:43:23","modified_gmt":"2025-11-27T08:43:23","slug":"banh-quy-que-rau-cu-va-pho-mai-eudora-300g","status":"publish","type":"product","link":"https:\/\/hopphatfoods.com\/vi\/san-pham\/banh-quy-que-rau-cu-va-pho-mai-eudora-300g\/","title":{"rendered":"B\u00e1nh Quy Que Rau C\u1ee7 v\u00e0 Ph\u00f4 Mai Eudora 300g"},"content":{"rendered":"<p style=\"text-align: justify;\"><strong>B\u00e1nh Quy Que Rau C\u1ee7 v\u00e0 Ph\u00f4 Mai Eudora 300g v\u1edbi s\u1ef1 k\u1ebft h\u1ee3p ho\u00e0n h\u1ea3o gi\u1eefa rau c\u1ee7 t\u1ef1 nhi\u00ean v\u00e0 ph\u00f4 mai th\u01a1m b\u00e9o kh\u00f4ng ch\u1ec9 h\u1ea5p d\u1eabn v\u1ec1 h\u01b0\u01a1ng v\u1ecb m\u00e0 c\u00f2n b\u1ed5 sung th\u00eam dinh d\u01b0\u1ee1ng cho m\u1ecdi l\u1ee9a tu\u1ed5i.<\/strong><\/p>\n<h2 style=\"text-align: justify;\" data-start=\"1495\" data-end=\"1543\">Th\u00e0nh ph\u1ea7n an to\u00e0n \u2013 L\u1ef1a ch\u1ecdn l\u00e0nh m\u1ea1nh<\/h2>\n<p class=\"\" style=\"text-align: justify;\" data-start=\"1545\" data-end=\"1736\">B\u00e1nh quy que rau c\u1ee7 ph\u00f4 mai Eudora \u0111\u01b0\u1ee3c l\u00e0m t\u1eeb b\u1ed9t m\u00ec ch\u1ecdn l\u1ecdc, k\u1ebft h\u1ee3p b\u1ed9t rau c\u1ee7 (3%) v\u00e0 b\u1ed9t ph\u00f4 mai (1%), mang l\u1ea1i v\u1ecb th\u01a1m \u0111\u1eb7c tr\u01b0ng v\u00e0 m\u00e0u s\u1eafc h\u1ea5p d\u1eabn. B\u00ean c\u1ea1nh \u0111\u00f3, s\u1ea3n ph\u1ea9m c\u00f2n s\u1eed d\u1ee5ng c\u00e1c th\u00e0nh ph\u1ea7n nh\u01b0:<\/p>\n<ul style=\"text-align: justify;\" data-start=\"1738\" data-end=\"1957\">\n<li class=\"\" data-start=\"1738\" data-end=\"1776\">\n<p class=\"\" data-start=\"1740\" data-end=\"1776\">D\u1ea7u c\u1ecd, \u0111\u01b0\u1eddng, glucose, sir\u00f4, mu\u1ed1i<\/p>\n<\/li>\n<li class=\"\" data-start=\"1777\" data-end=\"1855\">\n<p class=\"\" data-start=\"1779\" data-end=\"1855\">Ch\u1ea5t t\u1ea1o x\u1ed1p: natri bicarbonate (INS 500ii), amoni bicarbonate (INS 503ii)<\/p>\n<\/li>\n<li class=\"\" data-start=\"1856\" data-end=\"1915\">\n<p class=\"\" data-start=\"1858\" data-end=\"1915\">H\u01b0\u01a1ng rau c\u1ee7 t\u1ef1 nhi\u00ean v\u00e0 h\u01b0\u01a1ng ph\u00f4 mai t\u1ed5ng h\u1ee3p.<\/p>\n<\/li>\n<li class=\"\" data-start=\"1916\" data-end=\"1957\">\n<p class=\"\" data-start=\"1918\" data-end=\"1957\">S\u1eefa b\u1ed9t \u2013 b\u1ed5 sung v\u1ecb b\u00e9o ng\u1eady \u0111\u1eb7c tr\u01b0ng.<\/p>\n<\/li>\n<\/ul>\n<p class=\"\" style=\"text-align: justify;\" data-start=\"1959\" data-end=\"2051\">T\u1ea5t c\u1ea3 \u0111\u1ec1u \u0111\u01b0\u1ee3c ki\u1ec3m \u0111\u1ecbnh ch\u1ea5t l\u01b0\u1ee3ng v\u00e0 \u0111\u1ea3m b\u1ea3o an to\u00e0n th\u1ef1c ph\u1ea9m theo quy \u0111\u1ecbnh c\u1ee7a B\u1ed9 Y T\u1ebf.<\/p>\n<h2 style=\"text-align: justify;\" data-start=\"2058\" data-end=\"2103\">\u0110\u00f3ng g\u00f3i ti\u1ec7n l\u1ee3i \u2013 B\u1ea3o qu\u1ea3n d\u1ec5 d\u00e0ng<\/h2>\n<p class=\"\" style=\"text-align: justify;\" data-start=\"2105\" data-end=\"2303\">B\u00e1nh quy que rau c\u1ee7 ph\u00f4 mai Eudora \u0111\u01b0\u1ee3c \u0111\u00f3ng trong t\u00fai PP b\u00ean trong h\u1ed9p gi\u1ea5y, gi\u00fap gi\u1eef b\u00e1nh lu\u00f4n gi\u00f2n ngon, ti\u1ec7n mang theo v\u00e0 b\u1ea3o qu\u1ea3n. Bao b\u00ec \u0111\u1ea1t chu\u1ea9n v\u1ec7 sinh an to\u00e0n th\u1ef1c ph\u1ea9m, th\u00e2n thi\u1ec7n v\u1edbi m\u00f4i tr\u01b0\u1eddng.<\/p>\n<h2 style=\"text-align: justify;\" data-start=\"2374\" data-end=\"2408\">Ph\u00f9 h\u1ee3p cho m\u1ecdi \u0111\u1ed1i t\u01b0\u1ee3ng<\/h2>\n<p class=\"\" style=\"text-align: justify;\" data-start=\"2410\" data-end=\"2510\">V\u1edbi h\u01b0\u01a1ng v\u1ecb d\u1ec5 \u0103n v\u00e0 k\u00edch th\u01b0\u1edbc nh\u1ecf g\u1ecdn, b\u00e1nh quy que rau c\u1ee7 Eudora l\u00e0 m\u00f3n \u0103n v\u1eb7t l\u00fd t\u01b0\u1edfng cho:<\/p>\n<ul style=\"text-align: justify;\" data-start=\"2512\" data-end=\"2644\">\n<li class=\"\" data-start=\"2512\" data-end=\"2559\">\n<p class=\"\" data-start=\"2514\" data-end=\"2559\">Tr\u1ebb em c\u1ea7n b\u1ed5 sung rau c\u1ee7 m\u1ed9t c\u00e1ch t\u1ef1 nhi\u00ean nh\u1ea5t l\u00e0 c\u00e1c b\u00e9 trong \u0111\u1ed9 tu\u1ed5i \u0103n d\u1eb7m.<\/p>\n<\/li>\n<li class=\"\" data-start=\"2560\" data-end=\"2604\">\n<p class=\"\" data-start=\"2562\" data-end=\"2604\">D\u00e2n v\u0103n ph\u00f2ng mu\u1ed1n nh\u00e2m nhi l\u00fac gi\u1ea3i lao, t\u0103ng ca,&#8230;<\/p>\n<\/li>\n<li class=\"\" data-start=\"2605\" data-end=\"2644\">\n<p class=\"\" data-start=\"2607\" data-end=\"2644\">Nh\u1eefng ng\u01b0\u1eddi th\u00edch \u0103n nh\u1eb9 l\u00e0nh m\u1ea1nh.<\/p>\n<\/li>\n<\/ul>\n<h2 dir=\"auto\" style=\"text-align: justify;\"><strong>\u0110\u1ecba ch\u1ec9 ph\u00e2n ph\u1ed1i b\u00e1nh quy que rau c\u1ee7 v\u00e0 ph\u00f4 mai Eudora 300g<\/strong><\/h2>\n<ul style=\"text-align: justify;\">\n<li dir=\"auto\">C\u00e1c si\u00eau th\u1ecb l\u1edbn: \u0110\u1ee9c Th\u00e0nh, Th\u00e0nh \u0110\u00f4, T-Mart, BRG\u2026<\/li>\n<li dir=\"auto\">C\u00e1c \u0111\u1ea1i l\u00fd, c\u1eeda h\u00e0ng t\u1ea1p h\u00f3a tr\u00ean to\u00e0n qu\u1ed1c.<\/li>\n<li dir=\"auto\">Mua online d\u1ec5 d\u00e0ng tr\u00ean Shopee, TikTok, Fanpage.<\/li>\n<li dir=\"auto\">Hotline t\u01b0 v\u1ea5n mi\u1ec5n ph\u00ed:\u00a0<strong>0389.666.113<\/strong><\/li>\n<\/ul>\n<p style=\"text-align: justify;\">B\u00e1nh Quy Que Rau C\u1ee7 v\u00e0 Ph\u00f4 Mai Eudora kh\u00f4ng ch\u1ec9 \u0111\u01a1n thu\u1ea7n l\u00e0 m\u00f3n \u0103n v\u1eb7t l\u00e0nh m\u1ea1nh m\u00e0 c\u00f2n ph\u00f9 h\u1ee3p l\u00e0m qu\u00e0 bi\u1ebfu t\u1eb7ng b\u1ea1n b\u00e8, ng\u01b0\u1eddi th\u00e2n, th\u0103m h\u1ecfi ng\u01b0\u1eddi gi\u00e0, ng\u01b0\u1eddi \u1ed1m,&#8230; H\u00e3y th\u00eam ngay s\u1ea3n ph\u1ea9m n\u00e0y v\u00e0o gi\u1ecf h\u00e0ng \u0111\u1ec3 c\u00f9ng th\u01b0\u1edfng th\u1ee9c v\u1ecb ngon t\u1ef1 nhi\u00ean m\u1ed7i ng\u00e0y!<\/p>\n","protected":false},"excerpt":{"rendered":"<p style=\"text-align: justify;\"><strong>B\u00e1nh Quy Que Rau C\u1ee7 v\u00e0 Ph\u00f4 Mai Eudora \u2013 th\u01a1m ngon, gi\u00e0u dinh d\u01b0\u1ee1ng l\u00e0 m\u00f3n \u0103n v\u1eb7t l\u00e0nh m\u1ea1nh, ph\u00f9 h\u1ee3p cho c\u00e1c b\u00e9 \u0103n d\u1eb7m, ti\u1ec7n l\u1ee3i mang theo \u0111i h\u1ecdc, \u0111i l\u00e0m, \u0111i ch\u01a1i,&#8230;<\/strong><\/p>\n","protected":false},"featured_media":419,"comment_status":"open","ping_status":"closed","template":"","meta":[],"product_brand":[76],"product_cat":[24],"product_tag":[70,71,69,67,68],"class_list":{"0":"post-1488","1":"product","2":"type-product","3":"status-publish","4":"has-post-thumbnail","6":"product_brand-eudora-biscuits","7":"product_cat-dinh-duong-an-kieng","8":"product_tag-banh-an-vat-cho-be","9":"product_tag-banh-quy-gion","10":"product_tag-banh-quy-pho-mai","11":"product_tag-banh-quy-que","12":"product_tag-banh-quy-rau-cu","14":"first","15":"instock","16":"shipping-taxable","17":"product-type-simple"},"acf":[],"yoast_head":"<!-- This site is optimized with the Yoast SEO plugin v27.3 - https:\/\/yoast.com\/product\/yoast-seo-wordpress\/ -->\n<title>B\u00e1nh Quy Que Rau C\u1ee7 v\u00e0 Ph\u00f4 Mai Eudora 300g - H\u1ee3p Ph\u00e1t Foods<\/title>\n<meta name=\"description\" content=\"B\u00e1nh Quy Que Rau C\u1ee7 v\u00e0 Ph\u00f4 Mai Eudora \u2013 th\u01a1m ngon, gi\u00e0u dinh d\u01b0\u1ee1ng l\u00e0 m\u00f3n \u0103n v\u1eb7t l\u00e0nh m\u1ea1nh, ti\u1ec7n l\u1ee3i mang theo \u0111i h\u1ecdc, \u0111i l\u00e0m, \u0111i ch\u01a1i,...\" \/>\n<meta name=\"robots\" content=\"index, follow, max-snippet:-1, max-image-preview:large, max-video-preview:-1\" \/>\n<link rel=\"canonical\" href=\"https:\/\/hopphatfoods.com\/vi\/san-pham\/banh-quy-que-rau-cu-va-pho-mai-eudora-300g\/\" \/>\n<meta property=\"og:locale\" content=\"vi_VN\" \/>\n<meta property=\"og:type\" content=\"article\" \/>\n<meta property=\"og:title\" content=\"B\u00e1nh Quy Que Rau C\u1ee7 v\u00e0 Ph\u00f4 Mai Eudora 300g - H\u1ee3p Ph\u00e1t Foods\" \/>\n<meta property=\"og:description\" content=\"B\u00e1nh Quy Que Rau C\u1ee7 v\u00e0 Ph\u00f4 Mai Eudora \u2013 th\u01a1m ngon, gi\u00e0u dinh d\u01b0\u1ee1ng l\u00e0 m\u00f3n \u0103n v\u1eb7t l\u00e0nh m\u1ea1nh, ti\u1ec7n l\u1ee3i mang theo \u0111i h\u1ecdc, \u0111i l\u00e0m, \u0111i ch\u01a1i,...\" \/>\n<meta property=\"og:url\" content=\"https:\/\/hopphatfoods.com\/vi\/san-pham\/banh-quy-que-rau-cu-va-pho-mai-eudora-300g\/\" \/>\n<meta property=\"og:site_name\" content=\"H\u1ee3p Ph\u00e1t Foods\" \/>\n<meta property=\"article:modified_time\" content=\"2025-11-27T08:43:23+00:00\" \/>\n<meta property=\"og:image\" content=\"https:\/\/hopphatfoods.com\/wp-content\/uploads\/2025\/01\/banh-rau-cu.jpg\" \/>\n\t<meta property=\"og:image:width\" content=\"1000\" \/>\n\t<meta property=\"og:image:height\" content=\"1000\" \/>\n\t<meta property=\"og:image:type\" content=\"image\/jpeg\" \/>\n<meta name=\"twitter:card\" content=\"summary_large_image\" \/>\n<meta name=\"twitter:label1\" content=\"\u01af\u1edbc t\u00ednh th\u1eddi gian \u0111\u1ecdc\" \/>\n\t<meta name=\"twitter:data1\" content=\"3 ph\u00fat\" \/>\n<script type=\"application\/ld+json\" class=\"yoast-schema-graph\">{\"@context\":\"https:\\\/\\\/schema.org\",\"@graph\":[{\"@type\":\"WebPage\",\"@id\":\"https:\\\/\\\/hopphatfoods.com\\\/vi\\\/san-pham\\\/banh-quy-que-rau-cu-va-pho-mai-eudora-300g\\\/\",\"url\":\"https:\\\/\\\/hopphatfoods.com\\\/vi\\\/san-pham\\\/banh-quy-que-rau-cu-va-pho-mai-eudora-300g\\\/\",\"name\":\"B\u00e1nh Quy Que Rau C\u1ee7 v\u00e0 Ph\u00f4 Mai Eudora 300g - H\u1ee3p Ph\u00e1t Foods\",\"isPartOf\":{\"@id\":\"https:\\\/\\\/hopphatfoods.com\\\/#website\"},\"primaryImageOfPage\":{\"@id\":\"https:\\\/\\\/hopphatfoods.com\\\/vi\\\/san-pham\\\/banh-quy-que-rau-cu-va-pho-mai-eudora-300g\\\/#primaryimage\"},\"image\":{\"@id\":\"https:\\\/\\\/hopphatfoods.com\\\/vi\\\/san-pham\\\/banh-quy-que-rau-cu-va-pho-mai-eudora-300g\\\/#primaryimage\"},\"thumbnailUrl\":\"https:\\\/\\\/hopphatfoods.com\\\/wp-content\\\/uploads\\\/2025\\\/01\\\/banh-rau-cu.jpg\",\"datePublished\":\"2025-05-12T09:35:45+00:00\",\"dateModified\":\"2025-11-27T08:43:23+00:00\",\"description\":\"B\u00e1nh Quy Que Rau C\u1ee7 v\u00e0 Ph\u00f4 Mai Eudora \u2013 th\u01a1m ngon, gi\u00e0u dinh d\u01b0\u1ee1ng l\u00e0 m\u00f3n \u0103n v\u1eb7t l\u00e0nh m\u1ea1nh, ti\u1ec7n l\u1ee3i mang theo \u0111i h\u1ecdc, \u0111i l\u00e0m, \u0111i ch\u01a1i,...\",\"breadcrumb\":{\"@id\":\"https:\\\/\\\/hopphatfoods.com\\\/vi\\\/san-pham\\\/banh-quy-que-rau-cu-va-pho-mai-eudora-300g\\\/#breadcrumb\"},\"inLanguage\":\"vi\",\"potentialAction\":[{\"@type\":\"ReadAction\",\"target\":[\"https:\\\/\\\/hopphatfoods.com\\\/vi\\\/san-pham\\\/banh-quy-que-rau-cu-va-pho-mai-eudora-300g\\\/\"]}]},{\"@type\":\"ImageObject\",\"inLanguage\":\"vi\",\"@id\":\"https:\\\/\\\/hopphatfoods.com\\\/vi\\\/san-pham\\\/banh-quy-que-rau-cu-va-pho-mai-eudora-300g\\\/#primaryimage\",\"url\":\"https:\\\/\\\/hopphatfoods.com\\\/wp-content\\\/uploads\\\/2025\\\/01\\\/banh-rau-cu.jpg\",\"contentUrl\":\"https:\\\/\\\/hopphatfoods.com\\\/wp-content\\\/uploads\\\/2025\\\/01\\\/banh-rau-cu.jpg\",\"width\":1000,\"height\":1000},{\"@type\":\"BreadcrumbList\",\"@id\":\"https:\\\/\\\/hopphatfoods.com\\\/vi\\\/san-pham\\\/banh-quy-que-rau-cu-va-pho-mai-eudora-300g\\\/#breadcrumb\",\"itemListElement\":[{\"@type\":\"ListItem\",\"position\":1,\"name\":\"Trang ch\u1ee7\",\"item\":\"https:\\\/\\\/hopphatfoods.com\\\/\"},{\"@type\":\"ListItem\",\"position\":2,\"name\":\"C\u1eeda h\u00e0ng\",\"item\":\"https:\\\/\\\/hopphatfoods.com\\\/vi\\\/cua-hang\\\/\"},{\"@type\":\"ListItem\",\"position\":3,\"name\":\"B\u00e1nh Quy Que Rau C\u1ee7 v\u00e0 Ph\u00f4 Mai Eudora 300g\"}]},{\"@type\":\"WebSite\",\"@id\":\"https:\\\/\\\/hopphatfoods.com\\\/#website\",\"url\":\"https:\\\/\\\/hopphatfoods.com\\\/\",\"name\":\"H\u1ee3p Ph\u00e1t Foods\",\"description\":\"\",\"publisher\":{\"@id\":\"https:\\\/\\\/hopphatfoods.com\\\/#organization\"},\"potentialAction\":[{\"@type\":\"SearchAction\",\"target\":{\"@type\":\"EntryPoint\",\"urlTemplate\":\"https:\\\/\\\/hopphatfoods.com\\\/?s={search_term_string}\"},\"query-input\":{\"@type\":\"PropertyValueSpecification\",\"valueRequired\":true,\"valueName\":\"search_term_string\"}}],\"inLanguage\":\"vi\"},{\"@type\":\"Organization\",\"@id\":\"https:\\\/\\\/hopphatfoods.com\\\/#organization\",\"name\":\"H\u1ee3p Ph\u00e1t Foods\",\"url\":\"https:\\\/\\\/hopphatfoods.com\\\/\",\"logo\":{\"@type\":\"ImageObject\",\"inLanguage\":\"vi\",\"@id\":\"https:\\\/\\\/hopphatfoods.com\\\/#\\\/schema\\\/logo\\\/image\\\/\",\"url\":\"https:\\\/\\\/hopphatfoods.com\\\/wp-content\\\/uploads\\\/2024\\\/12\\\/logo.png\",\"contentUrl\":\"https:\\\/\\\/hopphatfoods.com\\\/wp-content\\\/uploads\\\/2024\\\/12\\\/logo.png\",\"width\":450,\"height\":124,\"caption\":\"H\u1ee3p Ph\u00e1t Foods\"},\"image\":{\"@id\":\"https:\\\/\\\/hopphatfoods.com\\\/#\\\/schema\\\/logo\\\/image\\\/\"}}]}<\/script>\n<!-- \/ Yoast SEO plugin. -->","yoast_head_json":{"title":"B\u00e1nh Quy Que Rau C\u1ee7 v\u00e0 Ph\u00f4 Mai Eudora 300g - H\u1ee3p Ph\u00e1t Foods","description":"B\u00e1nh Quy Que Rau C\u1ee7 v\u00e0 Ph\u00f4 Mai Eudora \u2013 th\u01a1m ngon, gi\u00e0u dinh d\u01b0\u1ee1ng l\u00e0 m\u00f3n \u0103n v\u1eb7t l\u00e0nh m\u1ea1nh, ti\u1ec7n l\u1ee3i mang theo \u0111i h\u1ecdc, \u0111i l\u00e0m, \u0111i ch\u01a1i,...","robots":{"index":"index","follow":"follow","max-snippet":"max-snippet:-1","max-image-preview":"max-image-preview:large","max-video-preview":"max-video-preview:-1"},"canonical":"https:\/\/hopphatfoods.com\/vi\/san-pham\/banh-quy-que-rau-cu-va-pho-mai-eudora-300g\/","og_locale":"vi_VN","og_type":"article","og_title":"B\u00e1nh Quy Que Rau C\u1ee7 v\u00e0 Ph\u00f4 Mai Eudora 300g - H\u1ee3p Ph\u00e1t Foods","og_description":"B\u00e1nh Quy Que Rau C\u1ee7 v\u00e0 Ph\u00f4 Mai Eudora \u2013 th\u01a1m ngon, gi\u00e0u dinh d\u01b0\u1ee1ng l\u00e0 m\u00f3n \u0103n v\u1eb7t l\u00e0nh m\u1ea1nh, ti\u1ec7n l\u1ee3i mang theo \u0111i h\u1ecdc, \u0111i l\u00e0m, \u0111i ch\u01a1i,...","og_url":"https:\/\/hopphatfoods.com\/vi\/san-pham\/banh-quy-que-rau-cu-va-pho-mai-eudora-300g\/","og_site_name":"H\u1ee3p Ph\u00e1t Foods","article_modified_time":"2025-11-27T08:43:23+00:00","og_image":[{"width":1000,"height":1000,"url":"https:\/\/hopphatfoods.com\/wp-content\/uploads\/2025\/01\/banh-rau-cu.jpg","type":"image\/jpeg"}],"twitter_card":"summary_large_image","twitter_misc":{"\u01af\u1edbc t\u00ednh th\u1eddi gian \u0111\u1ecdc":"3 ph\u00fat"},"schema":{"@context":"https:\/\/schema.org","@graph":[{"@type":"WebPage","@id":"https:\/\/hopphatfoods.com\/vi\/san-pham\/banh-quy-que-rau-cu-va-pho-mai-eudora-300g\/","url":"https:\/\/hopphatfoods.com\/vi\/san-pham\/banh-quy-que-rau-cu-va-pho-mai-eudora-300g\/","name":"B\u00e1nh Quy Que Rau C\u1ee7 v\u00e0 Ph\u00f4 Mai Eudora 300g - H\u1ee3p Ph\u00e1t Foods","isPartOf":{"@id":"https:\/\/hopphatfoods.com\/#website"},"primaryImageOfPage":{"@id":"https:\/\/hopphatfoods.com\/vi\/san-pham\/banh-quy-que-rau-cu-va-pho-mai-eudora-300g\/#primaryimage"},"image":{"@id":"https:\/\/hopphatfoods.com\/vi\/san-pham\/banh-quy-que-rau-cu-va-pho-mai-eudora-300g\/#primaryimage"},"thumbnailUrl":"https:\/\/hopphatfoods.com\/wp-content\/uploads\/2025\/01\/banh-rau-cu.jpg","datePublished":"2025-05-12T09:35:45+00:00","dateModified":"2025-11-27T08:43:23+00:00","description":"B\u00e1nh Quy Que Rau C\u1ee7 v\u00e0 Ph\u00f4 Mai Eudora \u2013 th\u01a1m ngon, gi\u00e0u dinh d\u01b0\u1ee1ng l\u00e0 m\u00f3n \u0103n v\u1eb7t l\u00e0nh m\u1ea1nh, ti\u1ec7n l\u1ee3i mang theo \u0111i h\u1ecdc, \u0111i l\u00e0m, \u0111i ch\u01a1i,...","breadcrumb":{"@id":"https:\/\/hopphatfoods.com\/vi\/san-pham\/banh-quy-que-rau-cu-va-pho-mai-eudora-300g\/#breadcrumb"},"inLanguage":"vi","potentialAction":[{"@type":"ReadAction","target":["https:\/\/hopphatfoods.com\/vi\/san-pham\/banh-quy-que-rau-cu-va-pho-mai-eudora-300g\/"]}]},{"@type":"ImageObject","inLanguage":"vi","@id":"https:\/\/hopphatfoods.com\/vi\/san-pham\/banh-quy-que-rau-cu-va-pho-mai-eudora-300g\/#primaryimage","url":"https:\/\/hopphatfoods.com\/wp-content\/uploads\/2025\/01\/banh-rau-cu.jpg","contentUrl":"https:\/\/hopphatfoods.com\/wp-content\/uploads\/2025\/01\/banh-rau-cu.jpg","width":1000,"height":1000},{"@type":"BreadcrumbList","@id":"https:\/\/hopphatfoods.com\/vi\/san-pham\/banh-quy-que-rau-cu-va-pho-mai-eudora-300g\/#breadcrumb","itemListElement":[{"@type":"ListItem","position":1,"name":"Trang ch\u1ee7","item":"https:\/\/hopphatfoods.com\/"},{"@type":"ListItem","position":2,"name":"C\u1eeda h\u00e0ng","item":"https:\/\/hopphatfoods.com\/vi\/cua-hang\/"},{"@type":"ListItem","position":3,"name":"B\u00e1nh Quy Que Rau C\u1ee7 v\u00e0 Ph\u00f4 Mai Eudora 300g"}]},{"@type":"WebSite","@id":"https:\/\/hopphatfoods.com\/#website","url":"https:\/\/hopphatfoods.com\/","name":"H\u1ee3p Ph\u00e1t Foods","description":"","publisher":{"@id":"https:\/\/hopphatfoods.com\/#organization"},"potentialAction":[{"@type":"SearchAction","target":{"@type":"EntryPoint","urlTemplate":"https:\/\/hopphatfoods.com\/?s={search_term_string}"},"query-input":{"@type":"PropertyValueSpecification","valueRequired":true,"valueName":"search_term_string"}}],"inLanguage":"vi"},{"@type":"Organization","@id":"https:\/\/hopphatfoods.com\/#organization","name":"H\u1ee3p Ph\u00e1t Foods","url":"https:\/\/hopphatfoods.com\/","logo":{"@type":"ImageObject","inLanguage":"vi","@id":"https:\/\/hopphatfoods.com\/#\/schema\/logo\/image\/","url":"https:\/\/hopphatfoods.com\/wp-content\/uploads\/2024\/12\/logo.png","contentUrl":"https:\/\/hopphatfoods.com\/wp-content\/uploads\/2024\/12\/logo.png","width":450,"height":124,"caption":"H\u1ee3p Ph\u00e1t Foods"},"image":{"@id":"https:\/\/hopphatfoods.com\/#\/schema\/logo\/image\/"}}]}},"_links":{"self":[{"href":"https:\/\/hopphatfoods.com\/vi\/wp-json\/wp\/v2\/product\/1488","targetHints":{"allow":["GET"]}}],"collection":[{"href":"https:\/\/hopphatfoods.com\/vi\/wp-json\/wp\/v2\/product"}],"about":[{"href":"https:\/\/hopphatfoods.com\/vi\/wp-json\/wp\/v2\/types\/product"}],"replies":[{"embeddable":true,"href":"https:\/\/hopphatfoods.com\/vi\/wp-json\/wp\/v2\/comments?post=1488"}],"wp:featuredmedia":[{"embeddable":true,"href":"https:\/\/hopphatfoods.com\/vi\/wp-json\/wp\/v2\/media\/419"}],"wp:attachment":[{"href":"https:\/\/hopphatfoods.com\/vi\/wp-json\/wp\/v2\/media?parent=1488"}],"wp:term":[{"taxonomy":"product_brand","embeddable":true,"href":"https:\/\/hopphatfoods.com\/vi\/wp-json\/wp\/v2\/product_brand?post=1488"},{"taxonomy":"product_cat","embeddable":true,"href":"https:\/\/hopphatfoods.com\/vi\/wp-json\/wp\/v2\/product_cat?post=1488"},{"taxonomy":"product_tag","embeddable":true,"href":"https:\/\/hopphatfoods.com\/vi\/wp-json\/wp\/v2\/product_tag?post=1488"}],"curies":[{"name":"wp","href":"https:\/\/api.w.org\/{rel}","templated":true}]}}