{"id":441,"date":"2025-01-07T15:24:19","date_gmt":"2025-01-07T08:24:19","guid":{"rendered":"https:\/\/hopphatfoods.com\/?page_id=441"},"modified":"2025-11-28T16:04:37","modified_gmt":"2025-11-28T09:04:37","slug":"thuong-hieu","status":"publish","type":"page","link":"https:\/\/hopphatfoods.com\/vi\/thuong-hieu\/","title":{"rendered":"Th\u01b0\u01a1ng hi\u1ec7u"},"content":{"rendered":"\t\t<div data-elementor-type=\"wp-page\" data-elementor-id=\"441\" class=\"elementor elementor-441\" data-elementor-settings=\"{&quot;ha_cmc_init_switcher&quot;:&quot;no&quot;}\" data-elementor-post-type=\"page\">\n\t\t\t\t<div class=\"elementor-element elementor-element-987d970 e-flex e-con-boxed e-con e-parent\" data-id=\"987d970\" data-element_type=\"container\" data-e-type=\"container\" data-settings=\"{&quot;_ha_eqh_enable&quot;:false}\">\n\t\t\t\t\t<div class=\"e-con-inner\">\n\t\t\t\t<div class=\"elementor-element elementor-element-ba83464 elementor-widget elementor-widget-heading\" data-id=\"ba83464\" data-element_type=\"widget\" data-e-type=\"widget\" data-widget_type=\"heading.default\">\n\t\t\t\t<div class=\"elementor-widget-container\">\n\t\t\t\t\t<h2 class=\"elementor-heading-title elementor-size-default\">Th\u01b0\u01a1ng hi\u1ec7u c\u1ee7a  H\u1ee3p ph\u00e1t<\/h2>\t\t\t\t<\/div>\n\t\t\t\t<\/div>\n\t\t\t\t<div class=\"elementor-element elementor-element-86170b2 elementor-widget elementor-widget-text-editor\" data-id=\"86170b2\" data-element_type=\"widget\" data-e-type=\"widget\" data-widget_type=\"text-editor.default\">\n\t\t\t\t<div class=\"elementor-widget-container\">\n\t\t\t\t\t\t\t\t\t<p>L\u00e0 m\u1ed9t trong nh\u1eefng doanh nghi\u1ec7p h\u00e0ng \u0111\u1ea7u \u1edf Vi\u1ec7t Nam trong l\u0129nh v\u1ef1c th\u1ef1c ph\u1ea9m &#8211; b\u00e1nh k\u1eb9o, <strong>H\u1ee3p Ph\u00e1t<\/strong> nh\u1eadn th\u1ee9c r\u00f5 t\u1ea7m \u1ea3nh h\u01b0\u1edfng c\u1ee7a m\u00ecnh \u0111\u1ebfn c\u1ed9ng \u0111\u1ed3ng v\u00e0 s\u1ef1 ph\u00e1t tri\u1ec3n b\u1ec1n v\u1eefng c\u1ee7a x\u00e3 h\u1ed9i, c\u0169ng nh\u01b0 t\u1ea7m quan tr\u1ecdng c\u1ee7a vi\u1ec7c m\u1edf r\u1ed9ng h\u1ee3p t\u00e1c v\u00e0 gi\u1eef uy t\u00edn trong c\u00e1c quan h\u1ec7. Ch\u00fang t\u00f4i c\u0169ng th\u1ea5u hi\u1ec3u r\u1eb1ng: s\u1ef1 th\u1ecbnh v\u01b0\u1ee3ng v\u00e0 th\u00e0nh c\u00f4ng c\u1ee7a m\u1ed9t doanh nghi\u1ec7p kh\u00f4ng ch\u1ec9 l\u00e0 nh\u1eefng con s\u1ed1 v\u00e0 s\u1ea3n ph\u1ea9m mang \u0111\u1ebfn cho c\u1ed9ng \u0111\u1ed3ng v\u00e0 ng\u01b0\u1eddi ti\u00eau d\u00f9ng, m\u00e0 c\u00f2n l\u00e0 nh\u1eefng gi\u00e1 tr\u1ecb l\u00e2u d\u00e0i, uy t\u00edn v\u00e0 \u0111\u1ed3ng h\u00e0nh c\u00f9ng c\u00e1c \u0111\u1ed1i t\u00e1c chi\u1ebfn l\u01b0\u1ee3c m\u00e0 doanh nghi\u1ec7p \u0111\u00f3 x\u00e2y d\u1ef1ng l\u00ean. Hi\u1ec7n nay, <strong>H\u1ee3p Ph\u00e1t <\/strong>lu\u00f4n kh\u00f4ng ng\u1eebng ki\u1ebfn t\u1ea1o, b\u1ed3i \u0111\u1eafp, ph\u00e1t tri\u1ec3n uy t\u00edn v\u00e0 g\u1eafn k\u1ebft quan h\u1ec7 h\u1ee3p t\u00e1c v\u1edbi c\u00e1c \u0111\u1ed1i t\u00e1c doanh nghi\u1ec7p, c\u00e1c \u0111\u1ed1i t\u00e1c ph\u00e2n ph\u1ed1i trong n\u01b0\u1edbc v\u00e0 qu\u1ed1c t\u1ebf.<\/p>\t\t\t\t\t\t\t\t<\/div>\n\t\t\t\t<\/div>\n\t\t\t\t\t<\/div>\n\t\t\t\t<\/div>\n\t\t<div class=\"elementor-element elementor-element-f4e5bfc e-flex e-con-boxed e-con e-parent\" data-id=\"f4e5bfc\" data-element_type=\"container\" data-e-type=\"container\" data-settings=\"{&quot;_ha_eqh_enable&quot;:false}\">\n\t\t\t\t\t<div class=\"e-con-inner\">\n\t\t\t\t<div class=\"elementor-element elementor-element-eafd671 elementor-widget__width-initial elementor-widget elementor-widget-image\" data-id=\"eafd671\" data-element_type=\"widget\" data-e-type=\"widget\" data-widget_type=\"image.default\">\n\t\t\t\t<div class=\"elementor-widget-container\">\n\t\t\t\t\t\t\t\t\t\t\t\t\t\t\t\t<a href=\"https:\/\/hopphatfoods.com\/brand\/ginnie\/\">\n\t\t\t\t\t\t\t<img fetchpriority=\"high\" decoding=\"async\" width=\"482\" height=\"244\" src=\"https:\/\/hopphatfoods.com\/wp-content\/uploads\/2025\/03\/brand-13.png\" class=\"attachment-large size-large wp-image-988\" alt=\"\" srcset=\"https:\/\/hopphatfoods.com\/wp-content\/uploads\/2025\/03\/brand-13.png 482w, https:\/\/hopphatfoods.com\/wp-content\/uploads\/2025\/03\/brand-13-300x152.png 300w\" sizes=\"(max-width: 482px) 100vw, 482px\" \/>\t\t\t\t\t\t\t\t<\/a>\n\t\t\t\t\t\t\t\t\t\t\t\t\t\t\t<\/div>\n\t\t\t\t<\/div>\n\t\t\t\t<div class=\"elementor-element elementor-element-5438d2e elementor-widget__width-initial elementor-widget elementor-widget-image\" data-id=\"5438d2e\" data-element_type=\"widget\" data-e-type=\"widget\" data-widget_type=\"image.default\">\n\t\t\t\t<div class=\"elementor-widget-container\">\n\t\t\t\t\t\t\t\t\t\t\t\t\t\t\t\t<a href=\"https:\/\/hopphatfoods.com\/brand\/eudora\/\">\n\t\t\t\t\t\t\t<img decoding=\"async\" width=\"482\" height=\"244\" src=\"https:\/\/hopphatfoods.com\/wp-content\/uploads\/2025\/03\/brand-9.png\" class=\"attachment-large size-large wp-image-992\" alt=\"\" srcset=\"https:\/\/hopphatfoods.com\/wp-content\/uploads\/2025\/03\/brand-9.png 482w, https:\/\/hopphatfoods.com\/wp-content\/uploads\/2025\/03\/brand-9-300x152.png 300w\" sizes=\"(max-width: 482px) 100vw, 482px\" \/>\t\t\t\t\t\t\t\t<\/a>\n\t\t\t\t\t\t\t\t\t\t\t\t\t\t\t<\/div>\n\t\t\t\t<\/div>\n\t\t\t\t<div class=\"elementor-element elementor-element-f1e97ef elementor-widget__width-initial elementor-widget elementor-widget-image\" data-id=\"f1e97ef\" data-element_type=\"widget\" data-e-type=\"widget\" data-widget_type=\"image.default\">\n\t\t\t\t<div class=\"elementor-widget-container\">\n\t\t\t\t\t\t\t\t\t\t\t\t\t\t\t\t<a href=\"https:\/\/hopphatfoods.com\/brand\/kingwell\/\">\n\t\t\t\t\t\t\t<img decoding=\"async\" width=\"482\" height=\"244\" src=\"https:\/\/hopphatfoods.com\/wp-content\/uploads\/2025\/03\/brand-7.png\" class=\"attachment-large size-large wp-image-994\" alt=\"\" srcset=\"https:\/\/hopphatfoods.com\/wp-content\/uploads\/2025\/03\/brand-7.png 482w, https:\/\/hopphatfoods.com\/wp-content\/uploads\/2025\/03\/brand-7-300x152.png 300w\" sizes=\"(max-width: 482px) 100vw, 482px\" \/>\t\t\t\t\t\t\t\t<\/a>\n\t\t\t\t\t\t\t\t\t\t\t\t\t\t\t<\/div>\n\t\t\t\t<\/div>\n\t\t\t\t<div class=\"elementor-element elementor-element-bdee01a elementor-widget__width-initial elementor-widget elementor-widget-image\" data-id=\"bdee01a\" data-element_type=\"widget\" data-e-type=\"widget\" data-widget_type=\"image.default\">\n\t\t\t\t<div class=\"elementor-widget-container\">\n\t\t\t\t\t\t\t\t\t\t\t\t\t\t\t\t<a href=\"https:\/\/hopphatfoods.com\/brand\/samjin\/\">\n\t\t\t\t\t\t\t<img loading=\"lazy\" decoding=\"async\" width=\"482\" height=\"244\" src=\"https:\/\/hopphatfoods.com\/wp-content\/uploads\/2025\/03\/brand-10.png\" class=\"attachment-large size-large wp-image-991\" alt=\"\" srcset=\"https:\/\/hopphatfoods.com\/wp-content\/uploads\/2025\/03\/brand-10.png 482w, https:\/\/hopphatfoods.com\/wp-content\/uploads\/2025\/03\/brand-10-300x152.png 300w\" sizes=\"(max-width: 482px) 100vw, 482px\" \/>\t\t\t\t\t\t\t\t<\/a>\n\t\t\t\t\t\t\t\t\t\t\t\t\t\t\t<\/div>\n\t\t\t\t<\/div>\n\t\t\t\t<div class=\"elementor-element elementor-element-837a9be elementor-widget__width-initial elementor-widget elementor-widget-image\" data-id=\"837a9be\" data-element_type=\"widget\" data-e-type=\"widget\" data-widget_type=\"image.default\">\n\t\t\t\t<div class=\"elementor-widget-container\">\n\t\t\t\t\t\t\t\t\t\t\t\t\t\t\t\t<a href=\"https:\/\/hopphatfoods.com\/brand\/elimad-tea\/\">\n\t\t\t\t\t\t\t<img loading=\"lazy\" decoding=\"async\" width=\"482\" height=\"244\" src=\"https:\/\/hopphatfoods.com\/wp-content\/uploads\/2025\/03\/brand-8.png\" class=\"attachment-large size-large wp-image-993\" alt=\"\" srcset=\"https:\/\/hopphatfoods.com\/wp-content\/uploads\/2025\/03\/brand-8.png 482w, https:\/\/hopphatfoods.com\/wp-content\/uploads\/2025\/03\/brand-8-300x152.png 300w\" sizes=\"(max-width: 482px) 100vw, 482px\" \/>\t\t\t\t\t\t\t\t<\/a>\n\t\t\t\t\t\t\t\t\t\t\t\t\t\t\t<\/div>\n\t\t\t\t<\/div>\n\t\t\t\t<div class=\"elementor-element elementor-element-0aa5a03 elementor-widget__width-initial elementor-widget elementor-widget-image\" data-id=\"0aa5a03\" data-element_type=\"widget\" data-e-type=\"widget\" data-widget_type=\"image.default\">\n\t\t\t\t<div class=\"elementor-widget-container\">\n\t\t\t\t\t\t\t\t\t\t\t\t\t\t\t<img loading=\"lazy\" decoding=\"async\" width=\"482\" height=\"244\" src=\"https:\/\/hopphatfoods.com\/wp-content\/uploads\/2025\/11\/EUDORA-HEALTHY-FOOD1.jpg\" class=\"attachment-large size-large wp-image-2255\" alt=\"\" srcset=\"https:\/\/hopphatfoods.com\/wp-content\/uploads\/2025\/11\/EUDORA-HEALTHY-FOOD1.jpg 482w, https:\/\/hopphatfoods.com\/wp-content\/uploads\/2025\/11\/EUDORA-HEALTHY-FOOD1-300x152.jpg 300w, https:\/\/hopphatfoods.com\/wp-content\/uploads\/2025\/11\/EUDORA-HEALTHY-FOOD1-18x9.jpg 18w\" sizes=\"(max-width: 482px) 100vw, 482px\" \/>\t\t\t\t\t\t\t\t\t\t\t\t\t\t\t<\/div>\n\t\t\t\t<\/div>\n\t\t\t\t<div class=\"elementor-element elementor-element-ee8f119 elementor-widget__width-initial elementor-widget elementor-widget-image\" data-id=\"ee8f119\" data-element_type=\"widget\" data-e-type=\"widget\" data-widget_type=\"image.default\">\n\t\t\t\t<div class=\"elementor-widget-container\">\n\t\t\t\t\t\t\t\t\t\t\t\t\t\t\t\t<a href=\"https:\/\/hopphatfoods.com\/brand\/konditor\/\">\n\t\t\t\t\t\t\t<img loading=\"lazy\" decoding=\"async\" width=\"482\" height=\"244\" src=\"https:\/\/hopphatfoods.com\/wp-content\/uploads\/2025\/03\/brand-12.png\" class=\"attachment-large size-large wp-image-989\" alt=\"\" srcset=\"https:\/\/hopphatfoods.com\/wp-content\/uploads\/2025\/03\/brand-12.png 482w, https:\/\/hopphatfoods.com\/wp-content\/uploads\/2025\/03\/brand-12-300x152.png 300w\" sizes=\"(max-width: 482px) 100vw, 482px\" \/>\t\t\t\t\t\t\t\t<\/a>\n\t\t\t\t\t\t\t\t\t\t\t\t\t\t\t<\/div>\n\t\t\t\t<\/div>\n\t\t\t\t<div class=\"elementor-element elementor-element-542473c elementor-widget__width-initial elementor-widget elementor-widget-image\" data-id=\"542473c\" data-element_type=\"widget\" data-e-type=\"widget\" data-widget_type=\"image.default\">\n\t\t\t\t<div class=\"elementor-widget-container\">\n\t\t\t\t\t\t\t\t\t\t\t\t\t\t\t\t<a href=\"https:\/\/hopphatfoods.com\/brand\/incap\/\">\n\t\t\t\t\t\t\t<img loading=\"lazy\" decoding=\"async\" width=\"482\" height=\"244\" src=\"https:\/\/hopphatfoods.com\/wp-content\/uploads\/2025\/03\/brand-3.png\" class=\"attachment-large size-large wp-image-998\" alt=\"\" srcset=\"https:\/\/hopphatfoods.com\/wp-content\/uploads\/2025\/03\/brand-3.png 482w, https:\/\/hopphatfoods.com\/wp-content\/uploads\/2025\/03\/brand-3-300x152.png 300w\" sizes=\"(max-width: 482px) 100vw, 482px\" \/>\t\t\t\t\t\t\t\t<\/a>\n\t\t\t\t\t\t\t\t\t\t\t\t\t\t\t<\/div>\n\t\t\t\t<\/div>\n\t\t\t\t<div class=\"elementor-element elementor-element-629457a elementor-widget__width-initial elementor-widget elementor-widget-image\" data-id=\"629457a\" data-element_type=\"widget\" data-e-type=\"widget\" data-widget_type=\"image.default\">\n\t\t\t\t<div class=\"elementor-widget-container\">\n\t\t\t\t\t\t\t\t\t\t\t\t\t\t\t\t<a href=\"https:\/\/hopphatfoods.com\/brand\/alyan\/\">\n\t\t\t\t\t\t\t<img loading=\"lazy\" decoding=\"async\" width=\"482\" height=\"244\" src=\"https:\/\/hopphatfoods.com\/wp-content\/uploads\/2025\/03\/brand-4.png\" class=\"attachment-large size-large wp-image-997\" alt=\"\" srcset=\"https:\/\/hopphatfoods.com\/wp-content\/uploads\/2025\/03\/brand-4.png 482w, https:\/\/hopphatfoods.com\/wp-content\/uploads\/2025\/03\/brand-4-300x152.png 300w\" sizes=\"(max-width: 482px) 100vw, 482px\" \/>\t\t\t\t\t\t\t\t<\/a>\n\t\t\t\t\t\t\t\t\t\t\t\t\t\t\t<\/div>\n\t\t\t\t<\/div>\n\t\t\t\t<div class=\"elementor-element elementor-element-84e02f3 elementor-widget__width-initial elementor-widget elementor-widget-image\" data-id=\"84e02f3\" data-element_type=\"widget\" data-e-type=\"widget\" data-widget_type=\"image.default\">\n\t\t\t\t<div class=\"elementor-widget-container\">\n\t\t\t\t\t\t\t\t\t\t\t\t\t\t\t\t<a href=\"https:\/\/hopphatfoods.com\/brand\/peitien\/\">\n\t\t\t\t\t\t\t<img loading=\"lazy\" decoding=\"async\" width=\"482\" height=\"244\" src=\"https:\/\/hopphatfoods.com\/wp-content\/uploads\/2025\/03\/brand-1.png\" class=\"attachment-large size-large wp-image-1000\" alt=\"\" srcset=\"https:\/\/hopphatfoods.com\/wp-content\/uploads\/2025\/03\/brand-1.png 482w, https:\/\/hopphatfoods.com\/wp-content\/uploads\/2025\/03\/brand-1-300x152.png 300w\" sizes=\"(max-width: 482px) 100vw, 482px\" \/>\t\t\t\t\t\t\t\t<\/a>\n\t\t\t\t\t\t\t\t\t\t\t\t\t\t\t<\/div>\n\t\t\t\t<\/div>\n\t\t\t\t<div class=\"elementor-element elementor-element-1c521fe elementor-widget__width-initial elementor-widget elementor-widget-image\" data-id=\"1c521fe\" data-element_type=\"widget\" data-e-type=\"widget\" data-widget_type=\"image.default\">\n\t\t\t\t<div class=\"elementor-widget-container\">\n\t\t\t\t\t\t\t\t\t\t\t\t\t\t\t\t<a href=\"https:\/\/hopphatfoods.com\/brand\/mochi-qidea\/\">\n\t\t\t\t\t\t\t<img loading=\"lazy\" decoding=\"async\" width=\"482\" height=\"244\" src=\"https:\/\/hopphatfoods.com\/wp-content\/uploads\/2025\/04\/brand-14-1.png\" class=\"attachment-large size-large wp-image-1299\" alt=\"\" srcset=\"https:\/\/hopphatfoods.com\/wp-content\/uploads\/2025\/04\/brand-14-1.png 482w, https:\/\/hopphatfoods.com\/wp-content\/uploads\/2025\/04\/brand-14-1-300x152.png 300w\" sizes=\"(max-width: 482px) 100vw, 482px\" \/>\t\t\t\t\t\t\t\t<\/a>\n\t\t\t\t\t\t\t\t\t\t\t\t\t\t\t<\/div>\n\t\t\t\t<\/div>\n\t\t\t\t<div class=\"elementor-element elementor-element-d37453d elementor-widget__width-initial elementor-widget elementor-widget-image\" data-id=\"d37453d\" data-element_type=\"widget\" data-e-type=\"widget\" data-widget_type=\"image.default\">\n\t\t\t\t<div class=\"elementor-widget-container\">\n\t\t\t\t\t\t\t\t\t\t\t\t\t\t\t\t<a href=\"https:\/\/hopphatfoods.com\/brand\/campiello\/\">\n\t\t\t\t\t\t\t<img loading=\"lazy\" decoding=\"async\" width=\"482\" height=\"244\" src=\"https:\/\/hopphatfoods.com\/wp-content\/uploads\/2025\/03\/brand-2.png\" class=\"attachment-large size-large wp-image-999\" alt=\"\" srcset=\"https:\/\/hopphatfoods.com\/wp-content\/uploads\/2025\/03\/brand-2.png 482w, https:\/\/hopphatfoods.com\/wp-content\/uploads\/2025\/03\/brand-2-300x152.png 300w\" sizes=\"(max-width: 482px) 100vw, 482px\" \/>\t\t\t\t\t\t\t\t<\/a>\n\t\t\t\t\t\t\t\t\t\t\t\t\t\t\t<\/div>\n\t\t\t\t<\/div>\n\t\t\t\t<div class=\"elementor-element elementor-element-9f064cf elementor-widget__width-initial elementor-widget elementor-widget-image\" data-id=\"9f064cf\" data-element_type=\"widget\" data-e-type=\"widget\" data-widget_type=\"image.default\">\n\t\t\t\t<div class=\"elementor-widget-container\">\n\t\t\t\t\t\t\t\t\t\t\t\t\t\t\t\t<a href=\"https:\/\/hopphatfoods.com\/brand\/anl\/\">\n\t\t\t\t\t\t\t<img loading=\"lazy\" decoding=\"async\" width=\"482\" height=\"244\" src=\"https:\/\/hopphatfoods.com\/wp-content\/uploads\/2025\/03\/brand-6.png\" class=\"attachment-large size-large wp-image-995\" alt=\"\" srcset=\"https:\/\/hopphatfoods.com\/wp-content\/uploads\/2025\/03\/brand-6.png 482w, https:\/\/hopphatfoods.com\/wp-content\/uploads\/2025\/03\/brand-6-300x152.png 300w\" sizes=\"(max-width: 482px) 100vw, 482px\" \/>\t\t\t\t\t\t\t\t<\/a>\n\t\t\t\t\t\t\t\t\t\t\t\t\t\t\t<\/div>\n\t\t\t\t<\/div>\n\t\t\t\t<div class=\"elementor-element elementor-element-e1edb66 elementor-widget__width-initial elementor-widget elementor-widget-image\" data-id=\"e1edb66\" data-element_type=\"widget\" data-e-type=\"widget\" data-widget_type=\"image.default\">\n\t\t\t\t<div class=\"elementor-widget-container\">\n\t\t\t\t\t\t\t\t\t\t\t\t\t\t\t\t<a href=\"https:\/\/hopphatfoods.com\/vi\/brand\/nutriseeds\/\">\n\t\t\t\t\t\t\t<img loading=\"lazy\" decoding=\"async\" width=\"300\" height=\"159\" src=\"https:\/\/hopphatfoods.com\/wp-content\/uploads\/2025\/07\/logo-NutriSeeds-copy-1-300x159.png\" class=\"attachment-medium size-medium wp-image-1579\" alt=\"\" srcset=\"https:\/\/hopphatfoods.com\/wp-content\/uploads\/2025\/07\/logo-NutriSeeds-copy-1-300x159.png 300w, https:\/\/hopphatfoods.com\/wp-content\/uploads\/2025\/07\/logo-NutriSeeds-copy-1-18x10.png 18w, https:\/\/hopphatfoods.com\/wp-content\/uploads\/2025\/07\/logo-NutriSeeds-copy-1.png 536w\" sizes=\"(max-width: 300px) 100vw, 300px\" \/>\t\t\t\t\t\t\t\t<\/a>\n\t\t\t\t\t\t\t\t\t\t\t\t\t\t\t<\/div>\n\t\t\t\t<\/div>\n\t\t\t\t<div class=\"elementor-element elementor-element-2bdb944 elementor-widget__width-initial elementor-widget elementor-widget-image\" data-id=\"2bdb944\" data-element_type=\"widget\" data-e-type=\"widget\" data-widget_type=\"image.default\">\n\t\t\t\t<div class=\"elementor-widget-container\">\n\t\t\t\t\t\t\t\t\t\t\t\t\t\t\t\t<a href=\"https:\/\/hopphatfoods.com\/vi\/brand\/nutriseeds\/\">\n\t\t\t\t\t\t\t<img loading=\"lazy\" decoding=\"async\" width=\"300\" height=\"152\" src=\"https:\/\/hopphatfoods.com\/wp-content\/uploads\/2025\/11\/SORAY-300x152.jpg\" class=\"attachment-medium size-medium wp-image-2260\" alt=\"\" srcset=\"https:\/\/hopphatfoods.com\/wp-content\/uploads\/2025\/11\/SORAY-300x152.jpg 300w, https:\/\/hopphatfoods.com\/wp-content\/uploads\/2025\/11\/SORAY-18x9.jpg 18w, https:\/\/hopphatfoods.com\/wp-content\/uploads\/2025\/11\/SORAY.jpg 482w\" sizes=\"(max-width: 300px) 100vw, 300px\" \/>\t\t\t\t\t\t\t\t<\/a>\n\t\t\t\t\t\t\t\t\t\t\t\t\t\t\t<\/div>\n\t\t\t\t<\/div>\n\t\t\t\t\t<\/div>\n\t\t\t\t<\/div>\n\t\t\t\t<\/div>\n\t\t","protected":false},"excerpt":{"rendered":"<p>Th\u01b0\u01a1ng hi\u1ec7u c\u1ee7a H\u1ee3p ph\u00e1t L\u00e0 m\u1ed9t trong nh\u1eefng doanh nghi\u1ec7p h\u00e0ng \u0111\u1ea7u \u1edf Vi\u1ec7t Nam trong l\u0129nh v\u1ef1c th\u1ef1c ph\u1ea9m &#8211; b\u00e1nh k\u1eb9o, H\u1ee3p Ph\u00e1t nh\u1eadn th\u1ee9c r\u00f5 t\u1ea7m \u1ea3nh h\u01b0\u1edfng c\u1ee7a m\u00ecnh \u0111\u1ebfn c\u1ed9ng \u0111\u1ed3ng v\u00e0 s\u1ef1 ph\u00e1t tri\u1ec3n b\u1ec1n v\u1eefng c\u1ee7a x\u00e3 h\u1ed9i, c\u0169ng nh\u01b0 t\u1ea7m quan tr\u1ecdng c\u1ee7a vi\u1ec7c m\u1edf r\u1ed9ng [&hellip;]<\/p>\n","protected":false},"author":1,"featured_media":0,"parent":0,"menu_order":0,"comment_status":"closed","ping_status":"closed","template":"elementor_header_footer","meta":{"footnotes":""},"class_list":["post-441","page","type-page","status-publish","hentry"],"acf":[],"yoast_head":"<!-- This site is optimized with the Yoast SEO plugin v27.3 - https:\/\/yoast.com\/product\/yoast-seo-wordpress\/ -->\n<title>Th\u01b0\u01a1ng hi\u1ec7u - H\u1ee3p Ph\u00e1t Foods<\/title>\n<meta name=\"robots\" content=\"index, follow, max-snippet:-1, max-image-preview:large, max-video-preview:-1\" \/>\n<link rel=\"canonical\" href=\"https:\/\/hopphatfoods.com\/vi\/thuong-hieu\/\" \/>\n<meta property=\"og:locale\" content=\"vi_VN\" \/>\n<meta property=\"og:type\" content=\"article\" \/>\n<meta property=\"og:title\" content=\"Th\u01b0\u01a1ng hi\u1ec7u - H\u1ee3p Ph\u00e1t Foods\" \/>\n<meta property=\"og:description\" content=\"Th\u01b0\u01a1ng hi\u1ec7u c\u1ee7a H\u1ee3p ph\u00e1t L\u00e0 m\u1ed9t trong nh\u1eefng doanh nghi\u1ec7p h\u00e0ng \u0111\u1ea7u \u1edf Vi\u1ec7t Nam trong l\u0129nh v\u1ef1c th\u1ef1c ph\u1ea9m &#8211; b\u00e1nh k\u1eb9o, H\u1ee3p Ph\u00e1t nh\u1eadn th\u1ee9c r\u00f5 t\u1ea7m \u1ea3nh h\u01b0\u1edfng c\u1ee7a m\u00ecnh \u0111\u1ebfn c\u1ed9ng \u0111\u1ed3ng v\u00e0 s\u1ef1 ph\u00e1t tri\u1ec3n b\u1ec1n v\u1eefng c\u1ee7a x\u00e3 h\u1ed9i, c\u0169ng nh\u01b0 t\u1ea7m quan tr\u1ecdng c\u1ee7a vi\u1ec7c m\u1edf r\u1ed9ng [&hellip;]\" \/>\n<meta property=\"og:url\" content=\"https:\/\/hopphatfoods.com\/vi\/thuong-hieu\/\" \/>\n<meta property=\"og:site_name\" content=\"H\u1ee3p Ph\u00e1t Foods\" \/>\n<meta property=\"article:modified_time\" content=\"2025-11-28T09:04:37+00:00\" \/>\n<meta property=\"og:image\" content=\"http:\/\/hopphatfoods.com\/wp-content\/uploads\/2025\/03\/brand-13.png\" \/>\n<meta name=\"twitter:card\" content=\"summary_large_image\" \/>\n<meta name=\"twitter:label1\" content=\"\u01af\u1edbc t\u00ednh th\u1eddi gian \u0111\u1ecdc\" \/>\n\t<meta name=\"twitter:data1\" content=\"4 ph\u00fat\" \/>\n<script type=\"application\/ld+json\" class=\"yoast-schema-graph\">{\"@context\":\"https:\\\/\\\/schema.org\",\"@graph\":[{\"@type\":\"WebPage\",\"@id\":\"https:\\\/\\\/hopphatfoods.com\\\/thuong-hieu\\\/\",\"url\":\"https:\\\/\\\/hopphatfoods.com\\\/thuong-hieu\\\/\",\"name\":\"Th\u01b0\u01a1ng hi\u1ec7u - H\u1ee3p Ph\u00e1t Foods\",\"isPartOf\":{\"@id\":\"https:\\\/\\\/hopphatfoods.com\\\/#website\"},\"primaryImageOfPage\":{\"@id\":\"https:\\\/\\\/hopphatfoods.com\\\/thuong-hieu\\\/#primaryimage\"},\"image\":{\"@id\":\"https:\\\/\\\/hopphatfoods.com\\\/thuong-hieu\\\/#primaryimage\"},\"thumbnailUrl\":\"http:\\\/\\\/hopphatfoods.com\\\/wp-content\\\/uploads\\\/2025\\\/03\\\/brand-13.png\",\"datePublished\":\"2025-01-07T08:24:19+00:00\",\"dateModified\":\"2025-11-28T09:04:37+00:00\",\"breadcrumb\":{\"@id\":\"https:\\\/\\\/hopphatfoods.com\\\/thuong-hieu\\\/#breadcrumb\"},\"inLanguage\":\"vi\",\"potentialAction\":[{\"@type\":\"ReadAction\",\"target\":[\"https:\\\/\\\/hopphatfoods.com\\\/thuong-hieu\\\/\"]}]},{\"@type\":\"ImageObject\",\"inLanguage\":\"vi\",\"@id\":\"https:\\\/\\\/hopphatfoods.com\\\/thuong-hieu\\\/#primaryimage\",\"url\":\"http:\\\/\\\/hopphatfoods.com\\\/wp-content\\\/uploads\\\/2025\\\/03\\\/brand-13.png\",\"contentUrl\":\"http:\\\/\\\/hopphatfoods.com\\\/wp-content\\\/uploads\\\/2025\\\/03\\\/brand-13.png\"},{\"@type\":\"BreadcrumbList\",\"@id\":\"https:\\\/\\\/hopphatfoods.com\\\/thuong-hieu\\\/#breadcrumb\",\"itemListElement\":[{\"@type\":\"ListItem\",\"position\":1,\"name\":\"Trang ch\u1ee7\",\"item\":\"https:\\\/\\\/hopphatfoods.com\\\/\"},{\"@type\":\"ListItem\",\"position\":2,\"name\":\"Th\u01b0\u01a1ng hi\u1ec7u\"}]},{\"@type\":\"WebSite\",\"@id\":\"https:\\\/\\\/hopphatfoods.com\\\/#website\",\"url\":\"https:\\\/\\\/hopphatfoods.com\\\/\",\"name\":\"H\u1ee3p Ph\u00e1t Foods\",\"description\":\"\",\"publisher\":{\"@id\":\"https:\\\/\\\/hopphatfoods.com\\\/#organization\"},\"potentialAction\":[{\"@type\":\"SearchAction\",\"target\":{\"@type\":\"EntryPoint\",\"urlTemplate\":\"https:\\\/\\\/hopphatfoods.com\\\/?s={search_term_string}\"},\"query-input\":{\"@type\":\"PropertyValueSpecification\",\"valueRequired\":true,\"valueName\":\"search_term_string\"}}],\"inLanguage\":\"vi\"},{\"@type\":\"Organization\",\"@id\":\"https:\\\/\\\/hopphatfoods.com\\\/#organization\",\"name\":\"H\u1ee3p Ph\u00e1t Foods\",\"url\":\"https:\\\/\\\/hopphatfoods.com\\\/\",\"logo\":{\"@type\":\"ImageObject\",\"inLanguage\":\"vi\",\"@id\":\"https:\\\/\\\/hopphatfoods.com\\\/#\\\/schema\\\/logo\\\/image\\\/\",\"url\":\"https:\\\/\\\/hopphatfoods.com\\\/wp-content\\\/uploads\\\/2024\\\/12\\\/logo.png\",\"contentUrl\":\"https:\\\/\\\/hopphatfoods.com\\\/wp-content\\\/uploads\\\/2024\\\/12\\\/logo.png\",\"width\":450,\"height\":124,\"caption\":\"H\u1ee3p Ph\u00e1t Foods\"},\"image\":{\"@id\":\"https:\\\/\\\/hopphatfoods.com\\\/#\\\/schema\\\/logo\\\/image\\\/\"}}]}<\/script>\n<!-- \/ Yoast SEO plugin. -->","yoast_head_json":{"title":"Th\u01b0\u01a1ng hi\u1ec7u - H\u1ee3p Ph\u00e1t Foods","robots":{"index":"index","follow":"follow","max-snippet":"max-snippet:-1","max-image-preview":"max-image-preview:large","max-video-preview":"max-video-preview:-1"},"canonical":"https:\/\/hopphatfoods.com\/vi\/thuong-hieu\/","og_locale":"vi_VN","og_type":"article","og_title":"Th\u01b0\u01a1ng hi\u1ec7u - H\u1ee3p Ph\u00e1t Foods","og_description":"Th\u01b0\u01a1ng hi\u1ec7u c\u1ee7a H\u1ee3p ph\u00e1t L\u00e0 m\u1ed9t trong nh\u1eefng doanh nghi\u1ec7p h\u00e0ng \u0111\u1ea7u \u1edf Vi\u1ec7t Nam trong l\u0129nh v\u1ef1c th\u1ef1c ph\u1ea9m &#8211; b\u00e1nh k\u1eb9o, H\u1ee3p Ph\u00e1t nh\u1eadn th\u1ee9c r\u00f5 t\u1ea7m \u1ea3nh h\u01b0\u1edfng c\u1ee7a m\u00ecnh \u0111\u1ebfn c\u1ed9ng \u0111\u1ed3ng v\u00e0 s\u1ef1 ph\u00e1t tri\u1ec3n b\u1ec1n v\u1eefng c\u1ee7a x\u00e3 h\u1ed9i, c\u0169ng nh\u01b0 t\u1ea7m quan tr\u1ecdng c\u1ee7a vi\u1ec7c m\u1edf r\u1ed9ng [&hellip;]","og_url":"https:\/\/hopphatfoods.com\/vi\/thuong-hieu\/","og_site_name":"H\u1ee3p Ph\u00e1t Foods","article_modified_time":"2025-11-28T09:04:37+00:00","og_image":[{"url":"http:\/\/hopphatfoods.com\/wp-content\/uploads\/2025\/03\/brand-13.png","type":"","width":"","height":""}],"twitter_card":"summary_large_image","twitter_misc":{"\u01af\u1edbc t\u00ednh th\u1eddi gian \u0111\u1ecdc":"4 ph\u00fat"},"schema":{"@context":"https:\/\/schema.org","@graph":[{"@type":"WebPage","@id":"https:\/\/hopphatfoods.com\/thuong-hieu\/","url":"https:\/\/hopphatfoods.com\/thuong-hieu\/","name":"Th\u01b0\u01a1ng hi\u1ec7u - H\u1ee3p Ph\u00e1t Foods","isPartOf":{"@id":"https:\/\/hopphatfoods.com\/#website"},"primaryImageOfPage":{"@id":"https:\/\/hopphatfoods.com\/thuong-hieu\/#primaryimage"},"image":{"@id":"https:\/\/hopphatfoods.com\/thuong-hieu\/#primaryimage"},"thumbnailUrl":"http:\/\/hopphatfoods.com\/wp-content\/uploads\/2025\/03\/brand-13.png","datePublished":"2025-01-07T08:24:19+00:00","dateModified":"2025-11-28T09:04:37+00:00","breadcrumb":{"@id":"https:\/\/hopphatfoods.com\/thuong-hieu\/#breadcrumb"},"inLanguage":"vi","potentialAction":[{"@type":"ReadAction","target":["https:\/\/hopphatfoods.com\/thuong-hieu\/"]}]},{"@type":"ImageObject","inLanguage":"vi","@id":"https:\/\/hopphatfoods.com\/thuong-hieu\/#primaryimage","url":"http:\/\/hopphatfoods.com\/wp-content\/uploads\/2025\/03\/brand-13.png","contentUrl":"http:\/\/hopphatfoods.com\/wp-content\/uploads\/2025\/03\/brand-13.png"},{"@type":"BreadcrumbList","@id":"https:\/\/hopphatfoods.com\/thuong-hieu\/#breadcrumb","itemListElement":[{"@type":"ListItem","position":1,"name":"Trang ch\u1ee7","item":"https:\/\/hopphatfoods.com\/"},{"@type":"ListItem","position":2,"name":"Th\u01b0\u01a1ng hi\u1ec7u"}]},{"@type":"WebSite","@id":"https:\/\/hopphatfoods.com\/#website","url":"https:\/\/hopphatfoods.com\/","name":"H\u1ee3p Ph\u00e1t Foods","description":"","publisher":{"@id":"https:\/\/hopphatfoods.com\/#organization"},"potentialAction":[{"@type":"SearchAction","target":{"@type":"EntryPoint","urlTemplate":"https:\/\/hopphatfoods.com\/?s={search_term_string}"},"query-input":{"@type":"PropertyValueSpecification","valueRequired":true,"valueName":"search_term_string"}}],"inLanguage":"vi"},{"@type":"Organization","@id":"https:\/\/hopphatfoods.com\/#organization","name":"H\u1ee3p Ph\u00e1t Foods","url":"https:\/\/hopphatfoods.com\/","logo":{"@type":"ImageObject","inLanguage":"vi","@id":"https:\/\/hopphatfoods.com\/#\/schema\/logo\/image\/","url":"https:\/\/hopphatfoods.com\/wp-content\/uploads\/2024\/12\/logo.png","contentUrl":"https:\/\/hopphatfoods.com\/wp-content\/uploads\/2024\/12\/logo.png","width":450,"height":124,"caption":"H\u1ee3p Ph\u00e1t Foods"},"image":{"@id":"https:\/\/hopphatfoods.com\/#\/schema\/logo\/image\/"}}]}},"_links":{"self":[{"href":"https:\/\/hopphatfoods.com\/vi\/wp-json\/wp\/v2\/pages\/441","targetHints":{"allow":["GET"]}}],"collection":[{"href":"https:\/\/hopphatfoods.com\/vi\/wp-json\/wp\/v2\/pages"}],"about":[{"href":"https:\/\/hopphatfoods.com\/vi\/wp-json\/wp\/v2\/types\/page"}],"author":[{"embeddable":true,"href":"https:\/\/hopphatfoods.com\/vi\/wp-json\/wp\/v2\/users\/1"}],"replies":[{"embeddable":true,"href":"https:\/\/hopphatfoods.com\/vi\/wp-json\/wp\/v2\/comments?post=441"}],"version-history":[{"count":97,"href":"https:\/\/hopphatfoods.com\/vi\/wp-json\/wp\/v2\/pages\/441\/revisions"}],"predecessor-version":[{"id":2263,"href":"https:\/\/hopphatfoods.com\/vi\/wp-json\/wp\/v2\/pages\/441\/revisions\/2263"}],"wp:attachment":[{"href":"https:\/\/hopphatfoods.com\/vi\/wp-json\/wp\/v2\/media?parent=441"}],"curies":[{"name":"wp","href":"https:\/\/api.w.org\/{rel}","templated":true}]}}