{"id":16,"date":"2024-12-24T09:57:20","date_gmt":"2024-12-24T02:57:20","guid":{"rendered":"https:\/\/hopphatfoods.com\/?page_id=16"},"modified":"2025-03-10T17:16:30","modified_gmt":"2025-03-10T10:16:30","slug":"gioi-thieu","status":"publish","type":"page","link":"https:\/\/hopphatfoods.com\/vi\/gioi-thieu\/","title":{"rendered":"Gi\u1edbi thi\u1ec7u"},"content":{"rendered":"\t\t<div data-elementor-type=\"wp-page\" data-elementor-id=\"16\" class=\"elementor elementor-16\" data-elementor-settings=\"{&quot;ha_cmc_init_switcher&quot;:&quot;no&quot;}\" data-elementor-post-type=\"page\">\n\t\t\t\t<div class=\"elementor-element elementor-element-987d970 e-flex e-con-boxed e-con e-parent\" data-id=\"987d970\" data-element_type=\"container\" data-e-type=\"container\" data-settings=\"{&quot;_ha_eqh_enable&quot;:false}\">\n\t\t\t\t\t<div class=\"e-con-inner\">\n\t\t\t\t\t<\/div>\n\t\t\t\t<\/div>\n\t\t<div class=\"elementor-element elementor-element-d74a102 e-flex e-con-boxed e-con e-parent\" data-id=\"d74a102\" data-element_type=\"container\" data-e-type=\"container\" data-settings=\"{&quot;_ha_eqh_enable&quot;:false}\">\n\t\t\t\t\t<div class=\"e-con-inner\">\n\t\t<div class=\"elementor-element elementor-element-dcb6a5f e-con-full e-flex e-con e-child\" data-id=\"dcb6a5f\" data-element_type=\"container\" data-e-type=\"container\" data-settings=\"{&quot;_ha_eqh_enable&quot;:false}\">\n\t\t\t\t<div class=\"elementor-element elementor-element-4036a81 elementor-widget elementor-widget-heading\" data-id=\"4036a81\" data-element_type=\"widget\" data-e-type=\"widget\" data-widget_type=\"heading.default\">\n\t\t\t\t<div class=\"elementor-widget-container\">\n\t\t\t\t\t<h2 class=\"elementor-heading-title elementor-size-default\">V\u1ec0 C\u00d4NG TY<\/h2>\t\t\t\t<\/div>\n\t\t\t\t<\/div>\n\t\t\t\t<div class=\"elementor-element elementor-element-86170b2 elementor-widget elementor-widget-text-editor\" data-id=\"86170b2\" data-element_type=\"widget\" data-e-type=\"widget\" data-widget_type=\"text-editor.default\">\n\t\t\t\t<div class=\"elementor-widget-container\">\n\t\t\t\t\t\t\t\t\t<p><strong>C\u00f4ng ty TNHH Ph\u00e1t tri\u1ec3n Th\u01b0\u01a1ng m\u1ea1i H\u1ee3p Ph\u00e1t<\/strong>\u00a0(HOP PHAT DEVEL CO., LTD.) \u0111\u01b0\u1ee3c th\u00e0nh l\u1eadp t\u1eeb th\u00e1ng 7\/2013. Ch\u00fang t\u00f4i chuy\u00ean nh\u1eadp kh\u1ea9u v\u00e0 ph\u00e2n ph\u1ed1i \u0111\u1ed9c quy\u1ec1n c\u00e1c s\u1ea3n ph\u1ea9m B\u00e1nh k\u1eb9o cao c\u1ea5p \u0111\u1ebfn t\u1eeb c\u00e1c Korea, Italy, Indonesia, Malaysia, Taiwan, American, Turkey, \u2026<\/p><p>C\u00f4ng ty ch\u00fang t\u00f4i c\u00f3 m\u1ea1ng l\u01b0\u1edbi c\u00e1c Nh\u00e0 Ph\u00e2n Ph\u1ed1i t\u1eeb c\u00e1c t\u1ec9nh ph\u00eda B\u1eafc v\u00e0 m\u1ed9t s\u1ed1 t\u1ec9nh \u1edf mi\u1ec1n Trung Vi\u1ec7t Nam. T\u1ea1i H\u00e0 n\u1ed9i ch\u00fang t\u00f4i c\u00f3 \u0111\u1ed9i ng\u0169 b\u00e1n h\u00e0ng tr\u1ef1c ti\u1ebfp \u0111\u1ebfn t\u1eebng \u0111i\u1ec3m b\u00e1n nh\u1ecf, l\u1ebb, b\u00e1n bu\u00f4n v\u00e0 h\u1ea7u h\u1ebft c\u00e1c h\u1ec7 th\u1ed1ng si\u00eau th\u1ecb.<\/p>\t\t\t\t\t\t\t\t<\/div>\n\t\t\t\t<\/div>\n\t\t\t\t<\/div>\n\t\t<div class=\"elementor-element elementor-element-8bdcc50 e-con-full e-flex e-con e-child\" data-id=\"8bdcc50\" data-element_type=\"container\" data-e-type=\"container\" data-settings=\"{&quot;_ha_eqh_enable&quot;:false}\">\n\t\t\t\t<div class=\"elementor-element elementor-element-4a601c9 elementor-widget elementor-widget-image\" data-id=\"4a601c9\" data-element_type=\"widget\" data-e-type=\"widget\" data-widget_type=\"image.default\">\n\t\t\t\t<div class=\"elementor-widget-container\">\n\t\t\t\t\t\t\t\t\t\t\t\t\t\t\t<img fetchpriority=\"high\" decoding=\"async\" width=\"800\" height=\"565\" src=\"https:\/\/hopphatfoods.com\/wp-content\/uploads\/2025\/01\/about3.jpg\" class=\"attachment-large size-large wp-image-149\" alt=\"\" srcset=\"https:\/\/hopphatfoods.com\/wp-content\/uploads\/2025\/01\/about3.jpg 1000w, https:\/\/hopphatfoods.com\/wp-content\/uploads\/2025\/01\/about3-300x212.jpg 300w, https:\/\/hopphatfoods.com\/wp-content\/uploads\/2025\/01\/about3-768x542.jpg 768w, https:\/\/hopphatfoods.com\/wp-content\/uploads\/2025\/01\/about3-600x424.jpg 600w\" sizes=\"(max-width: 800px) 100vw, 800px\" \/>\t\t\t\t\t\t\t\t\t\t\t\t\t\t\t<\/div>\n\t\t\t\t<\/div>\n\t\t\t\t<\/div>\n\t\t\t\t\t<\/div>\n\t\t\t\t<\/div>\n\t\t<div class=\"elementor-element elementor-element-4be2b61 e-flex e-con-boxed e-con e-parent\" data-id=\"4be2b61\" data-element_type=\"container\" data-e-type=\"container\" data-settings=\"{&quot;_ha_eqh_enable&quot;:false}\">\n\t\t\t\t\t<div class=\"e-con-inner\">\n\t\t<div class=\"elementor-element elementor-element-27cfeda e-con-full e-flex e-con e-child\" data-id=\"27cfeda\" data-element_type=\"container\" data-e-type=\"container\" data-settings=\"{&quot;_ha_eqh_enable&quot;:false}\">\n\t\t\t\t<div class=\"elementor-element elementor-element-3817fc0 elementor-widget elementor-widget-image\" data-id=\"3817fc0\" data-element_type=\"widget\" data-e-type=\"widget\" data-widget_type=\"image.default\">\n\t\t\t\t<div class=\"elementor-widget-container\">\n\t\t\t\t\t\t\t\t\t\t\t\t\t\t\t<img decoding=\"async\" width=\"800\" height=\"565\" src=\"https:\/\/hopphatfoods.com\/wp-content\/uploads\/2025\/01\/about-1024x723.jpg\" class=\"attachment-large size-large wp-image-148\" alt=\"\" srcset=\"https:\/\/hopphatfoods.com\/wp-content\/uploads\/2025\/01\/about-1024x723.jpg 1024w, https:\/\/hopphatfoods.com\/wp-content\/uploads\/2025\/01\/about-300x212.jpg 300w, https:\/\/hopphatfoods.com\/wp-content\/uploads\/2025\/01\/about-768x542.jpg 768w, https:\/\/hopphatfoods.com\/wp-content\/uploads\/2025\/01\/about-1536x1084.jpg 1536w, https:\/\/hopphatfoods.com\/wp-content\/uploads\/2025\/01\/about-600x423.jpg 600w, https:\/\/hopphatfoods.com\/wp-content\/uploads\/2025\/01\/about.jpg 2048w\" sizes=\"(max-width: 800px) 100vw, 800px\" \/>\t\t\t\t\t\t\t\t\t\t\t\t\t\t\t<\/div>\n\t\t\t\t<\/div>\n\t\t\t\t<\/div>\n\t\t<div class=\"elementor-element elementor-element-c8b4577 e-con-full e-flex e-con e-child\" data-id=\"c8b4577\" data-element_type=\"container\" data-e-type=\"container\" data-settings=\"{&quot;_ha_eqh_enable&quot;:false}\">\n\t\t\t\t<div class=\"elementor-element elementor-element-e8584cd elementor-widget elementor-widget-heading\" data-id=\"e8584cd\" data-element_type=\"widget\" data-e-type=\"widget\" data-widget_type=\"heading.default\">\n\t\t\t\t<div class=\"elementor-widget-container\">\n\t\t\t\t\t<h2 class=\"elementor-heading-title elementor-size-default\">T\u1ea6M NH\u00ccN, s\u1ee9 m\u1ec7nh<\/h2>\t\t\t\t<\/div>\n\t\t\t\t<\/div>\n\t\t\t\t<div class=\"elementor-element elementor-element-1ad8367 elementor-widget elementor-widget-text-editor\" data-id=\"1ad8367\" data-element_type=\"widget\" data-e-type=\"widget\" data-widget_type=\"text-editor.default\">\n\t\t\t\t<div class=\"elementor-widget-container\">\n\t\t\t\t\t\t\t\t\t<p>Tr\u1edf th\u00e0nh th\u01b0\u01a1ng hi\u1ec7u b\u00e1nh k\u1eb9o h\u00e0ng \u0111\u1ea7u Vi\u1ec7t Nam, mang \u0111\u1ebfn nh\u1eefng s\u1ea3n ph\u1ea9m ch\u1ea5t l\u01b0\u1ee3ng cao, an to\u00e0n v\u00e0 s\u00e1ng t\u1ea1o, g\u00f3p ph\u1ea7n n\u00e2ng t\u1ea7m gi\u00e1 tr\u1ecb \u1ea9m th\u1ef1c Vi\u1ec7t tr\u00ean th\u1ecb tr\u01b0\u1eddng qu\u1ed1c t\u1ebf.<\/p><ul><li>T\u1ea1o ra c\u00e1c s\u1ea3n ph\u1ea9m b\u00e1nh k\u1eb9o th\u01a1m ngon, gi\u00e0u dinh d\u01b0\u1ee1ng, ph\u00f9 h\u1ee3p v\u1edbi kh\u1ea9u v\u1ecb v\u00e0 nhu c\u1ea7u c\u1ee7a m\u1ecdi gia \u0111\u00ecnh.<\/li><li>\u0110\u1ea3m b\u1ea3o quy tr\u00ecnh s\u1ea3n xu\u1ea5t an to\u00e0n, th\u00e2n thi\u1ec7n v\u1edbi m\u00f4i tr\u01b0\u1eddng v\u00e0 tr\u00e1ch nhi\u1ec7m v\u1edbi c\u1ed9ng \u0111\u1ed3ng.<\/li><li>Ph\u00e1t tri\u1ec3n b\u1ec1n v\u1eefng, \u0111\u00f3ng g\u00f3p v\u00e0o s\u1ef1 th\u1ecbnh v\u01b0\u1ee3ng c\u1ee7a ng\u00e0nh c\u00f4ng nghi\u1ec7p th\u1ef1c ph\u1ea9m Vi\u1ec7t Nam.<\/li><\/ul>\t\t\t\t\t\t\t\t<\/div>\n\t\t\t\t<\/div>\n\t\t\t\t<\/div>\n\t\t\t\t\t<\/div>\n\t\t\t\t<\/div>\n\t\t<div class=\"elementor-element elementor-element-93736bc e-flex e-con-boxed e-con e-parent\" data-id=\"93736bc\" data-element_type=\"container\" data-e-type=\"container\" data-settings=\"{&quot;_ha_eqh_enable&quot;:false}\">\n\t\t\t\t\t<div class=\"e-con-inner\">\n\t\t<div class=\"elementor-element elementor-element-2f981c2 e-con-full e-flex e-con e-child\" data-id=\"2f981c2\" data-element_type=\"container\" data-e-type=\"container\" data-settings=\"{&quot;_ha_eqh_enable&quot;:false}\">\n\t\t\t\t<div class=\"elementor-element elementor-element-2623a73 elementor-widget elementor-widget-heading\" data-id=\"2623a73\" data-element_type=\"widget\" data-e-type=\"widget\" data-widget_type=\"heading.default\">\n\t\t\t\t<div class=\"elementor-widget-container\">\n\t\t\t\t\t<h2 class=\"elementor-heading-title elementor-size-default\">Gi\u00e1 tr\u1ecb c\u1ed1t l\u00f5i<\/h2>\t\t\t\t<\/div>\n\t\t\t\t<\/div>\n\t\t\t\t<div class=\"elementor-element elementor-element-3220127 elementor-widget elementor-widget-text-editor\" data-id=\"3220127\" data-element_type=\"widget\" data-e-type=\"widget\" data-widget_type=\"text-editor.default\">\n\t\t\t\t<div class=\"elementor-widget-container\">\n\t\t\t\t\t\t\t\t\t<ul><li><strong>Ch\u1ea5t l\u01b0\u1ee3ng<\/strong>: Cam k\u1ebft mang \u0111\u1ebfn s\u1ea3n ph\u1ea9m \u0111\u1ea1t ti\u00eau chu\u1ea9n cao nh\u1ea5t v\u1ec1 an to\u00e0n v\u00e0 ch\u1ea5t l\u01b0\u1ee3ng.<\/li><li><strong>S\u00e1ng t\u1ea1o<\/strong>: Kh\u00f4ng ng\u1eebng c\u1ea3i ti\u1ebfn s\u1ea3n ph\u1ea9m v\u00e0 quy tr\u00ecnh s\u1ea3n xu\u1ea5t \u0111\u1ec3 \u0111\u00e1p \u1ee9ng th\u1ecb hi\u1ebfu v\u00e0 nhu c\u1ea7u ng\u00e0y c\u00e0ng cao c\u1ee7a kh\u00e1ch h\u00e0ng.<\/li><li><strong>Kh\u00e1ch h\u00e0ng l\u00e0 trung t\u00e2m<\/strong>: T\u00f4n tr\u1ecdng v\u00e0 l\u1eafng nghe kh\u00e1ch h\u00e0ng \u0111\u1ec3 t\u1ea1o ra nh\u1eefng tr\u1ea3i nghi\u1ec7m v\u01b0\u1ee3t mong \u0111\u1ee3i.<\/li><li><strong>Tr\u00e1ch nhi\u1ec7m<\/strong>: Th\u1ef1c hi\u1ec7n tr\u00e1ch nhi\u1ec7m x\u00e3 h\u1ed9i, b\u1ea3o v\u1ec7 m\u00f4i tr\u01b0\u1eddng v\u00e0 g\u00f3p ph\u1ea7n x\u00e2y d\u1ef1ng c\u1ed9ng \u0111\u1ed3ng b\u1ec1n v\u1eefng.<\/li><li><strong>\u0110o\u00e0n k\u1ebft<\/strong>: X\u00e2y d\u1ef1ng m\u1ed9t m\u00f4i tr\u01b0\u1eddng l\u00e0m vi\u1ec7c chuy\u00ean nghi\u1ec7p, g\u1eafn k\u1ebft v\u00e0 t\u00f4n tr\u1ecdng gi\u00e1 tr\u1ecb con ng\u01b0\u1eddi.<\/li><\/ul>\t\t\t\t\t\t\t\t<\/div>\n\t\t\t\t<\/div>\n\t\t\t\t<\/div>\n\t\t<div class=\"elementor-element elementor-element-e03b8de e-con-full e-flex e-con e-child\" data-id=\"e03b8de\" data-element_type=\"container\" data-e-type=\"container\" data-settings=\"{&quot;_ha_eqh_enable&quot;:false}\">\n\t\t\t\t<div class=\"elementor-element elementor-element-80b272a elementor-widget elementor-widget-image\" data-id=\"80b272a\" data-element_type=\"widget\" data-e-type=\"widget\" data-widget_type=\"image.default\">\n\t\t\t\t<div class=\"elementor-widget-container\">\n\t\t\t\t\t\t\t\t\t\t\t\t\t\t\t<img decoding=\"async\" width=\"800\" height=\"599\" src=\"https:\/\/hopphatfoods.com\/wp-content\/uploads\/2025\/01\/about4.jpg\" class=\"attachment-large size-large wp-image-150\" alt=\"\" srcset=\"https:\/\/hopphatfoods.com\/wp-content\/uploads\/2025\/01\/about4.jpg 1000w, https:\/\/hopphatfoods.com\/wp-content\/uploads\/2025\/01\/about4-300x225.jpg 300w, https:\/\/hopphatfoods.com\/wp-content\/uploads\/2025\/01\/about4-768x575.jpg 768w, https:\/\/hopphatfoods.com\/wp-content\/uploads\/2025\/01\/about4-600x449.jpg 600w\" sizes=\"(max-width: 800px) 100vw, 800px\" \/>\t\t\t\t\t\t\t\t\t\t\t\t\t\t\t<\/div>\n\t\t\t\t<\/div>\n\t\t\t\t<\/div>\n\t\t\t\t\t<\/div>\n\t\t\t\t<\/div>\n\t\t\t\t<\/div>\n\t\t","protected":false},"excerpt":{"rendered":"<p>V\u1ec0 C\u00d4NG TY C\u00f4ng ty TNHH Ph\u00e1t tri\u1ec3n Th\u01b0\u01a1ng m\u1ea1i H\u1ee3p Ph\u00e1t\u00a0(HOP PHAT DEVEL CO., LTD.) \u0111\u01b0\u1ee3c th\u00e0nh l\u1eadp t\u1eeb th\u00e1ng 7\/2013. Ch\u00fang t\u00f4i chuy\u00ean nh\u1eadp kh\u1ea9u v\u00e0 ph\u00e2n ph\u1ed1i \u0111\u1ed9c quy\u1ec1n c\u00e1c s\u1ea3n ph\u1ea9m B\u00e1nh k\u1eb9o cao c\u1ea5p \u0111\u1ebfn t\u1eeb c\u00e1c Korea, Italy, Indonesia, Malaysia, Taiwan, American, Turkey, \u2026 C\u00f4ng ty ch\u00fang t\u00f4i c\u00f3 [&hellip;]<\/p>\n","protected":false},"author":1,"featured_media":0,"parent":0,"menu_order":0,"comment_status":"closed","ping_status":"closed","template":"elementor_header_footer","meta":{"footnotes":""},"class_list":["post-16","page","type-page","status-publish","hentry"],"acf":[],"yoast_head":"<!-- This site is optimized with the Yoast SEO plugin v27.3 - https:\/\/yoast.com\/product\/yoast-seo-wordpress\/ -->\n<title>Gi\u1edbi thi\u1ec7u - H\u1ee3p Ph\u00e1t Foods<\/title>\n<meta name=\"robots\" content=\"index, follow, max-snippet:-1, max-image-preview:large, max-video-preview:-1\" \/>\n<link rel=\"canonical\" href=\"https:\/\/hopphatfoods.com\/vi\/gioi-thieu\/\" \/>\n<meta property=\"og:locale\" content=\"vi_VN\" \/>\n<meta property=\"og:type\" content=\"article\" \/>\n<meta property=\"og:title\" content=\"Gi\u1edbi thi\u1ec7u - H\u1ee3p Ph\u00e1t Foods\" \/>\n<meta property=\"og:description\" content=\"V\u1ec0 C\u00d4NG TY C\u00f4ng ty TNHH Ph\u00e1t tri\u1ec3n Th\u01b0\u01a1ng m\u1ea1i H\u1ee3p Ph\u00e1t\u00a0(HOP PHAT DEVEL CO., LTD.) \u0111\u01b0\u1ee3c th\u00e0nh l\u1eadp t\u1eeb th\u00e1ng 7\/2013. Ch\u00fang t\u00f4i chuy\u00ean nh\u1eadp kh\u1ea9u v\u00e0 ph\u00e2n ph\u1ed1i \u0111\u1ed9c quy\u1ec1n c\u00e1c s\u1ea3n ph\u1ea9m B\u00e1nh k\u1eb9o cao c\u1ea5p \u0111\u1ebfn t\u1eeb c\u00e1c Korea, Italy, Indonesia, Malaysia, Taiwan, American, Turkey, \u2026 C\u00f4ng ty ch\u00fang t\u00f4i c\u00f3 [&hellip;]\" \/>\n<meta property=\"og:url\" content=\"https:\/\/hopphatfoods.com\/vi\/gioi-thieu\/\" \/>\n<meta property=\"og:site_name\" content=\"H\u1ee3p Ph\u00e1t Foods\" \/>\n<meta property=\"article:modified_time\" content=\"2025-03-10T10:16:30+00:00\" \/>\n<meta property=\"og:image\" content=\"http:\/\/hopphatfoods.com\/wp-content\/uploads\/2025\/01\/about3.jpg\" \/>\n<meta name=\"twitter:card\" content=\"summary_large_image\" \/>\n<meta name=\"twitter:label1\" content=\"\u01af\u1edbc t\u00ednh th\u1eddi gian \u0111\u1ecdc\" \/>\n\t<meta name=\"twitter:data1\" content=\"3 ph\u00fat\" \/>\n<script type=\"application\/ld+json\" class=\"yoast-schema-graph\">{\"@context\":\"https:\\\/\\\/schema.org\",\"@graph\":[{\"@type\":\"WebPage\",\"@id\":\"https:\\\/\\\/hopphatfoods.com\\\/gioi-thieu\\\/\",\"url\":\"https:\\\/\\\/hopphatfoods.com\\\/gioi-thieu\\\/\",\"name\":\"Gi\u1edbi thi\u1ec7u - H\u1ee3p Ph\u00e1t Foods\",\"isPartOf\":{\"@id\":\"https:\\\/\\\/hopphatfoods.com\\\/#website\"},\"primaryImageOfPage\":{\"@id\":\"https:\\\/\\\/hopphatfoods.com\\\/gioi-thieu\\\/#primaryimage\"},\"image\":{\"@id\":\"https:\\\/\\\/hopphatfoods.com\\\/gioi-thieu\\\/#primaryimage\"},\"thumbnailUrl\":\"http:\\\/\\\/hopphatfoods.com\\\/wp-content\\\/uploads\\\/2025\\\/01\\\/about3.jpg\",\"datePublished\":\"2024-12-24T02:57:20+00:00\",\"dateModified\":\"2025-03-10T10:16:30+00:00\",\"breadcrumb\":{\"@id\":\"https:\\\/\\\/hopphatfoods.com\\\/gioi-thieu\\\/#breadcrumb\"},\"inLanguage\":\"vi\",\"potentialAction\":[{\"@type\":\"ReadAction\",\"target\":[\"https:\\\/\\\/hopphatfoods.com\\\/gioi-thieu\\\/\"]}]},{\"@type\":\"ImageObject\",\"inLanguage\":\"vi\",\"@id\":\"https:\\\/\\\/hopphatfoods.com\\\/gioi-thieu\\\/#primaryimage\",\"url\":\"http:\\\/\\\/hopphatfoods.com\\\/wp-content\\\/uploads\\\/2025\\\/01\\\/about3.jpg\",\"contentUrl\":\"http:\\\/\\\/hopphatfoods.com\\\/wp-content\\\/uploads\\\/2025\\\/01\\\/about3.jpg\"},{\"@type\":\"BreadcrumbList\",\"@id\":\"https:\\\/\\\/hopphatfoods.com\\\/gioi-thieu\\\/#breadcrumb\",\"itemListElement\":[{\"@type\":\"ListItem\",\"position\":1,\"name\":\"Trang ch\u1ee7\",\"item\":\"https:\\\/\\\/hopphatfoods.com\\\/\"},{\"@type\":\"ListItem\",\"position\":2,\"name\":\"Gi\u1edbi thi\u1ec7u\"}]},{\"@type\":\"WebSite\",\"@id\":\"https:\\\/\\\/hopphatfoods.com\\\/#website\",\"url\":\"https:\\\/\\\/hopphatfoods.com\\\/\",\"name\":\"H\u1ee3p Ph\u00e1t Foods\",\"description\":\"\",\"publisher\":{\"@id\":\"https:\\\/\\\/hopphatfoods.com\\\/#organization\"},\"potentialAction\":[{\"@type\":\"SearchAction\",\"target\":{\"@type\":\"EntryPoint\",\"urlTemplate\":\"https:\\\/\\\/hopphatfoods.com\\\/?s={search_term_string}\"},\"query-input\":{\"@type\":\"PropertyValueSpecification\",\"valueRequired\":true,\"valueName\":\"search_term_string\"}}],\"inLanguage\":\"vi\"},{\"@type\":\"Organization\",\"@id\":\"https:\\\/\\\/hopphatfoods.com\\\/#organization\",\"name\":\"H\u1ee3p Ph\u00e1t Foods\",\"url\":\"https:\\\/\\\/hopphatfoods.com\\\/\",\"logo\":{\"@type\":\"ImageObject\",\"inLanguage\":\"vi\",\"@id\":\"https:\\\/\\\/hopphatfoods.com\\\/#\\\/schema\\\/logo\\\/image\\\/\",\"url\":\"https:\\\/\\\/hopphatfoods.com\\\/wp-content\\\/uploads\\\/2024\\\/12\\\/logo.png\",\"contentUrl\":\"https:\\\/\\\/hopphatfoods.com\\\/wp-content\\\/uploads\\\/2024\\\/12\\\/logo.png\",\"width\":450,\"height\":124,\"caption\":\"H\u1ee3p Ph\u00e1t Foods\"},\"image\":{\"@id\":\"https:\\\/\\\/hopphatfoods.com\\\/#\\\/schema\\\/logo\\\/image\\\/\"}}]}<\/script>\n<!-- \/ Yoast SEO plugin. -->","yoast_head_json":{"title":"Gi\u1edbi thi\u1ec7u - H\u1ee3p Ph\u00e1t Foods","robots":{"index":"index","follow":"follow","max-snippet":"max-snippet:-1","max-image-preview":"max-image-preview:large","max-video-preview":"max-video-preview:-1"},"canonical":"https:\/\/hopphatfoods.com\/vi\/gioi-thieu\/","og_locale":"vi_VN","og_type":"article","og_title":"Gi\u1edbi thi\u1ec7u - H\u1ee3p Ph\u00e1t Foods","og_description":"V\u1ec0 C\u00d4NG TY C\u00f4ng ty TNHH Ph\u00e1t tri\u1ec3n Th\u01b0\u01a1ng m\u1ea1i H\u1ee3p Ph\u00e1t\u00a0(HOP PHAT DEVEL CO., LTD.) \u0111\u01b0\u1ee3c th\u00e0nh l\u1eadp t\u1eeb th\u00e1ng 7\/2013. Ch\u00fang t\u00f4i chuy\u00ean nh\u1eadp kh\u1ea9u v\u00e0 ph\u00e2n ph\u1ed1i \u0111\u1ed9c quy\u1ec1n c\u00e1c s\u1ea3n ph\u1ea9m B\u00e1nh k\u1eb9o cao c\u1ea5p \u0111\u1ebfn t\u1eeb c\u00e1c Korea, Italy, Indonesia, Malaysia, Taiwan, American, Turkey, \u2026 C\u00f4ng ty ch\u00fang t\u00f4i c\u00f3 [&hellip;]","og_url":"https:\/\/hopphatfoods.com\/vi\/gioi-thieu\/","og_site_name":"H\u1ee3p Ph\u00e1t Foods","article_modified_time":"2025-03-10T10:16:30+00:00","og_image":[{"url":"http:\/\/hopphatfoods.com\/wp-content\/uploads\/2025\/01\/about3.jpg","type":"","width":"","height":""}],"twitter_card":"summary_large_image","twitter_misc":{"\u01af\u1edbc t\u00ednh th\u1eddi gian \u0111\u1ecdc":"3 ph\u00fat"},"schema":{"@context":"https:\/\/schema.org","@graph":[{"@type":"WebPage","@id":"https:\/\/hopphatfoods.com\/gioi-thieu\/","url":"https:\/\/hopphatfoods.com\/gioi-thieu\/","name":"Gi\u1edbi thi\u1ec7u - H\u1ee3p Ph\u00e1t Foods","isPartOf":{"@id":"https:\/\/hopphatfoods.com\/#website"},"primaryImageOfPage":{"@id":"https:\/\/hopphatfoods.com\/gioi-thieu\/#primaryimage"},"image":{"@id":"https:\/\/hopphatfoods.com\/gioi-thieu\/#primaryimage"},"thumbnailUrl":"http:\/\/hopphatfoods.com\/wp-content\/uploads\/2025\/01\/about3.jpg","datePublished":"2024-12-24T02:57:20+00:00","dateModified":"2025-03-10T10:16:30+00:00","breadcrumb":{"@id":"https:\/\/hopphatfoods.com\/gioi-thieu\/#breadcrumb"},"inLanguage":"vi","potentialAction":[{"@type":"ReadAction","target":["https:\/\/hopphatfoods.com\/gioi-thieu\/"]}]},{"@type":"ImageObject","inLanguage":"vi","@id":"https:\/\/hopphatfoods.com\/gioi-thieu\/#primaryimage","url":"http:\/\/hopphatfoods.com\/wp-content\/uploads\/2025\/01\/about3.jpg","contentUrl":"http:\/\/hopphatfoods.com\/wp-content\/uploads\/2025\/01\/about3.jpg"},{"@type":"BreadcrumbList","@id":"https:\/\/hopphatfoods.com\/gioi-thieu\/#breadcrumb","itemListElement":[{"@type":"ListItem","position":1,"name":"Trang ch\u1ee7","item":"https:\/\/hopphatfoods.com\/"},{"@type":"ListItem","position":2,"name":"Gi\u1edbi thi\u1ec7u"}]},{"@type":"WebSite","@id":"https:\/\/hopphatfoods.com\/#website","url":"https:\/\/hopphatfoods.com\/","name":"H\u1ee3p Ph\u00e1t Foods","description":"","publisher":{"@id":"https:\/\/hopphatfoods.com\/#organization"},"potentialAction":[{"@type":"SearchAction","target":{"@type":"EntryPoint","urlTemplate":"https:\/\/hopphatfoods.com\/?s={search_term_string}"},"query-input":{"@type":"PropertyValueSpecification","valueRequired":true,"valueName":"search_term_string"}}],"inLanguage":"vi"},{"@type":"Organization","@id":"https:\/\/hopphatfoods.com\/#organization","name":"H\u1ee3p Ph\u00e1t Foods","url":"https:\/\/hopphatfoods.com\/","logo":{"@type":"ImageObject","inLanguage":"vi","@id":"https:\/\/hopphatfoods.com\/#\/schema\/logo\/image\/","url":"https:\/\/hopphatfoods.com\/wp-content\/uploads\/2024\/12\/logo.png","contentUrl":"https:\/\/hopphatfoods.com\/wp-content\/uploads\/2024\/12\/logo.png","width":450,"height":124,"caption":"H\u1ee3p Ph\u00e1t Foods"},"image":{"@id":"https:\/\/hopphatfoods.com\/#\/schema\/logo\/image\/"}}]}},"_links":{"self":[{"href":"https:\/\/hopphatfoods.com\/vi\/wp-json\/wp\/v2\/pages\/16","targetHints":{"allow":["GET"]}}],"collection":[{"href":"https:\/\/hopphatfoods.com\/vi\/wp-json\/wp\/v2\/pages"}],"about":[{"href":"https:\/\/hopphatfoods.com\/vi\/wp-json\/wp\/v2\/types\/page"}],"author":[{"embeddable":true,"href":"https:\/\/hopphatfoods.com\/vi\/wp-json\/wp\/v2\/users\/1"}],"replies":[{"embeddable":true,"href":"https:\/\/hopphatfoods.com\/vi\/wp-json\/wp\/v2\/comments?post=16"}],"version-history":[{"count":65,"href":"https:\/\/hopphatfoods.com\/vi\/wp-json\/wp\/v2\/pages\/16\/revisions"}],"predecessor-version":[{"id":1457,"href":"https:\/\/hopphatfoods.com\/vi\/wp-json\/wp\/v2\/pages\/16\/revisions\/1457"}],"wp:attachment":[{"href":"https:\/\/hopphatfoods.com\/vi\/wp-json\/wp\/v2\/media?parent=16"}],"curies":[{"name":"wp","href":"https:\/\/api.w.org\/{rel}","templated":true}]}}