{"id":389,"date":"2025-01-07T14:06:04","date_gmt":"2025-01-07T07:06:04","guid":{"rendered":"https:\/\/hopphatfoods.com\/?post_type=product&#038;p=389"},"modified":"2025-12-04T11:49:03","modified_gmt":"2025-12-04T04:49:03","slug":"banh-quy-eudora-306g","status":"publish","type":"product","link":"https:\/\/hopphatfoods.com\/en\/product\/banh-quy-eudora-306g\/","title":{"rendered":"B\u00e1nh Quy EUDORA H\u1ed9p Thi\u1ebfc 306g"},"content":{"rendered":"<p><strong>EUDORA H\u1ed9p ch\u1eef nh\u1eadt nh\u1ecf 306g<\/strong> l\u00e0 s\u1ea3n ph\u1ea9m cao c\u1ea5p v\u1edbi ho\u1ea1 ti\u1ebft v\u01b0\u01a1ng mi\u1ec7n bi\u1ec3u tr\u01b0ng cho s\u1ef1 sang tr\u1ecdng, quy\u1ec1n qu\u00fd v\u00e0 \u0111\u1eb3ng c\u1ea5p. B\u00e1nh mang \u0111\u1ebfn s\u1ef1 k\u1ebft h\u1ee3p phong ph\u00fa gi\u1eefa nhi\u1ec1u h\u01b0\u01a1ng v\u1ecb \u0111\u1ed9c \u0111\u00e1o, \u0111\u00e1p \u1ee9ng kh\u1ea9u v\u1ecb \u0111a d\u1ea1ng. \u0110\u00e2y l\u00e0 l\u1ef1a ch\u1ecdn ho\u00e0n h\u1ea3o \u0111\u1ec3 l\u00e0m qu\u00e0 t\u1eb7ng ho\u1eb7c th\u01b0\u1edfng th\u1ee9c trong c\u00e1c d\u1ecbp \u0111\u1eb7c bi\u1ec7t.<\/p>\n<h2><strong>Xu\u1ea5t x\u1ee9:<\/strong><\/h2>\n<p>Nh\u1eadp kh\u1ea9u tr\u1ef1c ti\u1ebfp t\u1eeb Indonesia, s\u1ea3n xu\u1ea5t tr\u00ean d\u00e2y chuy\u1ec1n \u0111\u1ea1t chu\u1ea9n qu\u1ed1c t\u1ebf, \u0111\u1ea3m b\u1ea3o h\u01b0\u01a1ng v\u1ecb th\u01a1m ngon, an to\u00e0n v\u00e0 \u0111\u1ed3ng nh\u1ea5t ch\u1ea5t l\u01b0\u1ee3ng.<\/p>\n<h2><strong>\u0110\u1eb7c \u0111i\u1ec3m n\u1ed5i b\u1eadt: <\/strong><\/h2>\n<ul>\n<li>H\u1ed9p thi\u1ebfc \u0111a d\u1ea1ng l\u1ef1a ch\u1ecdn g\u1ed3m b\u00e1nh quy b\u01a1, b\u00e1nh sandwich v\u00e0 b\u00e1nh qui qu\u1ebf \u0111\u1ea7y h\u1ea5p d\u1eabn.<\/li>\n<li>H\u1ed9p thi\u1ebfc h\u1ecda ti\u1ebft v\u01b0\u01a1ng mi\u1ec7n, t\u01b0\u1ee3ng tr\u01b0ng cho s\u1ef1 sang tr\u1ecdng, quy\u1ec1n qu\u00fd v\u00e0 \u0111\u1eb3ng c\u1ea5p<\/li>\n<li>Gam 2 m\u00e0u \u0111\u1ecf, xanh, c\u00f9ng ho\u1ea1 ti\u1ebft v\u01b0\u01a1ng mi\u1ec7n c\u1ea3m gi\u00e1c trang tr\u1ecdng v\u00e0 uy nghi, gi\u00fap s\u1ea3n ph\u1ea9m tr\u1edf n\u00ean n\u1ed5i b\u1eadt, th\u00edch h\u1ee3p cho c\u00e1c d\u1ecbp l\u1ec5 T\u1ebft khi g\u1eedi g\u1eafm l\u1eddi ch\u00fac th\u1ecbnh v\u01b0\u1ee3ng v\u00e0 th\u00e0nh c\u00f4ng.<\/li>\n<\/ul>\n<h2>S\u1eed d\u1ee5ng:<\/h2>\n<ul>\n<li><strong>S\u1eed d\u1ee5ng h\u00e0ng ng\u00e0y:<\/strong> D\u00f9ng k\u00e8m tr\u00e0, c\u00e0 ph\u00ea, hay l\u00e0m m\u00f3n \u0103n nh\u1eb9 ti\u1ec7n l\u1ee3i cho c\u1ea3 gia \u0111\u00ecnh.<\/li>\n<li><strong>Th\u1eafp h\u01b0\u01a1ng \u2013 l\u1ec5 c\u00fang:<\/strong> Thi\u1ebft k\u1ebf trang nh\u00e3, l\u1ecbch s\u1ef1, ph\u00f9 h\u1ee3p b\u00e0y m\u00e2m l\u1ec5 trong c\u00e1c d\u1ecbp l\u1ec5 T\u1ebft, r\u1eb1m, gi\u1ed7 ch\u1ea1p.<\/li>\n<li><strong>Doanh nghi\u1ec7p \u2013 gi\u1ecf qu\u00e0 T\u1ebft:<\/strong> S\u1ea3n ph\u1ea9m \u0111\u1eb9p m\u1eaft, \u00fd ngh\u0129a, th\u00edch h\u1ee3p \u0111\u1ec3 \u0111\u00f3ng gi\u1ecf qu\u00e0 T\u1ebft cho nh\u00e2n vi\u00ean, kh\u00e1ch h\u00e0ng, \u0111\u1ed1i t\u00e1c.<\/li>\n<li><strong>Qu\u00e0 bi\u1ebfu, \u0111i l\u1ec5:<\/strong> H\u1ed9p thi\u1ebfc sang tr\u1ecdng, d\u1ec5 mang theo, l\u00e0 m\u00f3n qu\u00e0 tinh t\u1ebf g\u1eedi g\u1eafm l\u1eddi ch\u00fac may m\u1eafn, \u0111\u1ee7 \u0111\u1ea7y.<\/li>\n<li><strong>Gia \u0111\u00ecnh &amp; ti\u1ebfp kh\u00e1ch:<\/strong> B\u00e1nh th\u01a1m ngon, bao b\u00ec \u0111\u1eb9p m\u1eaft \u2013 gi\u00fap b\u00e0n tr\u00e0 ng\u00e0y T\u1ebft th\u00eam ph\u1ea7n \u1ea5m c\u00fang v\u00e0 sang tr\u1ecdng.<\/li>\n<\/ul>\n<h2>\u0110\u1ecba ch\u1ec9 ph\u00e2n ph\u1ed1i EUDORA H\u1ed9p ch\u1eef nh\u1eadt nh\u1ecf 306g<\/h2>\n<p><strong>EUDORA H\u1ed9p ch\u1eef nh\u1eadt nh\u1ecf 306g<\/strong> \u0111\u00e3 c\u00f3 m\u1eb7t t\u1ea1i c\u00e1c h\u1ec7 th\u1ed1ng ph\u00e2n ph\u1ed1i:<\/p>\n<ul>\n<li dir=\"auto\">C\u00e1c si\u00eau th\u1ecb l\u1edbn: \u0110\u1ee9c Th\u00e0nh, Th\u00e0nh \u0110\u00f4, T-Mart, BRG\u2026<\/li>\n<li dir=\"auto\">C\u00e1c \u0111\u1ea1i l\u00fd, c\u1eeda h\u00e0ng t\u1ea1p h\u00f3a tr\u00ean to\u00e0n qu\u1ed1c.<\/li>\n<li dir=\"auto\">Mua online d\u1ec5 d\u00e0ng tr\u00ean Shopee, TikTok, Fanpage.<\/li>\n<li dir=\"auto\">Hotline t\u01b0 v\u1ea5n mi\u1ec5n ph\u00ed:\u00a0<strong>0389.666.113 ho\u1eb7c t\u1ed5ng \u0111\u00e0i 1900 &#8211; 4418<\/strong><\/li>\n<\/ul>","protected":false},"excerpt":{"rendered":"<p><strong>EUDORA H\u1ed9p ch\u1eef nh\u1eadt nh\u1ecf 306g<\/strong> l\u00e0 s\u1ea3n ph\u1ea9m cao c\u1ea5p v\u1edbi ho\u1ea1 ti\u1ebft v\u01b0\u01a1ng mi\u1ec7n bi\u1ec3u tr\u01b0ng cho s\u1ef1 sang tr\u1ecdng, quy\u1ec1n qu\u00fd v\u00e0 \u0111\u1eb3ng c\u1ea5p.<\/p>","protected":false},"featured_media":2266,"comment_status":"open","ping_status":"closed","template":"","meta":[],"product_brand":[76],"product_cat":[15],"product_tag":[323,399,391,398],"class_list":{"0":"post-389","1":"product","2":"type-product","3":"status-publish","4":"has-post-thumbnail","6":"product_brand-eudora-biscuits","7":"product_cat-banh-quy","8":"product_tag-eudora","9":"product_tag-eudora-306g","10":"product_tag-eudora-hop-chu-nhat-nho","11":"product_tag-eudora-hop-chu-nhat-nho-306g","13":"first","14":"instock","15":"shipping-taxable","16":"product-type-simple"},"acf":[],"yoast_head":"<!-- This site is optimized with the Yoast SEO plugin v27.3 - https:\/\/yoast.com\/product\/yoast-seo-wordpress\/ -->\n<title>B\u00e1nh Quy EUDORA H\u1ed9p Thi\u1ebfc 306g - H\u1ee3p Ph\u00e1t Foods<\/title>\n<meta name=\"description\" content=\"B\u00e1nh quy EUDORA h\u1ed9p thi\u1ebfc 306g l\u00e0 s\u1ea3n ph\u1ea9m cao c\u1ea5p v\u1edbi h\u1ecda ti\u1ebft v\u01b0\u01a1ng mi\u1ec7n bi\u1ec3u tr\u01b0ng cho s\u1ef1 sang tr\u1ecdng, qu\u00fd ph\u00e1i v\u00e0 \u0111\u1eb3ng c\u1ea5p.\" \/>\n<meta name=\"robots\" content=\"index, follow, max-snippet:-1, max-image-preview:large, max-video-preview:-1\" \/>\n<link rel=\"canonical\" href=\"https:\/\/hopphatfoods.com\/en\/product\/banh-quy-eudora-306g\/\" \/>\n<meta property=\"og:locale\" content=\"en_US\" \/>\n<meta property=\"og:type\" content=\"article\" \/>\n<meta property=\"og:title\" content=\"B\u00e1nh Quy EUDORA H\u1ed9p Thi\u1ebfc 306g - H\u1ee3p Ph\u00e1t Foods\" \/>\n<meta property=\"og:description\" content=\"B\u00e1nh quy EUDORA h\u1ed9p thi\u1ebfc 306g l\u00e0 s\u1ea3n ph\u1ea9m cao c\u1ea5p v\u1edbi h\u1ecda ti\u1ebft v\u01b0\u01a1ng mi\u1ec7n bi\u1ec3u tr\u01b0ng cho s\u1ef1 sang tr\u1ecdng, qu\u00fd ph\u00e1i v\u00e0 \u0111\u1eb3ng c\u1ea5p.\" \/>\n<meta property=\"og:url\" content=\"https:\/\/hopphatfoods.com\/en\/product\/banh-quy-eudora-306g\/\" \/>\n<meta property=\"og:site_name\" content=\"H\u1ee3p Ph\u00e1t Foods\" \/>\n<meta property=\"article:modified_time\" content=\"2025-12-04T04:49:03+00:00\" \/>\n<meta property=\"og:image\" content=\"https:\/\/hopphatfoods.com\/wp-content\/uploads\/2025\/01\/Eudora-306g-2-mau.jpg\" \/>\n\t<meta property=\"og:image:width\" content=\"1000\" \/>\n\t<meta property=\"og:image:height\" content=\"1000\" \/>\n\t<meta property=\"og:image:type\" content=\"image\/jpeg\" \/>\n<meta name=\"twitter:card\" content=\"summary_large_image\" \/>\n<meta name=\"twitter:label1\" content=\"Est. reading time\" \/>\n\t<meta name=\"twitter:data1\" content=\"3 minutes\" \/>\n<script type=\"application\/ld+json\" class=\"yoast-schema-graph\">{\"@context\":\"https:\\\/\\\/schema.org\",\"@graph\":[{\"@type\":\"WebPage\",\"@id\":\"https:\\\/\\\/hopphatfoods.com\\\/san-pham\\\/banh-quy-eudora-306g\\\/\",\"url\":\"https:\\\/\\\/hopphatfoods.com\\\/san-pham\\\/banh-quy-eudora-306g\\\/\",\"name\":\"B\u00e1nh Quy EUDORA H\u1ed9p Thi\u1ebfc 306g - H\u1ee3p Ph\u00e1t Foods\",\"isPartOf\":{\"@id\":\"https:\\\/\\\/hopphatfoods.com\\\/#website\"},\"primaryImageOfPage\":{\"@id\":\"https:\\\/\\\/hopphatfoods.com\\\/san-pham\\\/banh-quy-eudora-306g\\\/#primaryimage\"},\"image\":{\"@id\":\"https:\\\/\\\/hopphatfoods.com\\\/san-pham\\\/banh-quy-eudora-306g\\\/#primaryimage\"},\"thumbnailUrl\":\"https:\\\/\\\/hopphatfoods.com\\\/wp-content\\\/uploads\\\/2025\\\/01\\\/Eudora-306g-2-mau.jpg\",\"datePublished\":\"2025-01-07T07:06:04+00:00\",\"dateModified\":\"2025-12-04T04:49:03+00:00\",\"description\":\"B\u00e1nh quy EUDORA h\u1ed9p thi\u1ebfc 306g l\u00e0 s\u1ea3n ph\u1ea9m cao c\u1ea5p v\u1edbi h\u1ecda ti\u1ebft v\u01b0\u01a1ng mi\u1ec7n bi\u1ec3u tr\u01b0ng cho s\u1ef1 sang tr\u1ecdng, qu\u00fd ph\u00e1i v\u00e0 \u0111\u1eb3ng c\u1ea5p.\",\"breadcrumb\":{\"@id\":\"https:\\\/\\\/hopphatfoods.com\\\/san-pham\\\/banh-quy-eudora-306g\\\/#breadcrumb\"},\"inLanguage\":\"en-US\",\"potentialAction\":[{\"@type\":\"ReadAction\",\"target\":[\"https:\\\/\\\/hopphatfoods.com\\\/san-pham\\\/banh-quy-eudora-306g\\\/\"]}]},{\"@type\":\"ImageObject\",\"inLanguage\":\"en-US\",\"@id\":\"https:\\\/\\\/hopphatfoods.com\\\/san-pham\\\/banh-quy-eudora-306g\\\/#primaryimage\",\"url\":\"https:\\\/\\\/hopphatfoods.com\\\/wp-content\\\/uploads\\\/2025\\\/01\\\/Eudora-306g-2-mau.jpg\",\"contentUrl\":\"https:\\\/\\\/hopphatfoods.com\\\/wp-content\\\/uploads\\\/2025\\\/01\\\/Eudora-306g-2-mau.jpg\",\"width\":1000,\"height\":1000,\"caption\":\"Eudora 306g 2 mau\"},{\"@type\":\"BreadcrumbList\",\"@id\":\"https:\\\/\\\/hopphatfoods.com\\\/san-pham\\\/banh-quy-eudora-306g\\\/#breadcrumb\",\"itemListElement\":[{\"@type\":\"ListItem\",\"position\":1,\"name\":\"Trang ch\u1ee7\",\"item\":\"https:\\\/\\\/hopphatfoods.com\\\/\"},{\"@type\":\"ListItem\",\"position\":2,\"name\":\"C\u1eeda h\u00e0ng\",\"item\":\"https:\\\/\\\/hopphatfoods.com\\\/vi\\\/cua-hang\\\/\"},{\"@type\":\"ListItem\",\"position\":3,\"name\":\"B\u00e1nh Quy EUDORA H\u1ed9p Thi\u1ebfc 306g\"}]},{\"@type\":\"WebSite\",\"@id\":\"https:\\\/\\\/hopphatfoods.com\\\/#website\",\"url\":\"https:\\\/\\\/hopphatfoods.com\\\/\",\"name\":\"H\u1ee3p Ph\u00e1t Foods\",\"description\":\"\",\"publisher\":{\"@id\":\"https:\\\/\\\/hopphatfoods.com\\\/#organization\"},\"potentialAction\":[{\"@type\":\"SearchAction\",\"target\":{\"@type\":\"EntryPoint\",\"urlTemplate\":\"https:\\\/\\\/hopphatfoods.com\\\/?s={search_term_string}\"},\"query-input\":{\"@type\":\"PropertyValueSpecification\",\"valueRequired\":true,\"valueName\":\"search_term_string\"}}],\"inLanguage\":\"en-US\"},{\"@type\":\"Organization\",\"@id\":\"https:\\\/\\\/hopphatfoods.com\\\/#organization\",\"name\":\"H\u1ee3p Ph\u00e1t Foods\",\"url\":\"https:\\\/\\\/hopphatfoods.com\\\/\",\"logo\":{\"@type\":\"ImageObject\",\"inLanguage\":\"en-US\",\"@id\":\"https:\\\/\\\/hopphatfoods.com\\\/#\\\/schema\\\/logo\\\/image\\\/\",\"url\":\"https:\\\/\\\/hopphatfoods.com\\\/wp-content\\\/uploads\\\/2024\\\/12\\\/logo.png\",\"contentUrl\":\"https:\\\/\\\/hopphatfoods.com\\\/wp-content\\\/uploads\\\/2024\\\/12\\\/logo.png\",\"width\":450,\"height\":124,\"caption\":\"H\u1ee3p Ph\u00e1t Foods\"},\"image\":{\"@id\":\"https:\\\/\\\/hopphatfoods.com\\\/#\\\/schema\\\/logo\\\/image\\\/\"}}]}<\/script>\n<!-- \/ Yoast SEO plugin. -->","yoast_head_json":{"title":"B\u00e1nh Quy EUDORA H\u1ed9p Thi\u1ebfc 306g - H\u1ee3p Ph\u00e1t Foods","description":"B\u00e1nh quy EUDORA h\u1ed9p thi\u1ebfc 306g l\u00e0 s\u1ea3n ph\u1ea9m cao c\u1ea5p v\u1edbi h\u1ecda ti\u1ebft v\u01b0\u01a1ng mi\u1ec7n bi\u1ec3u tr\u01b0ng cho s\u1ef1 sang tr\u1ecdng, qu\u00fd ph\u00e1i v\u00e0 \u0111\u1eb3ng c\u1ea5p.","robots":{"index":"index","follow":"follow","max-snippet":"max-snippet:-1","max-image-preview":"max-image-preview:large","max-video-preview":"max-video-preview:-1"},"canonical":"https:\/\/hopphatfoods.com\/en\/product\/banh-quy-eudora-306g\/","og_locale":"en_US","og_type":"article","og_title":"B\u00e1nh Quy EUDORA H\u1ed9p Thi\u1ebfc 306g - H\u1ee3p Ph\u00e1t Foods","og_description":"B\u00e1nh quy EUDORA h\u1ed9p thi\u1ebfc 306g l\u00e0 s\u1ea3n ph\u1ea9m cao c\u1ea5p v\u1edbi h\u1ecda ti\u1ebft v\u01b0\u01a1ng mi\u1ec7n bi\u1ec3u tr\u01b0ng cho s\u1ef1 sang tr\u1ecdng, qu\u00fd ph\u00e1i v\u00e0 \u0111\u1eb3ng c\u1ea5p.","og_url":"https:\/\/hopphatfoods.com\/en\/product\/banh-quy-eudora-306g\/","og_site_name":"H\u1ee3p Ph\u00e1t Foods","article_modified_time":"2025-12-04T04:49:03+00:00","og_image":[{"width":1000,"height":1000,"url":"https:\/\/hopphatfoods.com\/wp-content\/uploads\/2025\/01\/Eudora-306g-2-mau.jpg","type":"image\/jpeg"}],"twitter_card":"summary_large_image","twitter_misc":{"Est. reading time":"3 minutes"},"schema":{"@context":"https:\/\/schema.org","@graph":[{"@type":"WebPage","@id":"https:\/\/hopphatfoods.com\/san-pham\/banh-quy-eudora-306g\/","url":"https:\/\/hopphatfoods.com\/san-pham\/banh-quy-eudora-306g\/","name":"B\u00e1nh Quy EUDORA H\u1ed9p Thi\u1ebfc 306g - H\u1ee3p Ph\u00e1t Foods","isPartOf":{"@id":"https:\/\/hopphatfoods.com\/#website"},"primaryImageOfPage":{"@id":"https:\/\/hopphatfoods.com\/san-pham\/banh-quy-eudora-306g\/#primaryimage"},"image":{"@id":"https:\/\/hopphatfoods.com\/san-pham\/banh-quy-eudora-306g\/#primaryimage"},"thumbnailUrl":"https:\/\/hopphatfoods.com\/wp-content\/uploads\/2025\/01\/Eudora-306g-2-mau.jpg","datePublished":"2025-01-07T07:06:04+00:00","dateModified":"2025-12-04T04:49:03+00:00","description":"B\u00e1nh quy EUDORA h\u1ed9p thi\u1ebfc 306g l\u00e0 s\u1ea3n ph\u1ea9m cao c\u1ea5p v\u1edbi h\u1ecda ti\u1ebft v\u01b0\u01a1ng mi\u1ec7n bi\u1ec3u tr\u01b0ng cho s\u1ef1 sang tr\u1ecdng, qu\u00fd ph\u00e1i v\u00e0 \u0111\u1eb3ng c\u1ea5p.","breadcrumb":{"@id":"https:\/\/hopphatfoods.com\/san-pham\/banh-quy-eudora-306g\/#breadcrumb"},"inLanguage":"en-US","potentialAction":[{"@type":"ReadAction","target":["https:\/\/hopphatfoods.com\/san-pham\/banh-quy-eudora-306g\/"]}]},{"@type":"ImageObject","inLanguage":"en-US","@id":"https:\/\/hopphatfoods.com\/san-pham\/banh-quy-eudora-306g\/#primaryimage","url":"https:\/\/hopphatfoods.com\/wp-content\/uploads\/2025\/01\/Eudora-306g-2-mau.jpg","contentUrl":"https:\/\/hopphatfoods.com\/wp-content\/uploads\/2025\/01\/Eudora-306g-2-mau.jpg","width":1000,"height":1000,"caption":"Eudora 306g 2 mau"},{"@type":"BreadcrumbList","@id":"https:\/\/hopphatfoods.com\/san-pham\/banh-quy-eudora-306g\/#breadcrumb","itemListElement":[{"@type":"ListItem","position":1,"name":"Trang ch\u1ee7","item":"https:\/\/hopphatfoods.com\/"},{"@type":"ListItem","position":2,"name":"C\u1eeda h\u00e0ng","item":"https:\/\/hopphatfoods.com\/vi\/cua-hang\/"},{"@type":"ListItem","position":3,"name":"B\u00e1nh Quy EUDORA H\u1ed9p Thi\u1ebfc 306g"}]},{"@type":"WebSite","@id":"https:\/\/hopphatfoods.com\/#website","url":"https:\/\/hopphatfoods.com\/","name":"H\u1ee3p Ph\u00e1t Foods","description":"","publisher":{"@id":"https:\/\/hopphatfoods.com\/#organization"},"potentialAction":[{"@type":"SearchAction","target":{"@type":"EntryPoint","urlTemplate":"https:\/\/hopphatfoods.com\/?s={search_term_string}"},"query-input":{"@type":"PropertyValueSpecification","valueRequired":true,"valueName":"search_term_string"}}],"inLanguage":"en-US"},{"@type":"Organization","@id":"https:\/\/hopphatfoods.com\/#organization","name":"H\u1ee3p Ph\u00e1t Foods","url":"https:\/\/hopphatfoods.com\/","logo":{"@type":"ImageObject","inLanguage":"en-US","@id":"https:\/\/hopphatfoods.com\/#\/schema\/logo\/image\/","url":"https:\/\/hopphatfoods.com\/wp-content\/uploads\/2024\/12\/logo.png","contentUrl":"https:\/\/hopphatfoods.com\/wp-content\/uploads\/2024\/12\/logo.png","width":450,"height":124,"caption":"H\u1ee3p Ph\u00e1t Foods"},"image":{"@id":"https:\/\/hopphatfoods.com\/#\/schema\/logo\/image\/"}}]}},"_links":{"self":[{"href":"https:\/\/hopphatfoods.com\/en\/wp-json\/wp\/v2\/product\/389","targetHints":{"allow":["GET"]}}],"collection":[{"href":"https:\/\/hopphatfoods.com\/en\/wp-json\/wp\/v2\/product"}],"about":[{"href":"https:\/\/hopphatfoods.com\/en\/wp-json\/wp\/v2\/types\/product"}],"replies":[{"embeddable":true,"href":"https:\/\/hopphatfoods.com\/en\/wp-json\/wp\/v2\/comments?post=389"}],"wp:featuredmedia":[{"embeddable":true,"href":"https:\/\/hopphatfoods.com\/en\/wp-json\/wp\/v2\/media\/2266"}],"wp:attachment":[{"href":"https:\/\/hopphatfoods.com\/en\/wp-json\/wp\/v2\/media?parent=389"}],"wp:term":[{"taxonomy":"product_brand","embeddable":true,"href":"https:\/\/hopphatfoods.com\/en\/wp-json\/wp\/v2\/product_brand?post=389"},{"taxonomy":"product_cat","embeddable":true,"href":"https:\/\/hopphatfoods.com\/en\/wp-json\/wp\/v2\/product_cat?post=389"},{"taxonomy":"product_tag","embeddable":true,"href":"https:\/\/hopphatfoods.com\/en\/wp-json\/wp\/v2\/product_tag?post=389"}],"curies":[{"name":"wp","href":"https:\/\/api.w.org\/{rel}","templated":true}]}}