{"id":1822,"date":"2025-10-31T16:38:57","date_gmt":"2025-10-31T09:38:57","guid":{"rendered":"https:\/\/hopphatfoods.com\/?post_type=product&#038;p=1822"},"modified":"2025-11-26T16:59:26","modified_gmt":"2025-11-26T09:59:26","slug":"banh-cuon-kem-eudora-60-gram-vi-vani","status":"publish","type":"product","link":"https:\/\/hopphatfoods.com\/en\/product\/banh-cuon-kem-eudora-60-gram-vi-vani\/","title":{"rendered":"B\u00e1nh Cu\u1ed9n Kem EUDORA 60g"},"content":{"rendered":"<h2 class=\"QN2lPu\">B\u00e1nh Cu\u1ed9n Kem EUDORA 60g<\/h2>\n<p class=\"QN2lPu\">Th\u00e0nh ph\u1ea7n : \u0111\u01b0\u1eddng, b\u1ed9t m\u00ec, d\u1ea7u c\u1ecd, s\u1eefa b\u1ed9t nguy\u00ean kem, m\u00e0u th\u1ef1c ph\u1ea9m t\u1ed5ng h\u1ee3p, ch\u1ea5t nh\u0169 h\u00f3a: lecithin t\u1eeb \u0111\u1eadu n\u00e0nh, h\u01b0\u01a1ng li\u1ec7u t\u1ed5ng h\u1ee3p<\/p>\n<p class=\"QN2lPu\">Tr\u1ecdng l\u01b0\u1ee3ng: 60g<\/p>\n<p class=\"QN2lPu\">Quy c\u00e1ch : 48 h\u1ed9p\/th\u00f9ng<\/p>\n<p class=\"QN2lPu\">Xu\u1ea5t x\u1ee9 : Indonesia<\/p>\n<p class=\"QN2lPu\">HSD: 12 th\u00e1ng<\/p>\n<p class=\"QN2lPu\">Bao b\u00ec \u0111\u1eb9p m\u1eaft th\u00edch h\u1ee3p bi\u1ebfu t\u1eb7ng<\/p>\n<p class=\"QN2lPu\">C\u00f3 3 v\u1ecb: d\u00e2u t\u00e2y, socola , s\u1eefa vani<\/p>","protected":false},"excerpt":{"rendered":"<p class=\"QN2lPu\">B\u00e1nh Cu\u1ed9n Kem Que Eudora 3 V\u1ecb 60g<\/p>\n<p class=\"QN2lPu\">Th\u00e0nh ph\u1ea7n : \u0111\u01b0\u1eddng, b\u1ed9t m\u00ec, d\u1ea7u c\u1ecd, s\u1eefa b\u1ed9t nguy\u00ean kem, m\u00e0u th\u1ef1c ph\u1ea9m t\u1ed5ng h\u1ee3p, ch\u1ea5t nh\u0169 h\u00f3a: lecithin t\u1eeb \u0111\u1eadu n\u00e0nh, h\u01b0\u01a1ng li\u1ec7u t\u1ed5ng h\u1ee3p<\/p>\n<p class=\"QN2lPu\">Tr\u1ecdng l\u01b0\u1ee3ng: 60gr<\/p>\n<p class=\"QN2lPu\">Quy c\u00e1ch : 48 h\u1ed9p\/th\u00f9ng<\/p>\n<p class=\"QN2lPu\">Xu\u1ea5t x\u1ee9 : Indonesia<\/p>\n<p class=\"QN2lPu\">Hsd: 12 th\u00e1ng<\/p>\n<p class=\"QN2lPu\">Bao b\u00ec \u0111\u1eb9p m\u1eaft th\u00edch h\u1ee3p bi\u1ebfu t\u1eb7ng<\/p>\n<p class=\"QN2lPu\">C\u00f3 3 v\u1ecb: d\u00e2u t\u00e2y, socola , s\u1eefa vani<\/p>","protected":false},"featured_media":2185,"comment_status":"closed","ping_status":"closed","template":"","meta":[],"product_brand":[76],"product_cat":[39],"product_tag":[185,324,325,186,187],"class_list":{"0":"post-1822","1":"product","2":"type-product","3":"status-publish","4":"has-post-thumbnail","6":"product_brand-eudora-biscuits","7":"product_cat-banh","8":"product_tag-banh-cuon-kem","9":"product_tag-banh-cuon-kem-eudora-60g","10":"product_tag-banh-cuon-kem-eudora-nhieu-vi-60g","11":"product_tag-banh-eudora","12":"product_tag-banh-ngon","14":"first","15":"instock","16":"shipping-taxable","17":"product-type-simple"},"acf":[],"yoast_head":"<!-- This site is optimized with the Yoast SEO plugin v27.3 - https:\/\/yoast.com\/product\/yoast-seo-wordpress\/ -->\n<title>B\u00e1nh Cu\u1ed9n Kem EUDORA 60g - H\u1ee3p Ph\u00e1t Foods<\/title>\n<meta name=\"robots\" content=\"index, follow, max-snippet:-1, max-image-preview:large, max-video-preview:-1\" \/>\n<link rel=\"canonical\" href=\"https:\/\/hopphatfoods.com\/en\/product\/banh-cuon-kem-eudora-60-gram-vi-vani\/\" \/>\n<meta property=\"og:locale\" content=\"en_US\" \/>\n<meta property=\"og:type\" content=\"article\" \/>\n<meta property=\"og:title\" content=\"B\u00e1nh Cu\u1ed9n Kem EUDORA 60g - H\u1ee3p Ph\u00e1t Foods\" \/>\n<meta property=\"og:description\" content=\"B\u00e1nh Cu\u1ed9n Kem Que Eudora 3 V\u1ecb 60g Th\u00e0nh ph\u1ea7n : \u0111\u01b0\u1eddng, b\u1ed9t m\u00ec, d\u1ea7u c\u1ecd, s\u1eefa b\u1ed9t nguy\u00ean kem, m\u00e0u th\u1ef1c ph\u1ea9m t\u1ed5ng h\u1ee3p, ch\u1ea5t nh\u0169 h\u00f3a: lecithin t\u1eeb \u0111\u1eadu n\u00e0nh, h\u01b0\u01a1ng li\u1ec7u t\u1ed5ng h\u1ee3p Tr\u1ecdng l\u01b0\u1ee3ng: 60gr Quy c\u00e1ch : 48 h\u1ed9p\/th\u00f9ng Xu\u1ea5t x\u1ee9 : Indonesia Hsd: 12 th\u00e1ng Bao b\u00ec \u0111\u1eb9p m\u1eaft th\u00edch h\u1ee3p bi\u1ebfu t\u1eb7ng C\u00f3 3 v\u1ecb: d\u00e2u t\u00e2y, socola , s\u1eefa vani\" \/>\n<meta property=\"og:url\" content=\"https:\/\/hopphatfoods.com\/en\/product\/banh-cuon-kem-eudora-60-gram-vi-vani\/\" \/>\n<meta property=\"og:site_name\" content=\"H\u1ee3p Ph\u00e1t Foods\" \/>\n<meta property=\"article:modified_time\" content=\"2025-11-26T09:59:26+00:00\" \/>\n<meta property=\"og:image\" content=\"https:\/\/hopphatfoods.com\/wp-content\/uploads\/2025\/10\/60g-1024x1024.png\" \/>\n\t<meta property=\"og:image:width\" content=\"1024\" \/>\n\t<meta property=\"og:image:height\" content=\"1024\" \/>\n\t<meta property=\"og:image:type\" content=\"image\/png\" \/>\n<meta name=\"twitter:card\" content=\"summary_large_image\" \/>\n<meta name=\"twitter:label1\" content=\"Est. reading time\" \/>\n\t<meta name=\"twitter:data1\" content=\"1 minute\" \/>\n<script type=\"application\/ld+json\" class=\"yoast-schema-graph\">{\"@context\":\"https:\\\/\\\/schema.org\",\"@graph\":[{\"@type\":\"WebPage\",\"@id\":\"https:\\\/\\\/hopphatfoods.com\\\/vi\\\/san-pham\\\/banh-cuon-kem-eudora-60-gram-vi-vani\\\/\",\"url\":\"https:\\\/\\\/hopphatfoods.com\\\/vi\\\/san-pham\\\/banh-cuon-kem-eudora-60-gram-vi-vani\\\/\",\"name\":\"B\u00e1nh Cu\u1ed9n Kem EUDORA 60g - H\u1ee3p Ph\u00e1t Foods\",\"isPartOf\":{\"@id\":\"https:\\\/\\\/hopphatfoods.com\\\/#website\"},\"primaryImageOfPage\":{\"@id\":\"https:\\\/\\\/hopphatfoods.com\\\/vi\\\/san-pham\\\/banh-cuon-kem-eudora-60-gram-vi-vani\\\/#primaryimage\"},\"image\":{\"@id\":\"https:\\\/\\\/hopphatfoods.com\\\/vi\\\/san-pham\\\/banh-cuon-kem-eudora-60-gram-vi-vani\\\/#primaryimage\"},\"thumbnailUrl\":\"https:\\\/\\\/hopphatfoods.com\\\/wp-content\\\/uploads\\\/2025\\\/10\\\/60g.png\",\"datePublished\":\"2025-10-31T09:38:57+00:00\",\"dateModified\":\"2025-11-26T09:59:26+00:00\",\"breadcrumb\":{\"@id\":\"https:\\\/\\\/hopphatfoods.com\\\/vi\\\/san-pham\\\/banh-cuon-kem-eudora-60-gram-vi-vani\\\/#breadcrumb\"},\"inLanguage\":\"en-US\",\"potentialAction\":[{\"@type\":\"ReadAction\",\"target\":[\"https:\\\/\\\/hopphatfoods.com\\\/vi\\\/san-pham\\\/banh-cuon-kem-eudora-60-gram-vi-vani\\\/\"]}]},{\"@type\":\"ImageObject\",\"inLanguage\":\"en-US\",\"@id\":\"https:\\\/\\\/hopphatfoods.com\\\/vi\\\/san-pham\\\/banh-cuon-kem-eudora-60-gram-vi-vani\\\/#primaryimage\",\"url\":\"https:\\\/\\\/hopphatfoods.com\\\/wp-content\\\/uploads\\\/2025\\\/10\\\/60g.png\",\"contentUrl\":\"https:\\\/\\\/hopphatfoods.com\\\/wp-content\\\/uploads\\\/2025\\\/10\\\/60g.png\",\"width\":2048,\"height\":2048,\"caption\":\"B\u00e1nh Cu\u1ed9n Kem EUDORA 60g\"},{\"@type\":\"BreadcrumbList\",\"@id\":\"https:\\\/\\\/hopphatfoods.com\\\/vi\\\/san-pham\\\/banh-cuon-kem-eudora-60-gram-vi-vani\\\/#breadcrumb\",\"itemListElement\":[{\"@type\":\"ListItem\",\"position\":1,\"name\":\"Trang ch\u1ee7\",\"item\":\"https:\\\/\\\/hopphatfoods.com\\\/\"},{\"@type\":\"ListItem\",\"position\":2,\"name\":\"C\u1eeda h\u00e0ng\",\"item\":\"https:\\\/\\\/hopphatfoods.com\\\/vi\\\/cua-hang\\\/\"},{\"@type\":\"ListItem\",\"position\":3,\"name\":\"B\u00e1nh Cu\u1ed9n Kem EUDORA 60g\"}]},{\"@type\":\"WebSite\",\"@id\":\"https:\\\/\\\/hopphatfoods.com\\\/#website\",\"url\":\"https:\\\/\\\/hopphatfoods.com\\\/\",\"name\":\"H\u1ee3p Ph\u00e1t Foods\",\"description\":\"\",\"publisher\":{\"@id\":\"https:\\\/\\\/hopphatfoods.com\\\/#organization\"},\"potentialAction\":[{\"@type\":\"SearchAction\",\"target\":{\"@type\":\"EntryPoint\",\"urlTemplate\":\"https:\\\/\\\/hopphatfoods.com\\\/?s={search_term_string}\"},\"query-input\":{\"@type\":\"PropertyValueSpecification\",\"valueRequired\":true,\"valueName\":\"search_term_string\"}}],\"inLanguage\":\"en-US\"},{\"@type\":\"Organization\",\"@id\":\"https:\\\/\\\/hopphatfoods.com\\\/#organization\",\"name\":\"H\u1ee3p Ph\u00e1t Foods\",\"url\":\"https:\\\/\\\/hopphatfoods.com\\\/\",\"logo\":{\"@type\":\"ImageObject\",\"inLanguage\":\"en-US\",\"@id\":\"https:\\\/\\\/hopphatfoods.com\\\/#\\\/schema\\\/logo\\\/image\\\/\",\"url\":\"https:\\\/\\\/hopphatfoods.com\\\/wp-content\\\/uploads\\\/2024\\\/12\\\/logo.png\",\"contentUrl\":\"https:\\\/\\\/hopphatfoods.com\\\/wp-content\\\/uploads\\\/2024\\\/12\\\/logo.png\",\"width\":450,\"height\":124,\"caption\":\"H\u1ee3p Ph\u00e1t Foods\"},\"image\":{\"@id\":\"https:\\\/\\\/hopphatfoods.com\\\/#\\\/schema\\\/logo\\\/image\\\/\"}}]}<\/script>\n<!-- \/ Yoast SEO plugin. -->","yoast_head_json":{"title":"B\u00e1nh Cu\u1ed9n Kem EUDORA 60g - H\u1ee3p Ph\u00e1t Foods","robots":{"index":"index","follow":"follow","max-snippet":"max-snippet:-1","max-image-preview":"max-image-preview:large","max-video-preview":"max-video-preview:-1"},"canonical":"https:\/\/hopphatfoods.com\/en\/product\/banh-cuon-kem-eudora-60-gram-vi-vani\/","og_locale":"en_US","og_type":"article","og_title":"B\u00e1nh Cu\u1ed9n Kem EUDORA 60g - H\u1ee3p Ph\u00e1t Foods","og_description":"B\u00e1nh Cu\u1ed9n Kem Que Eudora 3 V\u1ecb 60g Th\u00e0nh ph\u1ea7n : \u0111\u01b0\u1eddng, b\u1ed9t m\u00ec, d\u1ea7u c\u1ecd, s\u1eefa b\u1ed9t nguy\u00ean kem, m\u00e0u th\u1ef1c ph\u1ea9m t\u1ed5ng h\u1ee3p, ch\u1ea5t nh\u0169 h\u00f3a: lecithin t\u1eeb \u0111\u1eadu n\u00e0nh, h\u01b0\u01a1ng li\u1ec7u t\u1ed5ng h\u1ee3p Tr\u1ecdng l\u01b0\u1ee3ng: 60gr Quy c\u00e1ch : 48 h\u1ed9p\/th\u00f9ng Xu\u1ea5t x\u1ee9 : Indonesia Hsd: 12 th\u00e1ng Bao b\u00ec \u0111\u1eb9p m\u1eaft th\u00edch h\u1ee3p bi\u1ebfu t\u1eb7ng C\u00f3 3 v\u1ecb: d\u00e2u t\u00e2y, socola , s\u1eefa vani","og_url":"https:\/\/hopphatfoods.com\/en\/product\/banh-cuon-kem-eudora-60-gram-vi-vani\/","og_site_name":"H\u1ee3p Ph\u00e1t Foods","article_modified_time":"2025-11-26T09:59:26+00:00","og_image":[{"width":1024,"height":1024,"url":"https:\/\/hopphatfoods.com\/wp-content\/uploads\/2025\/10\/60g-1024x1024.png","type":"image\/png"}],"twitter_card":"summary_large_image","twitter_misc":{"Est. reading time":"1 minute"},"schema":{"@context":"https:\/\/schema.org","@graph":[{"@type":"WebPage","@id":"https:\/\/hopphatfoods.com\/vi\/san-pham\/banh-cuon-kem-eudora-60-gram-vi-vani\/","url":"https:\/\/hopphatfoods.com\/vi\/san-pham\/banh-cuon-kem-eudora-60-gram-vi-vani\/","name":"B\u00e1nh Cu\u1ed9n Kem EUDORA 60g - H\u1ee3p Ph\u00e1t Foods","isPartOf":{"@id":"https:\/\/hopphatfoods.com\/#website"},"primaryImageOfPage":{"@id":"https:\/\/hopphatfoods.com\/vi\/san-pham\/banh-cuon-kem-eudora-60-gram-vi-vani\/#primaryimage"},"image":{"@id":"https:\/\/hopphatfoods.com\/vi\/san-pham\/banh-cuon-kem-eudora-60-gram-vi-vani\/#primaryimage"},"thumbnailUrl":"https:\/\/hopphatfoods.com\/wp-content\/uploads\/2025\/10\/60g.png","datePublished":"2025-10-31T09:38:57+00:00","dateModified":"2025-11-26T09:59:26+00:00","breadcrumb":{"@id":"https:\/\/hopphatfoods.com\/vi\/san-pham\/banh-cuon-kem-eudora-60-gram-vi-vani\/#breadcrumb"},"inLanguage":"en-US","potentialAction":[{"@type":"ReadAction","target":["https:\/\/hopphatfoods.com\/vi\/san-pham\/banh-cuon-kem-eudora-60-gram-vi-vani\/"]}]},{"@type":"ImageObject","inLanguage":"en-US","@id":"https:\/\/hopphatfoods.com\/vi\/san-pham\/banh-cuon-kem-eudora-60-gram-vi-vani\/#primaryimage","url":"https:\/\/hopphatfoods.com\/wp-content\/uploads\/2025\/10\/60g.png","contentUrl":"https:\/\/hopphatfoods.com\/wp-content\/uploads\/2025\/10\/60g.png","width":2048,"height":2048,"caption":"B\u00e1nh Cu\u1ed9n Kem EUDORA 60g"},{"@type":"BreadcrumbList","@id":"https:\/\/hopphatfoods.com\/vi\/san-pham\/banh-cuon-kem-eudora-60-gram-vi-vani\/#breadcrumb","itemListElement":[{"@type":"ListItem","position":1,"name":"Trang ch\u1ee7","item":"https:\/\/hopphatfoods.com\/"},{"@type":"ListItem","position":2,"name":"C\u1eeda h\u00e0ng","item":"https:\/\/hopphatfoods.com\/vi\/cua-hang\/"},{"@type":"ListItem","position":3,"name":"B\u00e1nh Cu\u1ed9n Kem EUDORA 60g"}]},{"@type":"WebSite","@id":"https:\/\/hopphatfoods.com\/#website","url":"https:\/\/hopphatfoods.com\/","name":"H\u1ee3p Ph\u00e1t Foods","description":"","publisher":{"@id":"https:\/\/hopphatfoods.com\/#organization"},"potentialAction":[{"@type":"SearchAction","target":{"@type":"EntryPoint","urlTemplate":"https:\/\/hopphatfoods.com\/?s={search_term_string}"},"query-input":{"@type":"PropertyValueSpecification","valueRequired":true,"valueName":"search_term_string"}}],"inLanguage":"en-US"},{"@type":"Organization","@id":"https:\/\/hopphatfoods.com\/#organization","name":"H\u1ee3p Ph\u00e1t Foods","url":"https:\/\/hopphatfoods.com\/","logo":{"@type":"ImageObject","inLanguage":"en-US","@id":"https:\/\/hopphatfoods.com\/#\/schema\/logo\/image\/","url":"https:\/\/hopphatfoods.com\/wp-content\/uploads\/2024\/12\/logo.png","contentUrl":"https:\/\/hopphatfoods.com\/wp-content\/uploads\/2024\/12\/logo.png","width":450,"height":124,"caption":"H\u1ee3p Ph\u00e1t Foods"},"image":{"@id":"https:\/\/hopphatfoods.com\/#\/schema\/logo\/image\/"}}]}},"_links":{"self":[{"href":"https:\/\/hopphatfoods.com\/en\/wp-json\/wp\/v2\/product\/1822","targetHints":{"allow":["GET"]}}],"collection":[{"href":"https:\/\/hopphatfoods.com\/en\/wp-json\/wp\/v2\/product"}],"about":[{"href":"https:\/\/hopphatfoods.com\/en\/wp-json\/wp\/v2\/types\/product"}],"replies":[{"embeddable":true,"href":"https:\/\/hopphatfoods.com\/en\/wp-json\/wp\/v2\/comments?post=1822"}],"wp:featuredmedia":[{"embeddable":true,"href":"https:\/\/hopphatfoods.com\/en\/wp-json\/wp\/v2\/media\/2185"}],"wp:attachment":[{"href":"https:\/\/hopphatfoods.com\/en\/wp-json\/wp\/v2\/media?parent=1822"}],"wp:term":[{"taxonomy":"product_brand","embeddable":true,"href":"https:\/\/hopphatfoods.com\/en\/wp-json\/wp\/v2\/product_brand?post=1822"},{"taxonomy":"product_cat","embeddable":true,"href":"https:\/\/hopphatfoods.com\/en\/wp-json\/wp\/v2\/product_cat?post=1822"},{"taxonomy":"product_tag","embeddable":true,"href":"https:\/\/hopphatfoods.com\/en\/wp-json\/wp\/v2\/product_tag?post=1822"}],"curies":[{"name":"wp","href":"https:\/\/api.w.org\/{rel}","templated":true}]}}