{"id":1462,"date":"2025-05-08T16:12:29","date_gmt":"2025-05-08T09:12:29","guid":{"rendered":"https:\/\/hopphatfoods.com\/?post_type=product&#038;p=1462"},"modified":"2025-12-01T10:22:03","modified_gmt":"2025-12-01T03:22:03","slug":"banh-yen-mach-ginnie-khong-duong-tui-240g","status":"publish","type":"product","link":"https:\/\/hopphatfoods.com\/en\/product\/banh-yen-mach-ginnie-khong-duong-tui-240g\/","title":{"rendered":"B\u00e1nh Y\u1ebfn M\u1ea1ch GINNIE Kh\u00f4ng \u0110\u01b0\u1eddng V\u1ecb H\u1ea1t Sen v\u00e0 V\u1ecb Qu\u1ea3 B\u01a1 T\u00fai 240g"},"content":{"rendered":"<p style=\"text-align: justify;\">Trong cu\u1ed9c s\u1ed1ng hi\u1ec7n \u0111\u1ea1i, nhu c\u1ea7u \u0103n u\u1ed1ng l\u00e0nh m\u1ea1nh ng\u00e0y c\u00e0ng \u0111\u01b0\u1ee3c quan t\u00e2m, \u0111\u1eb7c bi\u1ec7t v\u1edbi nh\u1eefng ai \u0111ang \u0103n ki\u00eang, gi\u1eef d\u00e1ng, c\u00f3 b\u1ec7nh l\u00fd v\u1ec1 tim m\u1ea1ch, ti\u1ec3u \u0111\u01b0\u1eddng ho\u1eb7c mu\u1ed1n theo \u0111u\u1ed5i l\u1ed1i s\u1ed1ng healthy. N\u1ebfu b\u1ea1n \u0111ang t\u00ecm ki\u1ebfm m\u1ed9t lo\u1ea1i b\u00e1nh \u0103n v\u1eb7t kh\u00f4ng \u0111\u01b0\u1eddng, gi\u00e0u ch\u1ea5t x\u01a1 m\u00e0 v\u1eabn ngon mi\u1ec7ng th\u00ec <strong>B\u00e1nh Y\u1ebfn M\u1ea1ch Ginnie Kh\u00f4ng \u0110\u01b0\u1eddng V\u1ecb H\u1ea1t Sen v\u00e0 V\u1ecb Qu\u1ea3 B\u01a1 T\u00fai 240g<\/strong>\u00a0main is the ideal choice.<\/p>\n<h2 style=\"text-align: justify;\" data-start=\"1287\" data-end=\"1340\"><strong data-start=\"1295\" data-end=\"1340\">Natural ingredients well \u2013 balanced nutrition<\/strong><\/h2>\n<p class=\"\" style=\"text-align: justify;\" data-start=\"1342\" data-end=\"1359\">Oatmeal cake Ginnie not the way the lotus seeds are made from:<\/p>\n<ul style=\"text-align: justify;\" data-start=\"1360\" data-end=\"1750\">\n<li class=\"\" data-start=\"1360\" data-end=\"1432\">\n<p class=\"\" data-start=\"1362\" data-end=\"1432\">B\u1ed9t m\u00ec nguy\u00ean c\u00e1m (58%) \u2013 gi\u1eef l\u1ea1i ch\u1ea5t x\u01a1 v\u00e0 d\u01b0\u1ee1ng ch\u1ea5t t\u1ef1 nhi\u00ean.<\/p>\n<\/li>\n<li class=\"\" data-start=\"1433\" data-end=\"1559\">\n<p class=\"\" data-start=\"1435\" data-end=\"1559\">C\u00e1m l\u00faa m\u00ec, y\u1ebfn m\u1ea1ch, khoai m\u1ee1, h\u1ea1t sen, \u00fd d\u0129, ng\u00f4, h\u1ea1t s\u00fang (Gordon Euryale) \u2013 b\u1ed9 t\u1ee9 h\u1ea1t t\u1ed1t cho ti\u00eau ho\u00e1 v\u00e0 tim m\u1ea1ch.<\/p>\n<\/li>\n<li class=\"\" data-start=\"1560\" data-end=\"1649\">\n<p class=\"\" data-start=\"1562\" data-end=\"1649\">Kh\u00f4ng \u0111\u01b0\u1eddng, d\u00f9ng xi-r\u00f4 m\u1ea1ch nha t\u1ef1 nhi\u00ean, gi\u00fap ki\u1ec3m so\u00e1t n\u0103ng l\u01b0\u1ee3ng hi\u1ec7u qu\u1ea3.<\/p>\n<\/li>\n<li class=\"\" data-start=\"1650\" data-end=\"1750\">\n<p class=\"\" data-start=\"1652\" data-end=\"1750\">C\u00f3 b\u1ea3ng th\u00e0nh ph\u1ea7n dinh d\u01b0\u1ee1ng r\u00f5 r\u00e0ng \u0111\u1ec3 ng\u01b0\u1eddi \u0103n ki\u00eang d\u1ec5 d\u00e0ng t\u00ednh to\u00e1n calo m\u1ed7i kh\u1ea9u ph\u1ea7n.<\/p>\n<\/li>\n<\/ul>\n<h2 style=\"text-align: justify;\" data-start=\"1757\" data-end=\"1815\"><strong data-start=\"1765\" data-end=\"1815\">C\u1ea3m nh\u1eadn khi \u0103n \u2013 Gi\u00f2n x\u1ed1p, th\u01a1m ngon \u0111\u00fang ch\u1ea5t t\u1ef1 nhi\u00ean<\/strong><\/h2>\n<ul style=\"text-align: justify;\" data-start=\"1817\" data-end=\"2047\">\n<li class=\"\" data-start=\"1817\" data-end=\"1855\">\n<p class=\"\" data-start=\"1819\" data-end=\"1855\">Gi\u00f2n tan \u2013 X\u1ed1p nh\u1eb9, kh\u00f4ng ng\u1ea5y.<\/p>\n<\/li>\n<li class=\"\" data-start=\"1856\" data-end=\"1893\">\n<p class=\"\" data-start=\"1858\" data-end=\"1893\">V\u1ecb m\u1eb7n nh\u1eb9, th\u01a1m m\u00f9i y\u1ebfn m\u1ea1ch.<\/p>\n<\/li>\n<li class=\"\" data-start=\"1894\" data-end=\"1968\">\n<p class=\"\" data-start=\"1896\" data-end=\"1968\">B\u00f9i b\u00e9o t\u1ef1 nhi\u00ean t\u1eeb c\u00e1c lo\u1ea1i h\u1ea1t \u2013 \u0111\u1eb7c bi\u1ec7t l\u00e0 h\u1ea1t sen v\u00e0 khoai m\u1ee1.<\/p>\n<\/li>\n<li class=\"\" data-start=\"1969\" data-end=\"2047\">\n<p class=\"\" data-start=\"1971\" data-end=\"2047\">Th\u00edch h\u1ee3p d\u00f9ng \u0103n s\u00e1ng, \u0103n x\u1ebf, \u0103n khuya, mang theo \u0111i l\u00e0m, \u0111i h\u1ecdc ho\u1eb7c du l\u1ecbch.<\/p>\n<\/li>\n<\/ul>\n<h2 style=\"text-align: justify;\" data-start=\"2054\" data-end=\"2099\"><strong data-start=\"2062\" data-end=\"2099\">\u0110\u00f3ng g\u00f3i ti\u1ec7n d\u1ee5ng \u2013 D\u1ec5 mang theo, ph\u00f9 h\u1ee3p l\u00e0m qu\u00e0 bi\u1ebfu t\u1eb7ng<\/strong><\/h2>\n<ul data-start=\"2101\" data-end=\"2273\">\n<li class=\"\" style=\"text-align: justify;\" data-start=\"2101\" data-end=\"2127\">\n<p class=\"\" data-start=\"2103\" data-end=\"2127\">T\u00fai 240g<\/p>\n<\/li>\n<li class=\"\" style=\"text-align: justify;\" data-start=\"2128\" data-end=\"2193\">\n<p class=\"\" data-start=\"2130\" data-end=\"2193\">B\u00ean trong l\u00e0 khay l\u1ecbch s\u1ef1, t\u1eebng chi\u1ebfc b\u00e1nh \u0111\u01b0\u1ee3c \u0111\u00f3ng g\u00f3i ri\u00eang.<\/p>\n<\/li>\n<li class=\"\" data-start=\"2194\" data-end=\"2273\">\n<p class=\"\" style=\"text-align: justify;\" data-start=\"2196\" data-end=\"2273\">Ph\u00f9 h\u1ee3p l\u00e0m qu\u00e0 bi\u1ebfu t\u1eb7ng cho ng\u01b0\u1eddi th\u00e2n, b\u1ea1n b\u00e8 \u0111ang c\u00f3 b\u1ec7nh l\u00fd ti\u1ec3u \u0111\u01b0\u1eddng, tim m\u1ea1ch ho\u1eb7c theo ch\u1ebf \u0111\u1ed9 \u0103n l\u00e0nh m\u1ea1nh.<\/p>\n<\/li>\n<\/ul>\n<h2 dir=\"auto\"><strong>\u0110\u1ecba ch\u1ec9 ph\u00e2n ph\u1ed1i B\u00e1nh Y\u1ebfn M\u1ea1ch GINNIE Kh\u00f4ng \u0110\u01b0\u1eddng V\u1ecb Qu\u1ea3 B\u01a1 T\u00fai 240g<\/strong><\/h2>\n<ul>\n<li dir=\"auto\">C\u00e1c si\u00eau th\u1ecb l\u1edbn: \u0110\u1ee9c Th\u00e0nh, Th\u00e0nh \u0110\u00f4, T-Mart, BRG&#8230;<\/li>\n<li dir=\"auto\">C\u00e1c \u0111\u1ea1i l\u00fd, c\u1eeda h\u00e0ng t\u1ea1p h\u00f3a tr\u00ean to\u00e0n qu\u1ed1c.<\/li>\n<li dir=\"auto\">Mua online d\u1ec5 d\u00e0ng tr\u00ean Shopee, TikTok, Fanpage.<\/li>\n<\/ul>","protected":false},"excerpt":{"rendered":"<p>B\u00e1nh Y\u1ebfn M\u1ea1ch GINNIE Kh\u00f4ng \u0110\u01b0\u1eddng T\u00fai 240g l\u00e0m t\u1eeb y\u1ebfn m\u1ea1ch v\u00e0 c\u00e1c lo\u1ea1i h\u1ea1t, ph\u00f9 h\u1ee3p \u0103n ki\u00eang, ti\u1ec7n l\u1ee3i mang theo m\u1ecdi l\u00fac m\u1ecdi n\u01a1i.<\/p>","protected":false},"featured_media":2176,"comment_status":"open","ping_status":"closed","template":"","meta":[],"product_brand":[73],"product_cat":[39,24],"product_tag":[59,61,60,288,291,289,287,290,58,63,54,62,314,315],"class_list":{"0":"post-1462","1":"product","2":"type-product","3":"status-publish","4":"has-post-thumbnail","6":"product_brand-ginnie","7":"product_cat-banh","8":"product_cat-dinh-duong-an-kieng","9":"product_tag-banh-yen-mach-an-kieng","10":"product_tag-banh-yen-mach-giam-can","11":"product_tag-banh-yen-mach-ginnie","12":"product_tag-banh-yen-mach-ginnie-khong-duong-tui-240g","13":"product_tag-banh-yen-mach-ginnie-khong-duong-vi-hat-sen-240g","14":"product_tag-banh-yen-mach-ginnie-khong-duong-vi-hat-sen-va-vi-qua-bo","15":"product_tag-banh-yen-mach-ginnie-khong-duong-vi-hat-sen-va-vi-qua-bo-tui-240g","16":"product_tag-banh-yen-mach-ginnie-khong-duong-vi-qua-bo-tui-240g","17":"product_tag-banh-yen-mach-khong-duong","18":"product_tag-banh-yen-mach-vi-hat-sen","19":"product_tag-ginnie","20":"product_tag-thuc-pham-an-kieng-tien-loi","21":"product_tag-vi-hat-sen","22":"product_tag-vi-qua-bo","24":"first","25":"instock","26":"shipping-taxable","27":"product-type-simple"},"acf":[],"yoast_head":"<!-- This site is optimized with the Yoast SEO plugin v27.3 - https:\/\/yoast.com\/product\/yoast-seo-wordpress\/ -->\n<title>B\u00e1nh Y\u1ebfn M\u1ea1ch GINNIE Kh\u00f4ng \u0110\u01b0\u1eddng V\u1ecb H\u1ea1t Sen v\u00e0 V\u1ecb Qu\u1ea3 B\u01a1 T\u00fai 240g - H\u1ee3p Ph\u00e1t Foods<\/title>\n<meta name=\"description\" content=\"B\u00e1nh Y\u1ebfn M\u1ea1ch Ginnie Kh\u00f4ng \u0110\u01b0\u1eddng V\u1ecb H\u1ea1t Sen v\u00e0 V\u1ecb Qu\u1ea3 B\u01a1 T\u00fai 240g, kh\u00f4ng ch\u1ea5t b\u00e9o chuy\u1ec3n h\u00f3a, gi\u00e0u ch\u1ea5t x\u01a1 ph\u00f9 h\u1ee3p ng\u01b0\u1eddi \u0103n ki\u00eang.\" \/>\n<meta name=\"robots\" content=\"index, follow, max-snippet:-1, max-image-preview:large, max-video-preview:-1\" \/>\n<link rel=\"canonical\" href=\"https:\/\/hopphatfoods.com\/en\/product\/banh-yen-mach-ginnie-khong-duong-tui-240g\/\" \/>\n<meta property=\"og:locale\" content=\"en_US\" \/>\n<meta property=\"og:type\" content=\"article\" \/>\n<meta property=\"og:title\" content=\"B\u00e1nh Y\u1ebfn M\u1ea1ch GINNIE Kh\u00f4ng \u0110\u01b0\u1eddng V\u1ecb H\u1ea1t Sen v\u00e0 V\u1ecb Qu\u1ea3 B\u01a1 T\u00fai 240g - H\u1ee3p Ph\u00e1t Foods\" \/>\n<meta property=\"og:description\" content=\"B\u00e1nh Y\u1ebfn M\u1ea1ch Ginnie Kh\u00f4ng \u0110\u01b0\u1eddng V\u1ecb H\u1ea1t Sen v\u00e0 V\u1ecb Qu\u1ea3 B\u01a1 T\u00fai 240g, kh\u00f4ng ch\u1ea5t b\u00e9o chuy\u1ec3n h\u00f3a, gi\u00e0u ch\u1ea5t x\u01a1 ph\u00f9 h\u1ee3p ng\u01b0\u1eddi \u0103n ki\u00eang.\" \/>\n<meta property=\"og:url\" content=\"https:\/\/hopphatfoods.com\/en\/product\/banh-yen-mach-ginnie-khong-duong-tui-240g\/\" \/>\n<meta property=\"og:site_name\" content=\"H\u1ee3p Ph\u00e1t Foods\" \/>\n<meta property=\"article:modified_time\" content=\"2025-12-01T03:22:03+00:00\" \/>\n<meta property=\"og:image\" content=\"https:\/\/hopphatfoods.com\/wp-content\/uploads\/2025\/05\/ym-tui-1024x1024.png\" \/>\n\t<meta property=\"og:image:width\" content=\"1024\" \/>\n\t<meta property=\"og:image:height\" content=\"1024\" \/>\n\t<meta property=\"og:image:type\" content=\"image\/png\" \/>\n<meta name=\"twitter:card\" content=\"summary_large_image\" \/>\n<meta name=\"twitter:label1\" content=\"Est. reading time\" \/>\n\t<meta name=\"twitter:data1\" content=\"3 minutes\" \/>\n<script type=\"application\/ld+json\" class=\"yoast-schema-graph\">{\"@context\":\"https:\\\/\\\/schema.org\",\"@graph\":[{\"@type\":\"WebPage\",\"@id\":\"https:\\\/\\\/hopphatfoods.com\\\/san-pham\\\/banh-yen-mach-ginnie-khong-duong-tui-240g\\\/\",\"url\":\"https:\\\/\\\/hopphatfoods.com\\\/san-pham\\\/banh-yen-mach-ginnie-khong-duong-tui-240g\\\/\",\"name\":\"B\u00e1nh Y\u1ebfn M\u1ea1ch GINNIE Kh\u00f4ng \u0110\u01b0\u1eddng V\u1ecb H\u1ea1t Sen v\u00e0 V\u1ecb Qu\u1ea3 B\u01a1 T\u00fai 240g - H\u1ee3p Ph\u00e1t Foods\",\"isPartOf\":{\"@id\":\"https:\\\/\\\/hopphatfoods.com\\\/#website\"},\"primaryImageOfPage\":{\"@id\":\"https:\\\/\\\/hopphatfoods.com\\\/san-pham\\\/banh-yen-mach-ginnie-khong-duong-tui-240g\\\/#primaryimage\"},\"image\":{\"@id\":\"https:\\\/\\\/hopphatfoods.com\\\/san-pham\\\/banh-yen-mach-ginnie-khong-duong-tui-240g\\\/#primaryimage\"},\"thumbnailUrl\":\"https:\\\/\\\/hopphatfoods.com\\\/wp-content\\\/uploads\\\/2025\\\/05\\\/ym-tui.png\",\"datePublished\":\"2025-05-08T09:12:29+00:00\",\"dateModified\":\"2025-12-01T03:22:03+00:00\",\"description\":\"B\u00e1nh Y\u1ebfn M\u1ea1ch Ginnie Kh\u00f4ng \u0110\u01b0\u1eddng V\u1ecb H\u1ea1t Sen v\u00e0 V\u1ecb Qu\u1ea3 B\u01a1 T\u00fai 240g, kh\u00f4ng ch\u1ea5t b\u00e9o chuy\u1ec3n h\u00f3a, gi\u00e0u ch\u1ea5t x\u01a1 ph\u00f9 h\u1ee3p ng\u01b0\u1eddi \u0103n ki\u00eang.\",\"breadcrumb\":{\"@id\":\"https:\\\/\\\/hopphatfoods.com\\\/san-pham\\\/banh-yen-mach-ginnie-khong-duong-tui-240g\\\/#breadcrumb\"},\"inLanguage\":\"en-US\",\"potentialAction\":[{\"@type\":\"ReadAction\",\"target\":[\"https:\\\/\\\/hopphatfoods.com\\\/san-pham\\\/banh-yen-mach-ginnie-khong-duong-tui-240g\\\/\"]}]},{\"@type\":\"ImageObject\",\"inLanguage\":\"en-US\",\"@id\":\"https:\\\/\\\/hopphatfoods.com\\\/san-pham\\\/banh-yen-mach-ginnie-khong-duong-tui-240g\\\/#primaryimage\",\"url\":\"https:\\\/\\\/hopphatfoods.com\\\/wp-content\\\/uploads\\\/2025\\\/05\\\/ym-tui.png\",\"contentUrl\":\"https:\\\/\\\/hopphatfoods.com\\\/wp-content\\\/uploads\\\/2025\\\/05\\\/ym-tui.png\",\"width\":2048,\"height\":2048,\"caption\":\"B\u00e1nh Y\u1ebfn M\u1ea1ch GINNIE Kh\u00f4ng \u0110\u01b0\u1eddng V\u1ecb H\u1ea1t Sen v\u00e0 V\u1ecb Qu\u1ea3 B\u01a1 T\u00fai 240g\"},{\"@type\":\"BreadcrumbList\",\"@id\":\"https:\\\/\\\/hopphatfoods.com\\\/san-pham\\\/banh-yen-mach-ginnie-khong-duong-tui-240g\\\/#breadcrumb\",\"itemListElement\":[{\"@type\":\"ListItem\",\"position\":1,\"name\":\"Trang ch\u1ee7\",\"item\":\"https:\\\/\\\/hopphatfoods.com\\\/\"},{\"@type\":\"ListItem\",\"position\":2,\"name\":\"C\u1eeda h\u00e0ng\",\"item\":\"https:\\\/\\\/hopphatfoods.com\\\/vi\\\/cua-hang\\\/\"},{\"@type\":\"ListItem\",\"position\":3,\"name\":\"B\u00e1nh Y\u1ebfn M\u1ea1ch GINNIE Kh\u00f4ng \u0110\u01b0\u1eddng V\u1ecb H\u1ea1t Sen v\u00e0 V\u1ecb Qu\u1ea3 B\u01a1 T\u00fai 240g\"}]},{\"@type\":\"WebSite\",\"@id\":\"https:\\\/\\\/hopphatfoods.com\\\/#website\",\"url\":\"https:\\\/\\\/hopphatfoods.com\\\/\",\"name\":\"H\u1ee3p Ph\u00e1t Foods\",\"description\":\"\",\"publisher\":{\"@id\":\"https:\\\/\\\/hopphatfoods.com\\\/#organization\"},\"potentialAction\":[{\"@type\":\"SearchAction\",\"target\":{\"@type\":\"EntryPoint\",\"urlTemplate\":\"https:\\\/\\\/hopphatfoods.com\\\/?s={search_term_string}\"},\"query-input\":{\"@type\":\"PropertyValueSpecification\",\"valueRequired\":true,\"valueName\":\"search_term_string\"}}],\"inLanguage\":\"en-US\"},{\"@type\":\"Organization\",\"@id\":\"https:\\\/\\\/hopphatfoods.com\\\/#organization\",\"name\":\"H\u1ee3p Ph\u00e1t Foods\",\"url\":\"https:\\\/\\\/hopphatfoods.com\\\/\",\"logo\":{\"@type\":\"ImageObject\",\"inLanguage\":\"en-US\",\"@id\":\"https:\\\/\\\/hopphatfoods.com\\\/#\\\/schema\\\/logo\\\/image\\\/\",\"url\":\"https:\\\/\\\/hopphatfoods.com\\\/wp-content\\\/uploads\\\/2024\\\/12\\\/logo.png\",\"contentUrl\":\"https:\\\/\\\/hopphatfoods.com\\\/wp-content\\\/uploads\\\/2024\\\/12\\\/logo.png\",\"width\":450,\"height\":124,\"caption\":\"H\u1ee3p Ph\u00e1t Foods\"},\"image\":{\"@id\":\"https:\\\/\\\/hopphatfoods.com\\\/#\\\/schema\\\/logo\\\/image\\\/\"}}]}<\/script>\n<!-- \/ Yoast SEO plugin. -->","yoast_head_json":{"title":"B\u00e1nh Y\u1ebfn M\u1ea1ch GINNIE Kh\u00f4ng \u0110\u01b0\u1eddng V\u1ecb H\u1ea1t Sen v\u00e0 V\u1ecb Qu\u1ea3 B\u01a1 T\u00fai 240g - H\u1ee3p Ph\u00e1t Foods","description":"B\u00e1nh Y\u1ebfn M\u1ea1ch Ginnie Kh\u00f4ng \u0110\u01b0\u1eddng V\u1ecb H\u1ea1t Sen v\u00e0 V\u1ecb Qu\u1ea3 B\u01a1 T\u00fai 240g, kh\u00f4ng ch\u1ea5t b\u00e9o chuy\u1ec3n h\u00f3a, gi\u00e0u ch\u1ea5t x\u01a1 ph\u00f9 h\u1ee3p ng\u01b0\u1eddi \u0103n ki\u00eang.","robots":{"index":"index","follow":"follow","max-snippet":"max-snippet:-1","max-image-preview":"max-image-preview:large","max-video-preview":"max-video-preview:-1"},"canonical":"https:\/\/hopphatfoods.com\/en\/product\/banh-yen-mach-ginnie-khong-duong-tui-240g\/","og_locale":"en_US","og_type":"article","og_title":"B\u00e1nh Y\u1ebfn M\u1ea1ch GINNIE Kh\u00f4ng \u0110\u01b0\u1eddng V\u1ecb H\u1ea1t Sen v\u00e0 V\u1ecb Qu\u1ea3 B\u01a1 T\u00fai 240g - H\u1ee3p Ph\u00e1t Foods","og_description":"B\u00e1nh Y\u1ebfn M\u1ea1ch Ginnie Kh\u00f4ng \u0110\u01b0\u1eddng V\u1ecb H\u1ea1t Sen v\u00e0 V\u1ecb Qu\u1ea3 B\u01a1 T\u00fai 240g, kh\u00f4ng ch\u1ea5t b\u00e9o chuy\u1ec3n h\u00f3a, gi\u00e0u ch\u1ea5t x\u01a1 ph\u00f9 h\u1ee3p ng\u01b0\u1eddi \u0103n ki\u00eang.","og_url":"https:\/\/hopphatfoods.com\/en\/product\/banh-yen-mach-ginnie-khong-duong-tui-240g\/","og_site_name":"H\u1ee3p Ph\u00e1t Foods","article_modified_time":"2025-12-01T03:22:03+00:00","og_image":[{"width":1024,"height":1024,"url":"https:\/\/hopphatfoods.com\/wp-content\/uploads\/2025\/05\/ym-tui-1024x1024.png","type":"image\/png"}],"twitter_card":"summary_large_image","twitter_misc":{"Est. reading time":"3 minutes"},"schema":{"@context":"https:\/\/schema.org","@graph":[{"@type":"WebPage","@id":"https:\/\/hopphatfoods.com\/san-pham\/banh-yen-mach-ginnie-khong-duong-tui-240g\/","url":"https:\/\/hopphatfoods.com\/san-pham\/banh-yen-mach-ginnie-khong-duong-tui-240g\/","name":"B\u00e1nh Y\u1ebfn M\u1ea1ch GINNIE Kh\u00f4ng \u0110\u01b0\u1eddng V\u1ecb H\u1ea1t Sen v\u00e0 V\u1ecb Qu\u1ea3 B\u01a1 T\u00fai 240g - H\u1ee3p Ph\u00e1t Foods","isPartOf":{"@id":"https:\/\/hopphatfoods.com\/#website"},"primaryImageOfPage":{"@id":"https:\/\/hopphatfoods.com\/san-pham\/banh-yen-mach-ginnie-khong-duong-tui-240g\/#primaryimage"},"image":{"@id":"https:\/\/hopphatfoods.com\/san-pham\/banh-yen-mach-ginnie-khong-duong-tui-240g\/#primaryimage"},"thumbnailUrl":"https:\/\/hopphatfoods.com\/wp-content\/uploads\/2025\/05\/ym-tui.png","datePublished":"2025-05-08T09:12:29+00:00","dateModified":"2025-12-01T03:22:03+00:00","description":"B\u00e1nh Y\u1ebfn M\u1ea1ch Ginnie Kh\u00f4ng \u0110\u01b0\u1eddng V\u1ecb H\u1ea1t Sen v\u00e0 V\u1ecb Qu\u1ea3 B\u01a1 T\u00fai 240g, kh\u00f4ng ch\u1ea5t b\u00e9o chuy\u1ec3n h\u00f3a, gi\u00e0u ch\u1ea5t x\u01a1 ph\u00f9 h\u1ee3p ng\u01b0\u1eddi \u0103n ki\u00eang.","breadcrumb":{"@id":"https:\/\/hopphatfoods.com\/san-pham\/banh-yen-mach-ginnie-khong-duong-tui-240g\/#breadcrumb"},"inLanguage":"en-US","potentialAction":[{"@type":"ReadAction","target":["https:\/\/hopphatfoods.com\/san-pham\/banh-yen-mach-ginnie-khong-duong-tui-240g\/"]}]},{"@type":"ImageObject","inLanguage":"en-US","@id":"https:\/\/hopphatfoods.com\/san-pham\/banh-yen-mach-ginnie-khong-duong-tui-240g\/#primaryimage","url":"https:\/\/hopphatfoods.com\/wp-content\/uploads\/2025\/05\/ym-tui.png","contentUrl":"https:\/\/hopphatfoods.com\/wp-content\/uploads\/2025\/05\/ym-tui.png","width":2048,"height":2048,"caption":"B\u00e1nh Y\u1ebfn M\u1ea1ch GINNIE Kh\u00f4ng \u0110\u01b0\u1eddng V\u1ecb H\u1ea1t Sen v\u00e0 V\u1ecb Qu\u1ea3 B\u01a1 T\u00fai 240g"},{"@type":"BreadcrumbList","@id":"https:\/\/hopphatfoods.com\/san-pham\/banh-yen-mach-ginnie-khong-duong-tui-240g\/#breadcrumb","itemListElement":[{"@type":"ListItem","position":1,"name":"Trang ch\u1ee7","item":"https:\/\/hopphatfoods.com\/"},{"@type":"ListItem","position":2,"name":"C\u1eeda h\u00e0ng","item":"https:\/\/hopphatfoods.com\/vi\/cua-hang\/"},{"@type":"ListItem","position":3,"name":"B\u00e1nh Y\u1ebfn M\u1ea1ch GINNIE Kh\u00f4ng \u0110\u01b0\u1eddng V\u1ecb H\u1ea1t Sen v\u00e0 V\u1ecb Qu\u1ea3 B\u01a1 T\u00fai 240g"}]},{"@type":"WebSite","@id":"https:\/\/hopphatfoods.com\/#website","url":"https:\/\/hopphatfoods.com\/","name":"H\u1ee3p Ph\u00e1t Foods","description":"","publisher":{"@id":"https:\/\/hopphatfoods.com\/#organization"},"potentialAction":[{"@type":"SearchAction","target":{"@type":"EntryPoint","urlTemplate":"https:\/\/hopphatfoods.com\/?s={search_term_string}"},"query-input":{"@type":"PropertyValueSpecification","valueRequired":true,"valueName":"search_term_string"}}],"inLanguage":"en-US"},{"@type":"Organization","@id":"https:\/\/hopphatfoods.com\/#organization","name":"H\u1ee3p Ph\u00e1t Foods","url":"https:\/\/hopphatfoods.com\/","logo":{"@type":"ImageObject","inLanguage":"en-US","@id":"https:\/\/hopphatfoods.com\/#\/schema\/logo\/image\/","url":"https:\/\/hopphatfoods.com\/wp-content\/uploads\/2024\/12\/logo.png","contentUrl":"https:\/\/hopphatfoods.com\/wp-content\/uploads\/2024\/12\/logo.png","width":450,"height":124,"caption":"H\u1ee3p Ph\u00e1t Foods"},"image":{"@id":"https:\/\/hopphatfoods.com\/#\/schema\/logo\/image\/"}}]}},"_links":{"self":[{"href":"https:\/\/hopphatfoods.com\/en\/wp-json\/wp\/v2\/product\/1462","targetHints":{"allow":["GET"]}}],"collection":[{"href":"https:\/\/hopphatfoods.com\/en\/wp-json\/wp\/v2\/product"}],"about":[{"href":"https:\/\/hopphatfoods.com\/en\/wp-json\/wp\/v2\/types\/product"}],"replies":[{"embeddable":true,"href":"https:\/\/hopphatfoods.com\/en\/wp-json\/wp\/v2\/comments?post=1462"}],"wp:featuredmedia":[{"embeddable":true,"href":"https:\/\/hopphatfoods.com\/en\/wp-json\/wp\/v2\/media\/2176"}],"wp:attachment":[{"href":"https:\/\/hopphatfoods.com\/en\/wp-json\/wp\/v2\/media?parent=1462"}],"wp:term":[{"taxonomy":"product_brand","embeddable":true,"href":"https:\/\/hopphatfoods.com\/en\/wp-json\/wp\/v2\/product_brand?post=1462"},{"taxonomy":"product_cat","embeddable":true,"href":"https:\/\/hopphatfoods.com\/en\/wp-json\/wp\/v2\/product_cat?post=1462"},{"taxonomy":"product_tag","embeddable":true,"href":"https:\/\/hopphatfoods.com\/en\/wp-json\/wp\/v2\/product_tag?post=1462"}],"curies":[{"name":"wp","href":"https:\/\/api.w.org\/{rel}","templated":true}]}}