{"id":16,"date":"2024-12-24T09:57:20","date_gmt":"2024-12-24T02:57:20","guid":{"rendered":"https:\/\/hopphatfoods.com\/?page_id=16"},"modified":"2025-03-10T17:16:30","modified_gmt":"2025-03-10T10:16:30","slug":"gioi-thieu","status":"publish","type":"page","link":"https:\/\/hopphatfoods.com\/en\/gioi-thieu\/","title":{"rendered":"About us"},"content":{"rendered":"<div data-elementor-type=\"wp-page\" data-elementor-id=\"16\" class=\"elementor elementor-16\" data-elementor-settings=\"{&quot;ha_cmc_init_switcher&quot;:&quot;no&quot;}\" data-elementor-post-type=\"page\">\n\t\t\t\t<div class=\"elementor-element elementor-element-987d970 e-flex e-con-boxed e-con e-parent\" data-id=\"987d970\" data-element_type=\"container\" data-e-type=\"container\" data-settings=\"{&quot;_ha_eqh_enable&quot;:false}\">\n\t\t\t\t\t<div class=\"e-con-inner\">\n\t\t\t\t\t<\/div>\n\t\t\t\t<\/div>\n\t\t<div class=\"elementor-element elementor-element-d74a102 e-flex e-con-boxed e-con e-parent\" data-id=\"d74a102\" data-element_type=\"container\" data-e-type=\"container\" data-settings=\"{&quot;_ha_eqh_enable&quot;:false}\">\n\t\t\t\t\t<div class=\"e-con-inner\">\n\t\t<div class=\"elementor-element elementor-element-dcb6a5f e-con-full e-flex e-con e-child\" data-id=\"dcb6a5f\" data-element_type=\"container\" data-e-type=\"container\" data-settings=\"{&quot;_ha_eqh_enable&quot;:false}\">\n\t\t\t\t<div class=\"elementor-element elementor-element-4036a81 elementor-widget elementor-widget-heading\" data-id=\"4036a81\" data-element_type=\"widget\" data-e-type=\"widget\" data-widget_type=\"heading.default\">\n\t\t\t\t<div class=\"elementor-widget-container\">\n\t\t\t\t\t<h2 class=\"elementor-heading-title elementor-size-default\">ABOUT COMPANY<\/h2>\t\t\t\t<\/div>\n\t\t\t\t<\/div>\n\t\t\t\t<div class=\"elementor-element elementor-element-86170b2 elementor-widget elementor-widget-text-editor\" data-id=\"86170b2\" data-element_type=\"widget\" data-e-type=\"widget\" data-widget_type=\"text-editor.default\">\n\t\t\t\t<div class=\"elementor-widget-container\">\n\t\t\t\t\t\t\t\t\t<p><strong>Development co., LTD trading hop<\/strong>\u00a0(HOP PHAT DEVEL CO., LTD.) established since 7\/2013. We are importer and exclusive distributor of confectionery products from the Korea, Italy, Indonesia, Malaysia, Taiwan, American, Turkey, ...<\/p><p>Our company has a network of distributors from the Northern provinces, and some provinces in Central Vietnam. In Hanoi we have sales team directly to each small point of sale, retail, wholesale, and most of the supermarkets.<\/p>\t\t\t\t\t\t\t\t<\/div>\n\t\t\t\t<\/div>\n\t\t\t\t<\/div>\n\t\t<div class=\"elementor-element elementor-element-8bdcc50 e-con-full e-flex e-con e-child\" data-id=\"8bdcc50\" data-element_type=\"container\" data-e-type=\"container\" data-settings=\"{&quot;_ha_eqh_enable&quot;:false}\">\n\t\t\t\t<div class=\"elementor-element elementor-element-4a601c9 elementor-widget elementor-widget-image\" data-id=\"4a601c9\" data-element_type=\"widget\" data-e-type=\"widget\" data-widget_type=\"image.default\">\n\t\t\t\t<div class=\"elementor-widget-container\">\n\t\t\t\t\t\t\t\t\t\t\t\t\t\t\t<img fetchpriority=\"high\" decoding=\"async\" width=\"800\" height=\"565\" src=\"https:\/\/hopphatfoods.com\/wp-content\/uploads\/2025\/01\/about3.jpg\" class=\"attachment-large size-large wp-image-149\" alt=\"\" srcset=\"https:\/\/hopphatfoods.com\/wp-content\/uploads\/2025\/01\/about3.jpg 1000w, https:\/\/hopphatfoods.com\/wp-content\/uploads\/2025\/01\/about3-300x212.jpg 300w, https:\/\/hopphatfoods.com\/wp-content\/uploads\/2025\/01\/about3-768x542.jpg 768w, https:\/\/hopphatfoods.com\/wp-content\/uploads\/2025\/01\/about3-600x424.jpg 600w\" sizes=\"(max-width: 800px) 100vw, 800px\" \/>\t\t\t\t\t\t\t\t\t\t\t\t\t\t\t<\/div>\n\t\t\t\t<\/div>\n\t\t\t\t<\/div>\n\t\t\t\t\t<\/div>\n\t\t\t\t<\/div>\n\t\t<div class=\"elementor-element elementor-element-4be2b61 e-flex e-con-boxed e-con e-parent\" data-id=\"4be2b61\" data-element_type=\"container\" data-e-type=\"container\" data-settings=\"{&quot;_ha_eqh_enable&quot;:false}\">\n\t\t\t\t\t<div class=\"e-con-inner\">\n\t\t<div class=\"elementor-element elementor-element-27cfeda e-con-full e-flex e-con e-child\" data-id=\"27cfeda\" data-element_type=\"container\" data-e-type=\"container\" data-settings=\"{&quot;_ha_eqh_enable&quot;:false}\">\n\t\t\t\t<div class=\"elementor-element elementor-element-3817fc0 elementor-widget elementor-widget-image\" data-id=\"3817fc0\" data-element_type=\"widget\" data-e-type=\"widget\" data-widget_type=\"image.default\">\n\t\t\t\t<div class=\"elementor-widget-container\">\n\t\t\t\t\t\t\t\t\t\t\t\t\t\t\t<img decoding=\"async\" width=\"800\" height=\"565\" src=\"https:\/\/hopphatfoods.com\/wp-content\/uploads\/2025\/01\/about-1024x723.jpg\" class=\"attachment-large size-large wp-image-148\" alt=\"\" srcset=\"https:\/\/hopphatfoods.com\/wp-content\/uploads\/2025\/01\/about-1024x723.jpg 1024w, https:\/\/hopphatfoods.com\/wp-content\/uploads\/2025\/01\/about-300x212.jpg 300w, https:\/\/hopphatfoods.com\/wp-content\/uploads\/2025\/01\/about-768x542.jpg 768w, https:\/\/hopphatfoods.com\/wp-content\/uploads\/2025\/01\/about-1536x1084.jpg 1536w, https:\/\/hopphatfoods.com\/wp-content\/uploads\/2025\/01\/about-600x423.jpg 600w, https:\/\/hopphatfoods.com\/wp-content\/uploads\/2025\/01\/about.jpg 2048w\" sizes=\"(max-width: 800px) 100vw, 800px\" \/>\t\t\t\t\t\t\t\t\t\t\t\t\t\t\t<\/div>\n\t\t\t\t<\/div>\n\t\t\t\t<\/div>\n\t\t<div class=\"elementor-element elementor-element-c8b4577 e-con-full e-flex e-con e-child\" data-id=\"c8b4577\" data-element_type=\"container\" data-e-type=\"container\" data-settings=\"{&quot;_ha_eqh_enable&quot;:false}\">\n\t\t\t\t<div class=\"elementor-element elementor-element-e8584cd elementor-widget elementor-widget-heading\" data-id=\"e8584cd\" data-element_type=\"widget\" data-e-type=\"widget\" data-widget_type=\"heading.default\">\n\t\t\t\t<div class=\"elementor-widget-container\">\n\t\t\t\t\t<h2 class=\"elementor-heading-title elementor-size-default\">VISION, mission<\/h2>\t\t\t\t<\/div>\n\t\t\t\t<\/div>\n\t\t\t\t<div class=\"elementor-element elementor-element-1ad8367 elementor-widget elementor-widget-text-editor\" data-id=\"1ad8367\" data-element_type=\"widget\" data-e-type=\"widget\" data-widget_type=\"text-editor.default\">\n\t\t\t\t<div class=\"elementor-widget-container\">\n\t\t\t\t\t\t\t\t\t<p>Become the candy brand in Vietnam, brings the high quality products, safety and creativity, contributing to improving the value of Vietnamese cuisine on the international market.<\/p><ul><li>Create products confectionery, delicious, nutrient-rich, suitable to the taste and needs of every family.<\/li><li>Ensure the production process safe, environmentally friendly and responsible with the community.<\/li><li>Sustainable development, contribute to the prosperity of the food industry of Vietnam.<\/li><\/ul>\t\t\t\t\t\t\t\t<\/div>\n\t\t\t\t<\/div>\n\t\t\t\t<\/div>\n\t\t\t\t\t<\/div>\n\t\t\t\t<\/div>\n\t\t<div class=\"elementor-element elementor-element-93736bc e-flex e-con-boxed e-con e-parent\" data-id=\"93736bc\" data-element_type=\"container\" data-e-type=\"container\" data-settings=\"{&quot;_ha_eqh_enable&quot;:false}\">\n\t\t\t\t\t<div class=\"e-con-inner\">\n\t\t<div class=\"elementor-element elementor-element-2f981c2 e-con-full e-flex e-con e-child\" data-id=\"2f981c2\" data-element_type=\"container\" data-e-type=\"container\" data-settings=\"{&quot;_ha_eqh_enable&quot;:false}\">\n\t\t\t\t<div class=\"elementor-element elementor-element-2623a73 elementor-widget elementor-widget-heading\" data-id=\"2623a73\" data-element_type=\"widget\" data-e-type=\"widget\" data-widget_type=\"heading.default\">\n\t\t\t\t<div class=\"elementor-widget-container\">\n\t\t\t\t\t<h2 class=\"elementor-heading-title elementor-size-default\">Core values<\/h2>\t\t\t\t<\/div>\n\t\t\t\t<\/div>\n\t\t\t\t<div class=\"elementor-element elementor-element-3220127 elementor-widget elementor-widget-text-editor\" data-id=\"3220127\" data-element_type=\"widget\" data-e-type=\"widget\" data-widget_type=\"text-editor.default\">\n\t\t\t\t<div class=\"elementor-widget-container\">\n\t\t\t\t\t\t\t\t\t<ul><li><strong>Quality<\/strong>: Committed to the products reach the highest standard of safety and quality.<\/li><li><strong>Creative<\/strong>: Do not stop improving products and manufacturing processes to meet the tastes and the increasing demands of customers.<\/li><li><strong>The customer is the center<\/strong>: Respect and listen to our customers to create experiences beyond expectations.<\/li><li><strong>Responsibility<\/strong>: Implementing social responsibility, environmental protection and contribute to building sustainable communities.<\/li><li><strong>Solidarity<\/strong>: Build a work environment that is professional, cohesion and respect for human values.<\/li><\/ul>\t\t\t\t\t\t\t\t<\/div>\n\t\t\t\t<\/div>\n\t\t\t\t<\/div>\n\t\t<div class=\"elementor-element elementor-element-e03b8de e-con-full e-flex e-con e-child\" data-id=\"e03b8de\" data-element_type=\"container\" data-e-type=\"container\" data-settings=\"{&quot;_ha_eqh_enable&quot;:false}\">\n\t\t\t\t<div class=\"elementor-element elementor-element-80b272a elementor-widget elementor-widget-image\" data-id=\"80b272a\" data-element_type=\"widget\" data-e-type=\"widget\" data-widget_type=\"image.default\">\n\t\t\t\t<div class=\"elementor-widget-container\">\n\t\t\t\t\t\t\t\t\t\t\t\t\t\t\t<img decoding=\"async\" width=\"800\" height=\"599\" src=\"https:\/\/hopphatfoods.com\/wp-content\/uploads\/2025\/01\/about4.jpg\" class=\"attachment-large size-large wp-image-150\" alt=\"\" srcset=\"https:\/\/hopphatfoods.com\/wp-content\/uploads\/2025\/01\/about4.jpg 1000w, https:\/\/hopphatfoods.com\/wp-content\/uploads\/2025\/01\/about4-300x225.jpg 300w, https:\/\/hopphatfoods.com\/wp-content\/uploads\/2025\/01\/about4-768x575.jpg 768w, https:\/\/hopphatfoods.com\/wp-content\/uploads\/2025\/01\/about4-600x449.jpg 600w\" sizes=\"(max-width: 800px) 100vw, 800px\" \/>\t\t\t\t\t\t\t\t\t\t\t\t\t\t\t<\/div>\n\t\t\t\t<\/div>\n\t\t\t\t<\/div>\n\t\t\t\t\t<\/div>\n\t\t\t\t<\/div>\n\t\t\t\t<\/div>","protected":false},"excerpt":{"rendered":"<p>V\u1ec0 C\u00d4NG TY C\u00f4ng ty TNHH Ph\u00e1t tri\u1ec3n Th\u01b0\u01a1ng m\u1ea1i H\u1ee3p Ph\u00e1t\u00a0(HOP PHAT DEVEL CO., LTD.) \u0111\u01b0\u1ee3c th\u00e0nh l\u1eadp t\u1eeb th\u00e1ng 7\/2013. Ch\u00fang t\u00f4i chuy\u00ean nh\u1eadp kh\u1ea9u v\u00e0 ph\u00e2n ph\u1ed1i \u0111\u1ed9c quy\u1ec1n c\u00e1c s\u1ea3n ph\u1ea9m B\u00e1nh k\u1eb9o cao c\u1ea5p \u0111\u1ebfn t\u1eeb c\u00e1c Korea, Italy, Indonesia, Malaysia, Taiwan, American, Turkey, \u2026 C\u00f4ng ty ch\u00fang t\u00f4i c\u00f3 [&hellip;]<\/p>\n","protected":false},"author":1,"featured_media":0,"parent":0,"menu_order":0,"comment_status":"closed","ping_status":"closed","template":"elementor_header_footer","meta":{"footnotes":""},"class_list":["post-16","page","type-page","status-publish","hentry"],"acf":[],"yoast_head":"<!-- This site is optimized with the Yoast SEO plugin v27.3 - https:\/\/yoast.com\/product\/yoast-seo-wordpress\/ -->\n<title>Gi\u1edbi thi\u1ec7u - H\u1ee3p Ph\u00e1t Foods<\/title>\n<meta name=\"robots\" content=\"index, follow, max-snippet:-1, max-image-preview:large, max-video-preview:-1\" \/>\n<link rel=\"canonical\" href=\"https:\/\/hopphatfoods.com\/en\/gioi-thieu\/\" \/>\n<meta property=\"og:locale\" content=\"en_US\" \/>\n<meta property=\"og:type\" content=\"article\" \/>\n<meta property=\"og:title\" content=\"Gi\u1edbi thi\u1ec7u - H\u1ee3p Ph\u00e1t Foods\" \/>\n<meta property=\"og:description\" content=\"V\u1ec0 C\u00d4NG TY C\u00f4ng ty TNHH Ph\u00e1t tri\u1ec3n Th\u01b0\u01a1ng m\u1ea1i H\u1ee3p Ph\u00e1t\u00a0(HOP PHAT DEVEL CO., LTD.) \u0111\u01b0\u1ee3c th\u00e0nh l\u1eadp t\u1eeb th\u00e1ng 7\/2013. Ch\u00fang t\u00f4i chuy\u00ean nh\u1eadp kh\u1ea9u v\u00e0 ph\u00e2n ph\u1ed1i \u0111\u1ed9c quy\u1ec1n c\u00e1c s\u1ea3n ph\u1ea9m B\u00e1nh k\u1eb9o cao c\u1ea5p \u0111\u1ebfn t\u1eeb c\u00e1c Korea, Italy, Indonesia, Malaysia, Taiwan, American, Turkey, \u2026 C\u00f4ng ty ch\u00fang t\u00f4i c\u00f3 [&hellip;]\" \/>\n<meta property=\"og:url\" content=\"https:\/\/hopphatfoods.com\/en\/gioi-thieu\/\" \/>\n<meta property=\"og:site_name\" content=\"H\u1ee3p Ph\u00e1t Foods\" \/>\n<meta property=\"article:modified_time\" content=\"2025-03-10T10:16:30+00:00\" \/>\n<meta property=\"og:image\" content=\"http:\/\/hopphatfoods.com\/wp-content\/uploads\/2025\/01\/about3.jpg\" \/>\n<meta name=\"twitter:card\" content=\"summary_large_image\" \/>\n<meta name=\"twitter:label1\" content=\"Est. reading time\" \/>\n\t<meta name=\"twitter:data1\" content=\"3 minutes\" \/>\n<script type=\"application\/ld+json\" class=\"yoast-schema-graph\">{\"@context\":\"https:\\\/\\\/schema.org\",\"@graph\":[{\"@type\":\"WebPage\",\"@id\":\"https:\\\/\\\/hopphatfoods.com\\\/gioi-thieu\\\/\",\"url\":\"https:\\\/\\\/hopphatfoods.com\\\/gioi-thieu\\\/\",\"name\":\"Gi\u1edbi thi\u1ec7u - H\u1ee3p Ph\u00e1t Foods\",\"isPartOf\":{\"@id\":\"https:\\\/\\\/hopphatfoods.com\\\/#website\"},\"primaryImageOfPage\":{\"@id\":\"https:\\\/\\\/hopphatfoods.com\\\/gioi-thieu\\\/#primaryimage\"},\"image\":{\"@id\":\"https:\\\/\\\/hopphatfoods.com\\\/gioi-thieu\\\/#primaryimage\"},\"thumbnailUrl\":\"http:\\\/\\\/hopphatfoods.com\\\/wp-content\\\/uploads\\\/2025\\\/01\\\/about3.jpg\",\"datePublished\":\"2024-12-24T02:57:20+00:00\",\"dateModified\":\"2025-03-10T10:16:30+00:00\",\"breadcrumb\":{\"@id\":\"https:\\\/\\\/hopphatfoods.com\\\/gioi-thieu\\\/#breadcrumb\"},\"inLanguage\":\"en-US\",\"potentialAction\":[{\"@type\":\"ReadAction\",\"target\":[\"https:\\\/\\\/hopphatfoods.com\\\/gioi-thieu\\\/\"]}]},{\"@type\":\"ImageObject\",\"inLanguage\":\"en-US\",\"@id\":\"https:\\\/\\\/hopphatfoods.com\\\/gioi-thieu\\\/#primaryimage\",\"url\":\"http:\\\/\\\/hopphatfoods.com\\\/wp-content\\\/uploads\\\/2025\\\/01\\\/about3.jpg\",\"contentUrl\":\"http:\\\/\\\/hopphatfoods.com\\\/wp-content\\\/uploads\\\/2025\\\/01\\\/about3.jpg\"},{\"@type\":\"BreadcrumbList\",\"@id\":\"https:\\\/\\\/hopphatfoods.com\\\/gioi-thieu\\\/#breadcrumb\",\"itemListElement\":[{\"@type\":\"ListItem\",\"position\":1,\"name\":\"Trang ch\u1ee7\",\"item\":\"https:\\\/\\\/hopphatfoods.com\\\/\"},{\"@type\":\"ListItem\",\"position\":2,\"name\":\"Gi\u1edbi thi\u1ec7u\"}]},{\"@type\":\"WebSite\",\"@id\":\"https:\\\/\\\/hopphatfoods.com\\\/#website\",\"url\":\"https:\\\/\\\/hopphatfoods.com\\\/\",\"name\":\"H\u1ee3p Ph\u00e1t Foods\",\"description\":\"\",\"publisher\":{\"@id\":\"https:\\\/\\\/hopphatfoods.com\\\/#organization\"},\"potentialAction\":[{\"@type\":\"SearchAction\",\"target\":{\"@type\":\"EntryPoint\",\"urlTemplate\":\"https:\\\/\\\/hopphatfoods.com\\\/?s={search_term_string}\"},\"query-input\":{\"@type\":\"PropertyValueSpecification\",\"valueRequired\":true,\"valueName\":\"search_term_string\"}}],\"inLanguage\":\"en-US\"},{\"@type\":\"Organization\",\"@id\":\"https:\\\/\\\/hopphatfoods.com\\\/#organization\",\"name\":\"H\u1ee3p Ph\u00e1t Foods\",\"url\":\"https:\\\/\\\/hopphatfoods.com\\\/\",\"logo\":{\"@type\":\"ImageObject\",\"inLanguage\":\"en-US\",\"@id\":\"https:\\\/\\\/hopphatfoods.com\\\/#\\\/schema\\\/logo\\\/image\\\/\",\"url\":\"https:\\\/\\\/hopphatfoods.com\\\/wp-content\\\/uploads\\\/2024\\\/12\\\/logo.png\",\"contentUrl\":\"https:\\\/\\\/hopphatfoods.com\\\/wp-content\\\/uploads\\\/2024\\\/12\\\/logo.png\",\"width\":450,\"height\":124,\"caption\":\"H\u1ee3p Ph\u00e1t Foods\"},\"image\":{\"@id\":\"https:\\\/\\\/hopphatfoods.com\\\/#\\\/schema\\\/logo\\\/image\\\/\"}}]}<\/script>\n<!-- \/ Yoast SEO plugin. -->","yoast_head_json":{"title":"Gi\u1edbi thi\u1ec7u - H\u1ee3p Ph\u00e1t Foods","robots":{"index":"index","follow":"follow","max-snippet":"max-snippet:-1","max-image-preview":"max-image-preview:large","max-video-preview":"max-video-preview:-1"},"canonical":"https:\/\/hopphatfoods.com\/en\/gioi-thieu\/","og_locale":"en_US","og_type":"article","og_title":"Gi\u1edbi thi\u1ec7u - H\u1ee3p Ph\u00e1t Foods","og_description":"V\u1ec0 C\u00d4NG TY C\u00f4ng ty TNHH Ph\u00e1t tri\u1ec3n Th\u01b0\u01a1ng m\u1ea1i H\u1ee3p Ph\u00e1t\u00a0(HOP PHAT DEVEL CO., LTD.) \u0111\u01b0\u1ee3c th\u00e0nh l\u1eadp t\u1eeb th\u00e1ng 7\/2013. Ch\u00fang t\u00f4i chuy\u00ean nh\u1eadp kh\u1ea9u v\u00e0 ph\u00e2n ph\u1ed1i \u0111\u1ed9c quy\u1ec1n c\u00e1c s\u1ea3n ph\u1ea9m B\u00e1nh k\u1eb9o cao c\u1ea5p \u0111\u1ebfn t\u1eeb c\u00e1c Korea, Italy, Indonesia, Malaysia, Taiwan, American, Turkey, \u2026 C\u00f4ng ty ch\u00fang t\u00f4i c\u00f3 [&hellip;]","og_url":"https:\/\/hopphatfoods.com\/en\/gioi-thieu\/","og_site_name":"H\u1ee3p Ph\u00e1t Foods","article_modified_time":"2025-03-10T10:16:30+00:00","og_image":[{"url":"http:\/\/hopphatfoods.com\/wp-content\/uploads\/2025\/01\/about3.jpg","type":"","width":"","height":""}],"twitter_card":"summary_large_image","twitter_misc":{"Est. reading time":"3 minutes"},"schema":{"@context":"https:\/\/schema.org","@graph":[{"@type":"WebPage","@id":"https:\/\/hopphatfoods.com\/gioi-thieu\/","url":"https:\/\/hopphatfoods.com\/gioi-thieu\/","name":"Gi\u1edbi thi\u1ec7u - H\u1ee3p Ph\u00e1t Foods","isPartOf":{"@id":"https:\/\/hopphatfoods.com\/#website"},"primaryImageOfPage":{"@id":"https:\/\/hopphatfoods.com\/gioi-thieu\/#primaryimage"},"image":{"@id":"https:\/\/hopphatfoods.com\/gioi-thieu\/#primaryimage"},"thumbnailUrl":"http:\/\/hopphatfoods.com\/wp-content\/uploads\/2025\/01\/about3.jpg","datePublished":"2024-12-24T02:57:20+00:00","dateModified":"2025-03-10T10:16:30+00:00","breadcrumb":{"@id":"https:\/\/hopphatfoods.com\/gioi-thieu\/#breadcrumb"},"inLanguage":"en-US","potentialAction":[{"@type":"ReadAction","target":["https:\/\/hopphatfoods.com\/gioi-thieu\/"]}]},{"@type":"ImageObject","inLanguage":"en-US","@id":"https:\/\/hopphatfoods.com\/gioi-thieu\/#primaryimage","url":"http:\/\/hopphatfoods.com\/wp-content\/uploads\/2025\/01\/about3.jpg","contentUrl":"http:\/\/hopphatfoods.com\/wp-content\/uploads\/2025\/01\/about3.jpg"},{"@type":"BreadcrumbList","@id":"https:\/\/hopphatfoods.com\/gioi-thieu\/#breadcrumb","itemListElement":[{"@type":"ListItem","position":1,"name":"Trang ch\u1ee7","item":"https:\/\/hopphatfoods.com\/"},{"@type":"ListItem","position":2,"name":"Gi\u1edbi thi\u1ec7u"}]},{"@type":"WebSite","@id":"https:\/\/hopphatfoods.com\/#website","url":"https:\/\/hopphatfoods.com\/","name":"H\u1ee3p Ph\u00e1t Foods","description":"","publisher":{"@id":"https:\/\/hopphatfoods.com\/#organization"},"potentialAction":[{"@type":"SearchAction","target":{"@type":"EntryPoint","urlTemplate":"https:\/\/hopphatfoods.com\/?s={search_term_string}"},"query-input":{"@type":"PropertyValueSpecification","valueRequired":true,"valueName":"search_term_string"}}],"inLanguage":"en-US"},{"@type":"Organization","@id":"https:\/\/hopphatfoods.com\/#organization","name":"H\u1ee3p Ph\u00e1t Foods","url":"https:\/\/hopphatfoods.com\/","logo":{"@type":"ImageObject","inLanguage":"en-US","@id":"https:\/\/hopphatfoods.com\/#\/schema\/logo\/image\/","url":"https:\/\/hopphatfoods.com\/wp-content\/uploads\/2024\/12\/logo.png","contentUrl":"https:\/\/hopphatfoods.com\/wp-content\/uploads\/2024\/12\/logo.png","width":450,"height":124,"caption":"H\u1ee3p Ph\u00e1t Foods"},"image":{"@id":"https:\/\/hopphatfoods.com\/#\/schema\/logo\/image\/"}}]}},"_links":{"self":[{"href":"https:\/\/hopphatfoods.com\/en\/wp-json\/wp\/v2\/pages\/16","targetHints":{"allow":["GET"]}}],"collection":[{"href":"https:\/\/hopphatfoods.com\/en\/wp-json\/wp\/v2\/pages"}],"about":[{"href":"https:\/\/hopphatfoods.com\/en\/wp-json\/wp\/v2\/types\/page"}],"author":[{"embeddable":true,"href":"https:\/\/hopphatfoods.com\/en\/wp-json\/wp\/v2\/users\/1"}],"replies":[{"embeddable":true,"href":"https:\/\/hopphatfoods.com\/en\/wp-json\/wp\/v2\/comments?post=16"}],"version-history":[{"count":65,"href":"https:\/\/hopphatfoods.com\/en\/wp-json\/wp\/v2\/pages\/16\/revisions"}],"predecessor-version":[{"id":1457,"href":"https:\/\/hopphatfoods.com\/en\/wp-json\/wp\/v2\/pages\/16\/revisions\/1457"}],"wp:attachment":[{"href":"https:\/\/hopphatfoods.com\/en\/wp-json\/wp\/v2\/media?parent=16"}],"curies":[{"name":"wp","href":"https:\/\/api.w.org\/{rel}","templated":true}]}}